{"id":5160,"date":"2025-03-03T16:26:29","date_gmt":"2025-03-03T15:26:29","guid":{"rendered":"https:\/\/www.rsag-schweiz.ch\/services\/joints-de-chaussee\/joints-de-chaussee-materiau-synthetique\/"},"modified":"2025-08-07T13:52:03","modified_gmt":"2025-08-07T11:52:03","slug":"joints-de-chaussee-synthetiques","status":"publish","type":"page","link":"https:\/\/www.rsag-schweiz.ch\/fr\/services\/joints-de-chaussee\/joints-de-chaussee-synthetiques\/","title":{"rendered":"Joints de chauss\u00e9e <span class=\"titelzeile2\">synth\u00e9tiques<\/span>"},"content":{"rendered":"<div class=\"wpb-content-wrapper\"><p>[vc_row row_height_percent=\u00a0\u00bb0&Prime; override_padding=\u00a0\u00bbyes\u00a0\u00bb h_padding=\u00a0\u00bb2&Prime; top_padding=\u00a0\u00bb0&Prime; bottom_padding=\u00a0\u00bb3&Prime; overlay_alpha=\u00a0\u00bb50&Prime; gutter_size=\u00a0\u00bb3&Prime; column_width_percent=\u00a0\u00bb100&Prime; shift_y=\u00a0\u00bb0&Prime; z_index=\u00a0\u00bb5&Prime; inverted_device_order=\u00a0\u00bbyes\u00a0\u00bb content_parallax=\u00a0\u00bb0&Prime; uncode_shortcode_id=\u00a0\u00bb153844&Prime; el_class=\u00a0\u00bbfilialen-zeile\u00a0\u00bb][vc_column column_width_percent=\u00a0\u00bb100&Prime; position_horizontal=\u00a0\u00bbleft\u00a0\u00bb gutter_size=\u00a0\u00bb3&Prime; overlay_alpha=\u00a0\u00bb50&Prime; shift_x=\u00a0\u00bb0&Prime; shift_y=\u00a0\u00bb0&Prime; shift_y_down=\u00a0\u00bb0&Prime; z_index=\u00a0\u00bb0&Prime; medium_width=\u00a0\u00bb0&Prime; mobile_width=\u00a0\u00bb0&Prime; css_animation=\u00a0\u00bbbottom-t-top\u00a0\u00bb animation_delay=\u00a0\u00bb400&Prime; width=\u00a0\u00bb1\/3&Prime; uncode_shortcode_id=\u00a0\u00bb131609&Prime; el_class=\u00a0\u00bbfilialen-spalte\u00a0\u00bb][vc_column_text uncode_shortcode_id=\u00a0\u00bb706736&Prime;]<\/p>\n<h3>Contacts RSAG joints de chauss\u00e9e<\/h3>\n<p>[\/vc_column_text][vc_empty_space empty_h=\u00a0\u00bb2&Prime; desktop_visibility=\u00a0\u00bbyes\u00a0\u00bb el_class=\u00a0\u00bbspacer_8px\u00a0\u00bb][uncode_index el_id=\u00a0\u00bbindex-153841&Prime; index_type=\u00a0\u00bbcss_grid\u00a0\u00bb loop=\u00a0\u00bbsize:All|order_by:menu_order|order:ASC|post_type:page|tax_query:5|taxonomy_count:10&Prime; grid_items=\u00a0\u00bb2&Prime; screen_lg_items=\u00a0\u00bb2&Prime; screen_lg_breakpoint=\u00a0\u00bb1000&Prime; screen_md_items=\u00a0\u00bb1&Prime; screen_md_breakpoint=\u00a0\u00bb600&Prime; screen_sm_items=\u00a0\u00bb1&Prime; screen_sm_breakpoint=\u00a0\u00bb480&Prime; gutter_size=\u00a0\u00bb3&Prime; css_grid_v_align=\u00a0\u00bbmiddle\u00a0\u00bb css_grid_equal_height=\u00a0\u00bbyes\u00a0\u00bb css_grid_equal_height_bottom=\u00a0\u00bbyes\u00a0\u00bb page_items=\u00a0\u00bbmedia|featured|onpost|original,title,detail-163652,link|default|default_size|not_scale_mobile|default_width|default_outline\u00a0\u00bb single_overlay_opacity=\u00a0\u00bb50&Prime; single_text_visible=\u00a0\u00bbyes\u00a0\u00bb single_text_anim=\u00a0\u00bbno\u00a0\u00bb single_image_anim=\u00a0\u00bbno\u00a0\u00bb single_padding=\u00a0\u00bb2&Prime; single_title_semantic=\u00a0\u00bbp\u00a0\u00bb single_title_family=\u00a0\u00bbfont-490779&Prime; single_border=\u00a0\u00bbyes\u00a0\u00bb uncode_shortcode_id=\u00a0\u00bb817158&Prime; el_class=\u00a0\u00bbfilialen-link schmal\u00a0\u00bb][\/vc_column][vc_column column_width_percent=\u00a0\u00bb100&Prime; gutter_size=\u00a0\u00bb3&Prime; overlay_alpha=\u00a0\u00bb50&Prime; shift_x=\u00a0\u00bb0&Prime; shift_y=\u00a0\u00bb0&Prime; shift_y_down=\u00a0\u00bb0&Prime; z_index=\u00a0\u00bb0&Prime; medium_width=\u00a0\u00bb0&Prime; mobile_width=\u00a0\u00bb0&Prime; css_animation=\u00a0\u00bbbottom-t-top\u00a0\u00bb animation_speed=\u00a0\u00bb800&Prime; width=\u00a0\u00bb2\/3&Prime; uncode_shortcode_id=\u00a0\u00bb502869&Prime;][vc_column_text uncode_shortcode_id=\u00a0\u00bb168786&Prime;]Les syst\u00e8mes sans joints RESA-JOINT<sup>\u00ae<\/sup> FLEX et SILENT-JOINT<sup>RESA<\/sup> FLEX<sup>\u00ae<\/sup> en polym\u00e8re haute performance (HLP) se caract\u00e9risent par une grande stabilit\u00e9 et de faibles forces de rappel.<\/p>\n<p><strong>Vos avantages<\/strong><\/p>\n<ul>\n<li>syst\u00e8me sans joints<\/li>\n<li>silencieux<\/li>\n<li>absorbe les mouvements \u00e9lev\u00e9s<\/li>\n<li>dur\u00e9e de vie \u00e9lev\u00e9e<\/li>\n<li>temps d&rsquo;installation court<\/li>\n<li>installation ind\u00e9pendante de la longueur<\/li>\n<li>Installation \u00e0 froid, pas de poussi\u00e8re ni de fum\u00e9e<\/li>\n<\/ul>\n<p>[\/vc_column_text][vc_gallery el_id=\u00a0\u00bbgallery-109186&Prime; type=\u00a0\u00bbjustified\u00a0\u00bb medias=\u00a0\u00bb3722,3650,3634,3638,4832,4856,4860&Prime; justify_row_height=\u00a0\u00bb250&Prime; gutter_size=\u00a0\u00bb2&Prime; single_overlay_opacity=\u00a0\u00bb50&Prime; single_padding=\u00a0\u00bb2&Prime; no_double_tap=\u00a0\u00bbyes\u00a0\u00bb uncode_shortcode_id=\u00a0\u00bb169501&Prime;][\/vc_column][\/vc_row][vc_row row_height_percent=\u00a0\u00bb0&Prime; override_padding=\u00a0\u00bbyes\u00a0\u00bb h_padding=\u00a0\u00bb2&Prime; top_padding=\u00a0\u00bb0&Prime; bottom_padding=\u00a0\u00bb6&Prime; overlay_alpha=\u00a0\u00bb50&Prime; equal_height=\u00a0\u00bbjustify\u00a0\u00bb gutter_size=\u00a0\u00bb3&Prime; column_width_percent=\u00a0\u00bb100&Prime; shift_y=\u00a0\u00bb0&Prime; z_index=\u00a0\u00bb5&Prime; content_parallax=\u00a0\u00bb0&Prime; uncode_shortcode_id=\u00a0\u00bb651811&Prime; el_class=\u00a0\u00bbfilialen-zeile\u00a0\u00bb][vc_column column_width_percent=\u00a0\u00bb100&Prime; position_horizontal=\u00a0\u00bbleft\u00a0\u00bb gutter_size=\u00a0\u00bb3&Prime; overlay_alpha=\u00a0\u00bb50&Prime; shift_x=\u00a0\u00bb0&Prime; shift_y=\u00a0\u00bb0&Prime; shift_y_down=\u00a0\u00bb0&Prime; z_index=\u00a0\u00bb0&Prime; medium_width=\u00a0\u00bb0&Prime; mobile_width=\u00a0\u00bb0&Prime; css_animation=\u00a0\u00bbbottom-t-top\u00a0\u00bb width=\u00a0\u00bb1\/3&Prime; uncode_shortcode_id=\u00a0\u00bb471487&Prime;][vc_column_text uncode_shortcode_id=\u00a0\u00bb383435&Prime;]<\/p>\n<h3>T\u00e9l\u00e9chargements<\/h3>\n<p>[\/vc_column_text][vc_empty_space empty_h=\u00a0\u00bb2&Prime; desktop_visibility=\u00a0\u00bbyes\u00a0\u00bb el_class=\u00a0\u00bbspacer_8px\u00a0\u00bb][\/vc_column][vc_column width=\u00a0\u00bb2\/3&Prime;][vc_row_inner row_inner_height_percent=\u00a0\u00bb0&Prime; overlay_alpha=\u00a0\u00bb50&Prime; equal_height=\u00a0\u00bbyes\u00a0\u00bb gutter_size=\u00a0\u00bb0&Prime; border_color=\u00a0\u00bbcolor-357110&Prime; border_style=\u00a0\u00bbsolid\u00a0\u00bb shift_y=\u00a0\u00bb0&Prime; z_index=\u00a0\u00bb0&Prime; uncode_shortcode_id=\u00a0\u00bb181755&Prime; css=\u00a0\u00bb.vc_custom_1750849162749{margin-top: 0px !important;border-top-width: 1px !important;border-bottom-width: 1px !important;}\u00a0\u00bb border_color_type=\u00a0\u00bbuncode-palette\u00a0\u00bb el_class=\u00a0\u00bbdownloadzeile hide\u00a0\u00bb][vc_column_inner column_width_percent=\u00a0\u00bb100&Prime; position_vertical=\u00a0\u00bbmiddle\u00a0\u00bb gutter_size=\u00a0\u00bb3&Prime; overlay_alpha=\u00a0\u00bb50&Prime; shift_x=\u00a0\u00bb0&Prime; shift_y=\u00a0\u00bb0&Prime; shift_y_down=\u00a0\u00bb0&Prime; z_index=\u00a0\u00bb0&Prime; medium_width=\u00a0\u00bb4&Prime; mobile_width=\u00a0\u00bb4&Prime; width=\u00a0\u00bb3\/6&Prime; uncode_shortcode_id=\u00a0\u00bb197332&Prime; el_class=\u00a0\u00bbspalte_1&Prime;][vc_empty_space empty_h=\u00a0\u00bb0&Prime; desktop_visibility=\u00a0\u00bbyes\u00a0\u00bb medium_visibility=\u00a0\u00bbyes\u00a0\u00bb el_class=\u00a0\u00bbdownloadspacer\u00a0\u00bb][vc_column_text text_lead=\u00a0\u00bbyes\u00a0\u00bb uncode_shortcode_id=\u00a0\u00bb144775&Prime;]Brochure joints de chauss\u00e9e[\/vc_column_text][\/vc_column_inner][vc_column_inner column_width_percent=\u00a0\u00bb100&Prime; position_vertical=\u00a0\u00bbmiddle\u00a0\u00bb align_horizontal=\u00a0\u00bbalign_right\u00a0\u00bb gutter_size=\u00a0\u00bb3&Prime; overlay_alpha=\u00a0\u00bb50&Prime; shift_x=\u00a0\u00bb0&Prime; shift_y=\u00a0\u00bb0&Prime; shift_y_down=\u00a0\u00bb0&Prime; z_index=\u00a0\u00bb0&Prime; medium_width=\u00a0\u00bb1&Prime; mobile_width=\u00a0\u00bb1&Prime; width=\u00a0\u00bb1\/6&Prime; uncode_shortcode_id=\u00a0\u00bb142140&Prime; el_class=\u00a0\u00bbspalte_2&Prime;][vc_column_text uncode_shortcode_id=\u00a0\u00bb769876&Prime;]PDF (2 MO)[\/vc_column_text][\/vc_column_inner][vc_column_inner column_width_percent=\u00a0\u00bb100&Prime; position_vertical=\u00a0\u00bbmiddle\u00a0\u00bb align_horizontal=\u00a0\u00bbalign_right\u00a0\u00bb gutter_size=\u00a0\u00bb3&Prime; overlay_alpha=\u00a0\u00bb50&Prime; shift_x=\u00a0\u00bb0&Prime; shift_y=\u00a0\u00bb0&Prime; shift_y_down=\u00a0\u00bb0&Prime; z_index=\u00a0\u00bb0&Prime; medium_width=\u00a0\u00bb1&Prime; mobile_width=\u00a0\u00bb1&Prime; width=\u00a0\u00bb2\/6&Prime; uncode_shortcode_id=\u00a0\u00bb176534&Prime; el_class=\u00a0\u00bbspalte_3&Prime;][vc_column_text uncode_shortcode_id=\u00a0\u00bb362327&Prime; el_class=\u00a0\u00bbdownloadbutton\u00a0\u00bb]<a href=\"https:\/\/www.rsag-schweiz.ch\/wp-content\/uploads\/2025\/02\/RSAG_02_Fahrbahnuebergaenge-1.pdf\" target=\"_blank\" rel=\"noopener\">T\u00e9l\u00e9charger<\/a>[\/vc_column_text][\/vc_column_inner][\/vc_row_inner][vc_row_inner row_inner_height_percent=\u00a0\u00bb0&Prime; overlay_alpha=\u00a0\u00bb50&Prime; equal_height=\u00a0\u00bbyes\u00a0\u00bb gutter_size=\u00a0\u00bb0&Prime; border_color=\u00a0\u00bbcolor-357110&Prime; border_style=\u00a0\u00bbsolid\u00a0\u00bb shift_y=\u00a0\u00bb0&Prime; z_index=\u00a0\u00bb0&Prime; uncode_shortcode_id=\u00a0\u00bb199019&Prime; css=\u00a0\u00bb.vc_custom_1754567518768{margin-top: 0px !important;border-top-width: 1px !important;border-bottom-width: 1px !important;}\u00a0\u00bb border_color_type=\u00a0\u00bbuncode-palette\u00a0\u00bb el_class=\u00a0\u00bbdownloadzeile\u00a0\u00bb][vc_column_inner column_width_percent=\u00a0\u00bb100&Prime; position_vertical=\u00a0\u00bbmiddle\u00a0\u00bb gutter_size=\u00a0\u00bb3&Prime; overlay_alpha=\u00a0\u00bb50&Prime; shift_x=\u00a0\u00bb0&Prime; shift_y=\u00a0\u00bb0&Prime; shift_y_down=\u00a0\u00bb0&Prime; z_index=\u00a0\u00bb0&Prime; medium_width=\u00a0\u00bb4&Prime; mobile_width=\u00a0\u00bb4&Prime; width=\u00a0\u00bb3\/6&Prime; uncode_shortcode_id=\u00a0\u00bb197332&Prime; el_class=\u00a0\u00bbspalte_1&Prime;][vc_column_text text_lead=\u00a0\u00bbyes\u00a0\u00bb uncode_shortcode_id=\u00a0\u00bb114350&Prime;]Fiche technique RESA-JOINT<sup>\u00ae <\/sup>FLEX[\/vc_column_text][\/vc_column_inner][vc_column_inner column_width_percent=\u00a0\u00bb100&Prime; position_vertical=\u00a0\u00bbmiddle\u00a0\u00bb align_horizontal=\u00a0\u00bbalign_right\u00a0\u00bb gutter_size=\u00a0\u00bb3&Prime; overlay_alpha=\u00a0\u00bb50&Prime; shift_x=\u00a0\u00bb0&Prime; shift_y=\u00a0\u00bb0&Prime; shift_y_down=\u00a0\u00bb0&Prime; z_index=\u00a0\u00bb0&Prime; medium_width=\u00a0\u00bb1&Prime; mobile_width=\u00a0\u00bb1&Prime; width=\u00a0\u00bb1\/6&Prime; uncode_shortcode_id=\u00a0\u00bb142140&Prime; el_class=\u00a0\u00bbspalte_2&Prime;][vc_column_text uncode_shortcode_id=\u00a0\u00bb160472&Prime;]PDF (1 MO)[\/vc_column_text][\/vc_column_inner][vc_column_inner column_width_percent=\u00a0\u00bb100&Prime; position_vertical=\u00a0\u00bbmiddle\u00a0\u00bb align_horizontal=\u00a0\u00bbalign_right\u00a0\u00bb gutter_size=\u00a0\u00bb3&Prime; overlay_alpha=\u00a0\u00bb50&Prime; shift_x=\u00a0\u00bb0&Prime; shift_y=\u00a0\u00bb0&Prime; shift_y_down=\u00a0\u00bb0&Prime; z_index=\u00a0\u00bb0&Prime; medium_width=\u00a0\u00bb1&Prime; mobile_width=\u00a0\u00bb1&Prime; width=\u00a0\u00bb2\/6&Prime; uncode_shortcode_id=\u00a0\u00bb176534&Prime; el_class=\u00a0\u00bbspalte_3&Prime;][vc_column_text uncode_shortcode_id=\u00a0\u00bb177396&Prime; el_class=\u00a0\u00bbdownloadbutton\u00a0\u00bb]<a href=\"https:\/\/www.rsag-schweiz.ch\/wp-content\/uploads\/2025\/06\/RSAG_06_ResaJoint_Synthetique_ES.pdf\" target=\"_blank\" rel=\"noopener\">T\u00e9l\u00e9charger<\/a>[\/vc_column_text][\/vc_column_inner][\/vc_row_inner][vc_row_inner row_inner_height_percent=\u00a0\u00bb0&Prime; overlay_alpha=\u00a0\u00bb50&Prime; equal_height=\u00a0\u00bbyes\u00a0\u00bb gutter_size=\u00a0\u00bb0&Prime; border_color=\u00a0\u00bbcolor-357110&Prime; border_style=\u00a0\u00bbsolid\u00a0\u00bb shift_y=\u00a0\u00bb0&Prime; z_index=\u00a0\u00bb0&Prime; uncode_shortcode_id=\u00a0\u00bb152096&Prime; css=\u00a0\u00bb.vc_custom_1743406832548{margin-top: 0px !important;border-bottom-width: 1px !important;}\u00a0\u00bb border_color_type=\u00a0\u00bbuncode-palette\u00a0\u00bb el_class=\u00a0\u00bbdownloadzeile\u00a0\u00bb][vc_column_inner column_width_percent=\u00a0\u00bb100&Prime; position_vertical=\u00a0\u00bbmiddle\u00a0\u00bb gutter_size=\u00a0\u00bb3&Prime; overlay_alpha=\u00a0\u00bb50&Prime; shift_x=\u00a0\u00bb0&Prime; shift_y=\u00a0\u00bb0&Prime; shift_y_down=\u00a0\u00bb0&Prime; z_index=\u00a0\u00bb0&Prime; medium_width=\u00a0\u00bb4&Prime; mobile_width=\u00a0\u00bb4&Prime; width=\u00a0\u00bb3\/6&Prime; uncode_shortcode_id=\u00a0\u00bb197332&Prime; el_class=\u00a0\u00bbspalte_1&Prime;][vc_column_text text_lead=\u00a0\u00bbyes\u00a0\u00bb uncode_shortcode_id=\u00a0\u00bb775713&Prime;]Fiche technique SILENT-JOINT<sup>RESA <\/sup>FLEX<sup>\u00ae<\/sup>[\/vc_column_text][\/vc_column_inner][vc_column_inner column_width_percent=\u00a0\u00bb100&Prime; position_vertical=\u00a0\u00bbmiddle\u00a0\u00bb align_horizontal=\u00a0\u00bbalign_right\u00a0\u00bb gutter_size=\u00a0\u00bb3&Prime; overlay_alpha=\u00a0\u00bb50&Prime; shift_x=\u00a0\u00bb0&Prime; shift_y=\u00a0\u00bb0&Prime; shift_y_down=\u00a0\u00bb0&Prime; z_index=\u00a0\u00bb0&Prime; medium_width=\u00a0\u00bb1&Prime; mobile_width=\u00a0\u00bb1&Prime; width=\u00a0\u00bb1\/6&Prime; uncode_shortcode_id=\u00a0\u00bb142140&Prime; el_class=\u00a0\u00bbspalte_2&Prime;][vc_column_text uncode_shortcode_id=\u00a0\u00bb192069&Prime;]PDF (1 MO)[\/vc_column_text][\/vc_column_inner][vc_column_inner column_width_percent=\u00a0\u00bb100&Prime; position_vertical=\u00a0\u00bbmiddle\u00a0\u00bb align_horizontal=\u00a0\u00bbalign_right\u00a0\u00bb gutter_size=\u00a0\u00bb3&Prime; overlay_alpha=\u00a0\u00bb50&Prime; shift_x=\u00a0\u00bb0&Prime; shift_y=\u00a0\u00bb0&Prime; shift_y_down=\u00a0\u00bb0&Prime; z_index=\u00a0\u00bb0&Prime; medium_width=\u00a0\u00bb1&Prime; mobile_width=\u00a0\u00bb1&Prime; width=\u00a0\u00bb2\/6&Prime; uncode_shortcode_id=\u00a0\u00bb176534&Prime; el_class=\u00a0\u00bbspalte_3&Prime;][vc_column_text uncode_shortcode_id=\u00a0\u00bb113058&Prime; el_class=\u00a0\u00bbdownloadbutton\u00a0\u00bb]<a href=\"https:\/\/www.rsag-schweiz.ch\/wp-content\/uploads\/2025\/06\/RSAG_08_SilentJoint_Synthetique_ES.pdf\" target=\"_blank\" rel=\"noopener\">T\u00e9l\u00e9charger<\/a>[\/vc_column_text][\/vc_column_inner][\/vc_row_inner][\/vc_column][\/vc_row]<\/p>\n<\/div>","protected":false},"excerpt":{"rendered":"<p>[vc_row row_height_percent=\u00a0\u00bb0&Prime; override_padding=\u00a0\u00bbyes\u00a0\u00bb h_padding=\u00a0\u00bb2&Prime; top_padding=\u00a0\u00bb0&Prime; bottom_padding=\u00a0\u00bb3&Prime; overlay_alpha=\u00a0\u00bb50&Prime; gutter_size=\u00a0\u00bb3&Prime; column_width_percent=\u00a0\u00bb100&Prime; shift_y=\u00a0\u00bb0&Prime; z_index=\u00a0\u00bb5&Prime; inverted_device_order=\u00a0\u00bbyes\u00a0\u00bb content_parallax=\u00a0\u00bb0&Prime; uncode_shortcode_id=\u00a0\u00bb153844&Prime; el_class=\u00a0\u00bbfilialen-zeile\u00a0\u00bb][vc_column column_width_percent=\u00a0\u00bb100&Prime; position_horizontal=\u00a0\u00bbleft\u00a0\u00bb gutter_size=\u00a0\u00bb3&Prime; overlay_alpha=\u00a0\u00bb50&Prime; shift_x=\u00a0\u00bb0&Prime; [&hellip;]<\/p>\n","protected":false},"author":4,"featured_media":0,"parent":5144,"menu_order":17,"comment_status":"closed","ping_status":"closed","template":"","meta":{"footnotes":""},"class_list":["post-5160","page","type-page","status-publish","hentry"],"yoast_head":"<!-- This site is optimized with the Yoast SEO plugin v27.4 - https:\/\/yoast.com\/product\/yoast-seo-wordpress\/ -->\n<title>Joints de chauss\u00e9e synth\u00e9tiques &#8211; RSAG Suisse<\/title>\n<meta name=\"description\" content=\"Les syst\u00e8mes sans joints RESA-JOINT\u00ae FLEX et SILENT-JOINTRESA FLEX\u00ae en polym\u00e8re haute performance (HLP) se caract\u00e9risent par une grande stabilit\u00e9 et de faibles forces de rappel.\" \/>\n<meta name=\"robots\" content=\"index, follow, max-snippet:-1, max-image-preview:large, max-video-preview:-1\" \/>\n<link rel=\"canonical\" href=\"https:\/\/www.rsag-schweiz.ch\/fr\/services\/joints-de-chaussee\/joints-de-chaussee-synthetiques\/\" \/>\n<meta property=\"og:locale\" content=\"fr_FR\" \/>\n<meta property=\"og:type\" content=\"article\" \/>\n<meta property=\"og:title\" content=\"Joints de chauss\u00e9e synth\u00e9tiques &#8211; RSAG Suisse\" \/>\n<meta property=\"og:description\" content=\"Les syst\u00e8mes sans joints RESA-JOINT\u00ae FLEX et SILENT-JOINTRESA FLEX\u00ae en polym\u00e8re haute performance (HLP) se caract\u00e9risent par une grande stabilit\u00e9 et de faibles forces de rappel.\" \/>\n<meta property=\"og:url\" content=\"https:\/\/www.rsag-schweiz.ch\/fr\/services\/joints-de-chaussee\/joints-de-chaussee-synthetiques\/\" \/>\n<meta property=\"og:site_name\" content=\"RSAG Suisse\" \/>\n<meta property=\"article:modified_time\" content=\"2025-08-07T11:52:03+00:00\" \/>\n<meta name=\"twitter:card\" content=\"summary_large_image\" \/>\n<meta name=\"twitter:label1\" content=\"Dur\u00e9e de lecture estim\u00e9e\" \/>\n\t<meta name=\"twitter:data1\" content=\"3 minutes\" \/>\n<script type=\"application\/ld+json\" class=\"yoast-schema-graph\">{\"@context\":\"https:\\\/\\\/schema.org\",\"@graph\":[{\"@type\":\"WebPage\",\"@id\":\"https:\\\/\\\/www.rsag-schweiz.ch\\\/fr\\\/services\\\/joints-de-chaussee\\\/joints-de-chaussee-synthetiques\\\/\",\"url\":\"https:\\\/\\\/www.rsag-schweiz.ch\\\/fr\\\/services\\\/joints-de-chaussee\\\/joints-de-chaussee-synthetiques\\\/\",\"name\":\"Joints de chauss\u00e9e synth\u00e9tiques &#8211; RSAG Suisse\",\"isPartOf\":{\"@id\":\"https:\\\/\\\/www.rsag-schweiz.ch\\\/fr\\\/#website\"},\"datePublished\":\"2025-03-03T15:26:29+00:00\",\"dateModified\":\"2025-08-07T11:52:03+00:00\",\"description\":\"Les syst\u00e8mes sans joints RESA-JOINT\u00ae FLEX et SILENT-JOINTRESA FLEX\u00ae en polym\u00e8re haute performance (HLP) se caract\u00e9risent par une grande stabilit\u00e9 et de faibles forces de rappel.\",\"breadcrumb\":{\"@id\":\"https:\\\/\\\/www.rsag-schweiz.ch\\\/fr\\\/services\\\/joints-de-chaussee\\\/joints-de-chaussee-synthetiques\\\/#breadcrumb\"},\"inLanguage\":\"fr-FR\",\"potentialAction\":[{\"@type\":\"ReadAction\",\"target\":[\"https:\\\/\\\/www.rsag-schweiz.ch\\\/fr\\\/services\\\/joints-de-chaussee\\\/joints-de-chaussee-synthetiques\\\/\"]}]},{\"@type\":\"BreadcrumbList\",\"@id\":\"https:\\\/\\\/www.rsag-schweiz.ch\\\/fr\\\/services\\\/joints-de-chaussee\\\/joints-de-chaussee-synthetiques\\\/#breadcrumb\",\"itemListElement\":[{\"@type\":\"ListItem\",\"position\":1,\"name\":\"Startseite\",\"item\":\"https:\\\/\\\/www.rsag-schweiz.ch\\\/fr\\\/rsag-fr\\\/\"},{\"@type\":\"ListItem\",\"position\":2,\"name\":\"Services\",\"item\":\"https:\\\/\\\/www.rsag-schweiz.ch\\\/fr\\\/services\\\/\"},{\"@type\":\"ListItem\",\"position\":3,\"name\":\"Joints de chauss\u00e9e\",\"item\":\"https:\\\/\\\/www.rsag-schweiz.ch\\\/fr\\\/services\\\/joints-de-chaussee\\\/\"},{\"@type\":\"ListItem\",\"position\":4,\"name\":\"Joints de chauss\u00e9e synth\u00e9tiques\"}]},{\"@type\":\"WebSite\",\"@id\":\"https:\\\/\\\/www.rsag-schweiz.ch\\\/fr\\\/#website\",\"url\":\"https:\\\/\\\/www.rsag-schweiz.ch\\\/fr\\\/\",\"name\":\"RSAG Schweiz\",\"description\":\"Reparatur- und Sanierungstechnik\",\"publisher\":{\"@id\":\"https:\\\/\\\/www.rsag-schweiz.ch\\\/fr\\\/#organization\"},\"alternateName\":\"RSAG\",\"potentialAction\":[{\"@type\":\"SearchAction\",\"target\":{\"@type\":\"EntryPoint\",\"urlTemplate\":\"https:\\\/\\\/www.rsag-schweiz.ch\\\/fr\\\/?s={search_term_string}\"},\"query-input\":{\"@type\":\"PropertyValueSpecification\",\"valueRequired\":true,\"valueName\":\"search_term_string\"}}],\"inLanguage\":\"fr-FR\"},{\"@type\":\"Organization\",\"@id\":\"https:\\\/\\\/www.rsag-schweiz.ch\\\/fr\\\/#organization\",\"name\":\"RSAG Nord AG\",\"url\":\"https:\\\/\\\/www.rsag-schweiz.ch\\\/fr\\\/\",\"logo\":{\"@type\":\"ImageObject\",\"inLanguage\":\"fr-FR\",\"@id\":\"https:\\\/\\\/www.rsag-schweiz.ch\\\/fr\\\/#\\\/schema\\\/logo\\\/image\\\/\",\"url\":\"https:\\\/\\\/www.rsag-schweiz.ch\\\/wp-content\\\/uploads\\\/2024\\\/10\\\/logo_rsag_favicon.png\",\"contentUrl\":\"https:\\\/\\\/www.rsag-schweiz.ch\\\/wp-content\\\/uploads\\\/2024\\\/10\\\/logo_rsag_favicon.png\",\"width\":512,\"height\":513,\"caption\":\"RSAG Nord AG\"},\"image\":{\"@id\":\"https:\\\/\\\/www.rsag-schweiz.ch\\\/fr\\\/#\\\/schema\\\/logo\\\/image\\\/\"}}]}<\/script>\n<!-- \/ Yoast SEO plugin. -->","yoast_head_json":{"title":"Joints de chauss\u00e9e synth\u00e9tiques &#8211; RSAG Suisse","description":"Les syst\u00e8mes sans joints RESA-JOINT\u00ae FLEX et SILENT-JOINTRESA FLEX\u00ae en polym\u00e8re haute performance (HLP) se caract\u00e9risent par une grande stabilit\u00e9 et de faibles forces de rappel.","robots":{"index":"index","follow":"follow","max-snippet":"max-snippet:-1","max-image-preview":"max-image-preview:large","max-video-preview":"max-video-preview:-1"},"canonical":"https:\/\/www.rsag-schweiz.ch\/fr\/services\/joints-de-chaussee\/joints-de-chaussee-synthetiques\/","og_locale":"fr_FR","og_type":"article","og_title":"Joints de chauss\u00e9e synth\u00e9tiques &#8211; RSAG Suisse","og_description":"Les syst\u00e8mes sans joints RESA-JOINT\u00ae FLEX et SILENT-JOINTRESA FLEX\u00ae en polym\u00e8re haute performance (HLP) se caract\u00e9risent par une grande stabilit\u00e9 et de faibles forces de rappel.","og_url":"https:\/\/www.rsag-schweiz.ch\/fr\/services\/joints-de-chaussee\/joints-de-chaussee-synthetiques\/","og_site_name":"RSAG Suisse","article_modified_time":"2025-08-07T11:52:03+00:00","twitter_card":"summary_large_image","twitter_misc":{"Dur\u00e9e de lecture estim\u00e9e":"3 minutes"},"schema":{"@context":"https:\/\/schema.org","@graph":[{"@type":"WebPage","@id":"https:\/\/www.rsag-schweiz.ch\/fr\/services\/joints-de-chaussee\/joints-de-chaussee-synthetiques\/","url":"https:\/\/www.rsag-schweiz.ch\/fr\/services\/joints-de-chaussee\/joints-de-chaussee-synthetiques\/","name":"Joints de chauss\u00e9e synth\u00e9tiques &#8211; RSAG Suisse","isPartOf":{"@id":"https:\/\/www.rsag-schweiz.ch\/fr\/#website"},"datePublished":"2025-03-03T15:26:29+00:00","dateModified":"2025-08-07T11:52:03+00:00","description":"Les syst\u00e8mes sans joints RESA-JOINT\u00ae FLEX et SILENT-JOINTRESA FLEX\u00ae en polym\u00e8re haute performance (HLP) se caract\u00e9risent par une grande stabilit\u00e9 et de faibles forces de rappel.","breadcrumb":{"@id":"https:\/\/www.rsag-schweiz.ch\/fr\/services\/joints-de-chaussee\/joints-de-chaussee-synthetiques\/#breadcrumb"},"inLanguage":"fr-FR","potentialAction":[{"@type":"ReadAction","target":["https:\/\/www.rsag-schweiz.ch\/fr\/services\/joints-de-chaussee\/joints-de-chaussee-synthetiques\/"]}]},{"@type":"BreadcrumbList","@id":"https:\/\/www.rsag-schweiz.ch\/fr\/services\/joints-de-chaussee\/joints-de-chaussee-synthetiques\/#breadcrumb","itemListElement":[{"@type":"ListItem","position":1,"name":"Startseite","item":"https:\/\/www.rsag-schweiz.ch\/fr\/rsag-fr\/"},{"@type":"ListItem","position":2,"name":"Services","item":"https:\/\/www.rsag-schweiz.ch\/fr\/services\/"},{"@type":"ListItem","position":3,"name":"Joints de chauss\u00e9e","item":"https:\/\/www.rsag-schweiz.ch\/fr\/services\/joints-de-chaussee\/"},{"@type":"ListItem","position":4,"name":"Joints de chauss\u00e9e synth\u00e9tiques"}]},{"@type":"WebSite","@id":"https:\/\/www.rsag-schweiz.ch\/fr\/#website","url":"https:\/\/www.rsag-schweiz.ch\/fr\/","name":"RSAG Schweiz","description":"Reparatur- und Sanierungstechnik","publisher":{"@id":"https:\/\/www.rsag-schweiz.ch\/fr\/#organization"},"alternateName":"RSAG","potentialAction":[{"@type":"SearchAction","target":{"@type":"EntryPoint","urlTemplate":"https:\/\/www.rsag-schweiz.ch\/fr\/?s={search_term_string}"},"query-input":{"@type":"PropertyValueSpecification","valueRequired":true,"valueName":"search_term_string"}}],"inLanguage":"fr-FR"},{"@type":"Organization","@id":"https:\/\/www.rsag-schweiz.ch\/fr\/#organization","name":"RSAG Nord AG","url":"https:\/\/www.rsag-schweiz.ch\/fr\/","logo":{"@type":"ImageObject","inLanguage":"fr-FR","@id":"https:\/\/www.rsag-schweiz.ch\/fr\/#\/schema\/logo\/image\/","url":"https:\/\/www.rsag-schweiz.ch\/wp-content\/uploads\/2024\/10\/logo_rsag_favicon.png","contentUrl":"https:\/\/www.rsag-schweiz.ch\/wp-content\/uploads\/2024\/10\/logo_rsag_favicon.png","width":512,"height":513,"caption":"RSAG Nord AG"},"image":{"@id":"https:\/\/www.rsag-schweiz.ch\/fr\/#\/schema\/logo\/image\/"}}]}},"_links":{"self":[{"href":"https:\/\/www.rsag-schweiz.ch\/fr\/wp-json\/wp\/v2\/pages\/5160","targetHints":{"allow":["GET"]}}],"collection":[{"href":"https:\/\/www.rsag-schweiz.ch\/fr\/wp-json\/wp\/v2\/pages"}],"about":[{"href":"https:\/\/www.rsag-schweiz.ch\/fr\/wp-json\/wp\/v2\/types\/page"}],"author":[{"embeddable":true,"href":"https:\/\/www.rsag-schweiz.ch\/fr\/wp-json\/wp\/v2\/users\/4"}],"replies":[{"embeddable":true,"href":"https:\/\/www.rsag-schweiz.ch\/fr\/wp-json\/wp\/v2\/comments?post=5160"}],"version-history":[{"count":13,"href":"https:\/\/www.rsag-schweiz.ch\/fr\/wp-json\/wp\/v2\/pages\/5160\/revisions"}],"predecessor-version":[{"id":6668,"href":"https:\/\/www.rsag-schweiz.ch\/fr\/wp-json\/wp\/v2\/pages\/5160\/revisions\/6668"}],"up":[{"embeddable":true,"href":"https:\/\/www.rsag-schweiz.ch\/fr\/wp-json\/wp\/v2\/pages\/5144"}],"wp:attachment":[{"href":"https:\/\/www.rsag-schweiz.ch\/fr\/wp-json\/wp\/v2\/media?parent=5160"}],"curies":[{"name":"wp","href":"https:\/\/api.w.org\/{rel}","templated":true}]}}