{"id":5205,"date":"2024-11-27T13:59:38","date_gmt":"2024-11-27T12:59:38","guid":{"rendered":"https:\/\/www.rsag-schweiz.ch\/services\/technique-de-jointoiement\/"},"modified":"2025-10-07T16:24:31","modified_gmt":"2025-10-07T14:24:31","slug":"technique-de-joints","status":"publish","type":"page","link":"https:\/\/www.rsag-schweiz.ch\/fr\/services\/technique-de-joints\/","title":{"rendered":"Technique de joints"},"content":{"rendered":"<div class=\"wpb-content-wrapper\"><p>[vc_row row_height_percent=\u00a0\u00bb0&Prime; override_padding=\u00a0\u00bbyes\u00a0\u00bb h_padding=\u00a0\u00bb2&Prime; top_padding=\u00a0\u00bb0&Prime; bottom_padding=\u00a0\u00bb3&Prime; overlay_alpha=\u00a0\u00bb50&Prime; gutter_size=\u00a0\u00bb3&Prime; column_width_percent=\u00a0\u00bb100&Prime; shift_y=\u00a0\u00bb0&Prime; z_index=\u00a0\u00bb0&Prime; content_parallax=\u00a0\u00bb0&Prime; uncode_shortcode_id=\u00a0\u00bb345382&Prime;][vc_column column_width_percent=\u00a0\u00bb66&Prime; position_horizontal=\u00a0\u00bbleft\u00a0\u00bb gutter_size=\u00a0\u00bb3&Prime; overlay_alpha=\u00a0\u00bb50&Prime; shift_x=\u00a0\u00bb0&Prime; shift_y=\u00a0\u00bb0&Prime; shift_y_down=\u00a0\u00bb0&Prime; z_index=\u00a0\u00bb0&Prime; medium_width=\u00a0\u00bb0&Prime; mobile_width=\u00a0\u00bb0&Prime; css_animation=\u00a0\u00bbbottom-t-top\u00a0\u00bb width=\u00a0\u00bb4\/12&Prime; uncode_shortcode_id=\u00a0\u00bb198643&Prime;][vc_column_text uncode_shortcode_id=\u00a0\u00bb148229&Prime;]<\/p>\n<h1>Technique de joints<\/h1>\n<p>[\/vc_column_text][vc_empty_space empty_h=\u00a0\u00bb2&Prime; desktop_visibility=\u00a0\u00bbyes\u00a0\u00bb el_class=\u00a0\u00bbspacer_titel_text\u00a0\u00bb][\/vc_column][vc_column column_width_percent=\u00a0\u00bb100&Prime; gutter_size=\u00a0\u00bb3&Prime; overlay_alpha=\u00a0\u00bb50&Prime; shift_x=\u00a0\u00bb0&Prime; shift_y=\u00a0\u00bb0&Prime; shift_y_down=\u00a0\u00bb0&Prime; z_index=\u00a0\u00bb0&Prime; medium_width=\u00a0\u00bb0&Prime; mobile_width=\u00a0\u00bb0&Prime; css_animation=\u00a0\u00bbbottom-t-top\u00a0\u00bb animation_delay=\u00a0\u00bb200&Prime; width=\u00a0\u00bb8\/12&Prime; uncode_shortcode_id=\u00a0\u00bb209116&Prime; el_class=\u00a0\u00bbmobilezeilenkorrektur\u00a0\u00bb][vc_column_text uncode_shortcode_id=\u00a0\u00bb608899&Prime;]<\/p>\n<p data-start=\"183\" data-end=\"356\">Les joints sont essentiels pour la durabilit\u00e9 et la s\u00e9curit\u00e9 des surfaces de circulation, des ouvrages d&rsquo;art et des installations industrielles. En tant que partenaire leader dans la construction et la r\u00e9novation de joints, nous proposons une technique de joints innovante avec nos syst\u00e8mes \u00e9prouv\u00e9s RESA-Joints, RESA-Flex et joints synth\u00e9tiques.<\/p>\n<p><strong>Quand il s&rsquo;agit de joints, nous nous mettons en route:<\/strong><\/p>\n<ul>\n<li>asphalte, b\u00e9ton, acier: joints de raccord sur asphalte roul\u00e9 ou coul\u00e9, dalles en b\u00e9ton et \u00e9l\u00e9ments m\u00e9talliques<\/li>\n<li>routes et surfaces de circulation: joints de travail, transversaux et longitudinaux pour ronds-points, arr\u00eats de bus, stations-service, parkings et a\u00e9rodromes<\/li>\n<li>ouvrages d&rsquo;art et ponts: joints de bordure<\/li>\n<li>solutions sp\u00e9ciales: joints de voies ferr\u00e9es et de rails, joints dans les pavages de surface, encastrement de caniveaux (de drainage), joints pour sols industriels<\/li>\n<\/ul>\n<p data-start=\"1020\" data-end=\"1246\">Gr\u00e2ce \u00e0 des d\u00e9cennies d&rsquo;exp\u00e9rience, des mat\u00e9riaux de qualit\u00e9 et des proc\u00e9d\u00e9s durables, nous proposons des solutions sur mesure pour des joints \u00e9tanches, \u00e9lastiques et r\u00e9sistants.<\/p>\n<p>[\/vc_column_text][vc_empty_space empty_h=\u00a0\u00bb2&Prime; desktop_visibility=\u00a0\u00bbyes\u00a0\u00bb][\/vc_column][\/vc_row][vc_row row_height_percent=\u00a0\u00bb0&Prime; override_padding=\u00a0\u00bbyes\u00a0\u00bb h_padding=\u00a0\u00bb2&Prime; top_padding=\u00a0\u00bb0&Prime; bottom_padding=\u00a0\u00bb3&Prime; overlay_alpha=\u00a0\u00bb50&Prime; gutter_size=\u00a0\u00bb3&Prime; column_width_percent=\u00a0\u00bb100&Prime; shift_y=\u00a0\u00bb0&Prime; z_index=\u00a0\u00bb5&Prime; inverted_device_order=\u00a0\u00bbyes\u00a0\u00bb content_parallax=\u00a0\u00bb0&Prime; uncode_shortcode_id=\u00a0\u00bb157557&Prime; el_class=\u00a0\u00bbfilialen-zeile\u00a0\u00bb][vc_column column_width_percent=\u00a0\u00bb100&Prime; position_horizontal=\u00a0\u00bbleft\u00a0\u00bb gutter_size=\u00a0\u00bb3&Prime; overlay_alpha=\u00a0\u00bb50&Prime; shift_x=\u00a0\u00bb0&Prime; shift_y=\u00a0\u00bb0&Prime; shift_y_down=\u00a0\u00bb0&Prime; z_index=\u00a0\u00bb0&Prime; medium_width=\u00a0\u00bb0&Prime; mobile_width=\u00a0\u00bb0&Prime; css_animation=\u00a0\u00bbbottom-t-top\u00a0\u00bb width=\u00a0\u00bb4\/12&Prime; uncode_shortcode_id=\u00a0\u00bb125955&Prime; el_class=\u00a0\u00bbfilialen-spalte\u00a0\u00bb][vc_column_text uncode_shortcode_id=\u00a0\u00bb126473&Prime;]<\/p>\n<h3>Contacts RSAG technique de joints<\/h3>\n<p>[\/vc_column_text][vc_empty_space empty_h=\u00a0\u00bb2&Prime; el_class=\u00a0\u00bbspacer_8px\u00a0\u00bb][uncode_index el_id=\u00a0\u00bbindex-153841&Prime; index_type=\u00a0\u00bbcss_grid\u00a0\u00bb loop=\u00a0\u00bbsize:All|order_by:menu_order|order:ASC|post_type:page|tax_query:5|by_id:-1863|taxonomy_count:10&Prime; grid_items=\u00a0\u00bb2&Prime; screen_lg_items=\u00a0\u00bb2&Prime; screen_lg_breakpoint=\u00a0\u00bb1000&Prime; screen_md_items=\u00a0\u00bb1&Prime; screen_md_breakpoint=\u00a0\u00bb600&Prime; screen_sm_items=\u00a0\u00bb1&Prime; screen_sm_breakpoint=\u00a0\u00bb480&Prime; gutter_size=\u00a0\u00bb3&Prime; css_grid_v_align=\u00a0\u00bbmiddle\u00a0\u00bb css_grid_equal_height=\u00a0\u00bbyes\u00a0\u00bb css_grid_equal_height_bottom=\u00a0\u00bbyes\u00a0\u00bb page_items=\u00a0\u00bbmedia|featured|onpost|original,title,detail-163652,link|default|default_size|not_scale_mobile|default_width|default_outline\u00a0\u00bb single_overlay_opacity=\u00a0\u00bb50&Prime; single_text_visible=\u00a0\u00bbyes\u00a0\u00bb single_text_anim=\u00a0\u00bbno\u00a0\u00bb single_image_anim=\u00a0\u00bbno\u00a0\u00bb single_padding=\u00a0\u00bb2&Prime; single_title_semantic=\u00a0\u00bbp\u00a0\u00bb single_title_family=\u00a0\u00bbfont-490779&Prime; single_border=\u00a0\u00bbyes\u00a0\u00bb uncode_shortcode_id=\u00a0\u00bb199576&Prime; el_class=\u00a0\u00bbfilialen-link schmal\u00a0\u00bb][\/vc_column][vc_column column_width_percent=\u00a0\u00bb100&Prime; gutter_size=\u00a0\u00bb3&Prime; overlay_alpha=\u00a0\u00bb50&Prime; shift_x=\u00a0\u00bb0&Prime; shift_y=\u00a0\u00bb0&Prime; shift_y_down=\u00a0\u00bb0&Prime; z_index=\u00a0\u00bb0&Prime; medium_width=\u00a0\u00bb0&Prime; mobile_width=\u00a0\u00bb0&Prime; css_animation=\u00a0\u00bbbottom-t-top\u00a0\u00bb animation_delay=\u00a0\u00bb200&Prime; width=\u00a0\u00bb8\/12&Prime; uncode_shortcode_id=\u00a0\u00bb209116&Prime; el_class=\u00a0\u00bbmobilezeilenkorrektur\u00a0\u00bb][uncode_index el_id=\u00a0\u00bbindex-153841&Prime; index_type=\u00a0\u00bbcss_grid\u00a0\u00bb loop=\u00a0\u00bbsize:10|order_by:menu_order|order:ASC|post_type:page|by_id:672,674|taxonomy_count:10&Prime; grid_items=\u00a0\u00bb2&Prime; screen_lg_items=\u00a0\u00bb2&Prime; screen_lg_breakpoint=\u00a0\u00bb1000&Prime; screen_md_items=\u00a0\u00bb1&Prime; screen_md_breakpoint=\u00a0\u00bb600&Prime; screen_sm_items=\u00a0\u00bb1&Prime; screen_sm_breakpoint=\u00a0\u00bb480&Prime; gutter_size=\u00a0\u00bb3&Prime; css_grid_v_align=\u00a0\u00bbmiddle\u00a0\u00bb css_grid_equal_height=\u00a0\u00bbyes\u00a0\u00bb css_grid_equal_height_bottom=\u00a0\u00bbyes\u00a0\u00bb page_items=\u00a0\u00bbmedia|featured|onpost|original,title,link|default|default_size|not_scale_mobile|default_width|default_outline\u00a0\u00bb single_style=\u00a0\u00bbdark\u00a0\u00bb single_back_color=\u00a0\u00bbcolor-183705&Prime; single_overlay_opacity=\u00a0\u00bb50&Prime; single_text_visible=\u00a0\u00bbyes\u00a0\u00bb single_text_anim=\u00a0\u00bbno\u00a0\u00bb single_image_anim=\u00a0\u00bbno\u00a0\u00bb single_padding=\u00a0\u00bb2&Prime; single_border=\u00a0\u00bbyes\u00a0\u00bb uncode_shortcode_id=\u00a0\u00bb188798&Prime; el_class=\u00a0\u00bbseiten-query-bild newsabfrage linkbox-grau\u00a0\u00bb][\/vc_column][\/vc_row][vc_row row_height_percent=\u00a0\u00bb0&Prime; override_padding=\u00a0\u00bbyes\u00a0\u00bb h_padding=\u00a0\u00bb2&Prime; top_padding=\u00a0\u00bb0&Prime; bottom_padding=\u00a0\u00bb6&Prime; overlay_alpha=\u00a0\u00bb50&Prime; equal_height=\u00a0\u00bbjustify\u00a0\u00bb gutter_size=\u00a0\u00bb3&Prime; column_width_percent=\u00a0\u00bb100&Prime; shift_y=\u00a0\u00bb0&Prime; z_index=\u00a0\u00bb5&Prime; content_parallax=\u00a0\u00bb0&Prime; uncode_shortcode_id=\u00a0\u00bb114902&Prime; el_class=\u00a0\u00bbfilialen-zeile hide\u00a0\u00bb][vc_column column_width_percent=\u00a0\u00bb100&Prime; position_horizontal=\u00a0\u00bbleft\u00a0\u00bb gutter_size=\u00a0\u00bb3&Prime; overlay_alpha=\u00a0\u00bb50&Prime; shift_x=\u00a0\u00bb0&Prime; shift_y=\u00a0\u00bb0&Prime; shift_y_down=\u00a0\u00bb0&Prime; z_index=\u00a0\u00bb0&Prime; medium_width=\u00a0\u00bb0&Prime; mobile_width=\u00a0\u00bb0&Prime; css_animation=\u00a0\u00bbbottom-t-top\u00a0\u00bb width=\u00a0\u00bb1\/3&Prime; uncode_shortcode_id=\u00a0\u00bb471487&Prime;][vc_column_text uncode_shortcode_id=\u00a0\u00bb383435&Prime;]<\/p>\n<h3>T\u00e9l\u00e9chargements<\/h3>\n<p>[\/vc_column_text][vc_empty_space empty_h=\u00a0\u00bb2&Prime; desktop_visibility=\u00a0\u00bbyes\u00a0\u00bb el_class=\u00a0\u00bbspacer_8px\u00a0\u00bb][\/vc_column][vc_column width=\u00a0\u00bb2\/3&Prime;][vc_row_inner row_inner_height_percent=\u00a0\u00bb0&Prime; overlay_alpha=\u00a0\u00bb50&Prime; equal_height=\u00a0\u00bbyes\u00a0\u00bb gutter_size=\u00a0\u00bb0&Prime; border_color=\u00a0\u00bbcolor-357110&Prime; border_style=\u00a0\u00bbsolid\u00a0\u00bb shift_y=\u00a0\u00bb0&Prime; z_index=\u00a0\u00bb0&Prime; uncode_shortcode_id=\u00a0\u00bb186711&Prime; css=\u00a0\u00bb.vc_custom_1742385924410{margin-top: 0px !important;border-top-width: 1px !important;border-bottom-width: 0px !important;}\u00a0\u00bb border_color_type=\u00a0\u00bbuncode-palette\u00a0\u00bb el_class=\u00a0\u00bbdownloadzeile\u00a0\u00bb][vc_column_inner column_width_percent=\u00a0\u00bb100&Prime; position_vertical=\u00a0\u00bbmiddle\u00a0\u00bb gutter_size=\u00a0\u00bb3&Prime; overlay_alpha=\u00a0\u00bb50&Prime; shift_x=\u00a0\u00bb0&Prime; shift_y=\u00a0\u00bb0&Prime; shift_y_down=\u00a0\u00bb0&Prime; z_index=\u00a0\u00bb0&Prime; medium_width=\u00a0\u00bb4&Prime; mobile_width=\u00a0\u00bb4&Prime; width=\u00a0\u00bb3\/6&Prime; uncode_shortcode_id=\u00a0\u00bb197332&Prime; el_class=\u00a0\u00bbspalte_1&Prime;][vc_empty_space empty_h=\u00a0\u00bb0&Prime; desktop_visibility=\u00a0\u00bbyes\u00a0\u00bb medium_visibility=\u00a0\u00bbyes\u00a0\u00bb el_class=\u00a0\u00bbdownloadspacer\u00a0\u00bb][vc_column_text text_lead=\u00a0\u00bbyes\u00a0\u00bb uncode_shortcode_id=\u00a0\u00bb104854&Prime;]Brochure joints \u00e9lastiques[\/vc_column_text][\/vc_column_inner][vc_column_inner column_width_percent=\u00a0\u00bb100&Prime; position_vertical=\u00a0\u00bbmiddle\u00a0\u00bb align_horizontal=\u00a0\u00bbalign_right\u00a0\u00bb gutter_size=\u00a0\u00bb3&Prime; overlay_alpha=\u00a0\u00bb50&Prime; shift_x=\u00a0\u00bb0&Prime; shift_y=\u00a0\u00bb0&Prime; shift_y_down=\u00a0\u00bb0&Prime; z_index=\u00a0\u00bb0&Prime; medium_width=\u00a0\u00bb1&Prime; mobile_width=\u00a0\u00bb1&Prime; width=\u00a0\u00bb1\/6&Prime; uncode_shortcode_id=\u00a0\u00bb142140&Prime; el_class=\u00a0\u00bbspalte_2&Prime;][vc_column_text uncode_shortcode_id=\u00a0\u00bb100993&Prime;]PDF (1 MO)[\/vc_column_text][\/vc_column_inner][vc_column_inner column_width_percent=\u00a0\u00bb100&Prime; position_vertical=\u00a0\u00bbmiddle\u00a0\u00bb align_horizontal=\u00a0\u00bbalign_right\u00a0\u00bb gutter_size=\u00a0\u00bb3&Prime; overlay_alpha=\u00a0\u00bb50&Prime; shift_x=\u00a0\u00bb0&Prime; shift_y=\u00a0\u00bb0&Prime; shift_y_down=\u00a0\u00bb0&Prime; z_index=\u00a0\u00bb0&Prime; medium_width=\u00a0\u00bb1&Prime; mobile_width=\u00a0\u00bb1&Prime; width=\u00a0\u00bb2\/6&Prime; uncode_shortcode_id=\u00a0\u00bb176534&Prime; el_class=\u00a0\u00bbspalte_3&Prime;][vc_column_text uncode_shortcode_id=\u00a0\u00bb995052&Prime; el_class=\u00a0\u00bbdownloadbutton\u00a0\u00bb]<a href=\"https:\/\/www.rsag-schweiz.ch\/wp-content\/uploads\/2025\/04\/RSAG_03_Fugen_Elastisch.pdf\" target=\"_blank\" rel=\"noopener\">T\u00e9l\u00e9charger<\/a>[\/vc_column_text][\/vc_column_inner][\/vc_row_inner][vc_row_inner row_inner_height_percent=\u00a0\u00bb0&Prime; overlay_alpha=\u00a0\u00bb50&Prime; equal_height=\u00a0\u00bbyes\u00a0\u00bb gutter_size=\u00a0\u00bb0&Prime; border_color=\u00a0\u00bbcolor-357110&Prime; border_style=\u00a0\u00bbsolid\u00a0\u00bb shift_y=\u00a0\u00bb0&Prime; z_index=\u00a0\u00bb0&Prime; uncode_shortcode_id=\u00a0\u00bb147020&Prime; css=\u00a0\u00bb.vc_custom_1739201009351{margin-top: 0px !important;border-top-width: 1px !important;border-bottom-width: 1px !important;}\u00a0\u00bb border_color_type=\u00a0\u00bbuncode-palette\u00a0\u00bb el_class=\u00a0\u00bbdownloadzeile\u00a0\u00bb][vc_column_inner column_width_percent=\u00a0\u00bb100&Prime; position_vertical=\u00a0\u00bbmiddle\u00a0\u00bb gutter_size=\u00a0\u00bb3&Prime; overlay_alpha=\u00a0\u00bb50&Prime; shift_x=\u00a0\u00bb0&Prime; shift_y=\u00a0\u00bb0&Prime; shift_y_down=\u00a0\u00bb0&Prime; z_index=\u00a0\u00bb0&Prime; medium_width=\u00a0\u00bb4&Prime; mobile_width=\u00a0\u00bb4&Prime; width=\u00a0\u00bb3\/6&Prime; uncode_shortcode_id=\u00a0\u00bb197332&Prime; el_class=\u00a0\u00bbspalte_1&Prime;][vc_column_text text_lead=\u00a0\u00bbyes\u00a0\u00bb uncode_shortcode_id=\u00a0\u00bb180201&Prime;]Brochure technique de joints Austropox[\/vc_column_text][\/vc_column_inner][vc_column_inner column_width_percent=\u00a0\u00bb100&Prime; position_vertical=\u00a0\u00bbmiddle\u00a0\u00bb align_horizontal=\u00a0\u00bbalign_right\u00a0\u00bb gutter_size=\u00a0\u00bb3&Prime; overlay_alpha=\u00a0\u00bb50&Prime; shift_x=\u00a0\u00bb0&Prime; shift_y=\u00a0\u00bb0&Prime; shift_y_down=\u00a0\u00bb0&Prime; z_index=\u00a0\u00bb0&Prime; medium_width=\u00a0\u00bb1&Prime; mobile_width=\u00a0\u00bb1&Prime; width=\u00a0\u00bb1\/6&Prime; uncode_shortcode_id=\u00a0\u00bb142140&Prime; el_class=\u00a0\u00bbspalte_2&Prime;][vc_column_text uncode_shortcode_id=\u00a0\u00bb129314&Prime;]PDF (5 MO)[\/vc_column_text][\/vc_column_inner][vc_column_inner column_width_percent=\u00a0\u00bb100&Prime; position_vertical=\u00a0\u00bbmiddle\u00a0\u00bb align_horizontal=\u00a0\u00bbalign_right\u00a0\u00bb gutter_size=\u00a0\u00bb3&Prime; overlay_alpha=\u00a0\u00bb50&Prime; shift_x=\u00a0\u00bb0&Prime; shift_y=\u00a0\u00bb0&Prime; shift_y_down=\u00a0\u00bb0&Prime; z_index=\u00a0\u00bb0&Prime; medium_width=\u00a0\u00bb1&Prime; mobile_width=\u00a0\u00bb1&Prime; width=\u00a0\u00bb2\/6&Prime; uncode_shortcode_id=\u00a0\u00bb176534&Prime; el_class=\u00a0\u00bbspalte_3&Prime;][vc_column_text uncode_shortcode_id=\u00a0\u00bb312759&Prime; el_class=\u00a0\u00bbdownloadbutton\u00a0\u00bb]<a href=\"https:\/\/www.rsag-schweiz.ch\/wp-content\/uploads\/2025\/04\/RSAG_10_Austropox-Fugentechnik.pdf\" target=\"_blank\" rel=\"noopener\">T\u00e9l\u00e9charger<\/a>[\/vc_column_text][\/vc_column_inner][\/vc_row_inner][\/vc_column][\/vc_row]<\/p>\n<\/div>","protected":false},"excerpt":{"rendered":"<p>[vc_row row_height_percent=\u00a0\u00bb0&Prime; override_padding=\u00a0\u00bbyes\u00a0\u00bb h_padding=\u00a0\u00bb2&Prime; top_padding=\u00a0\u00bb0&Prime; bottom_padding=\u00a0\u00bb3&Prime; overlay_alpha=\u00a0\u00bb50&Prime; gutter_size=\u00a0\u00bb3&Prime; column_width_percent=\u00a0\u00bb100&Prime; shift_y=\u00a0\u00bb0&Prime; z_index=\u00a0\u00bb0&Prime; content_parallax=\u00a0\u00bb0&Prime; uncode_shortcode_id=\u00a0\u00bb345382&Prime;][vc_column column_width_percent=\u00a0\u00bb66&Prime; position_horizontal=\u00a0\u00bbleft\u00a0\u00bb gutter_size=\u00a0\u00bb3&Prime; overlay_alpha=\u00a0\u00bb50&Prime; shift_x=\u00a0\u00bb0&Prime; shift_y=\u00a0\u00bb0&Prime; shift_y_down=\u00a0\u00bb0&Prime; [&hellip;]<\/p>\n","protected":false},"author":1,"featured_media":2123,"parent":5114,"menu_order":20,"comment_status":"closed","ping_status":"closed","template":"","meta":{"footnotes":""},"class_list":["post-5205","page","type-page","status-publish","has-post-thumbnail","hentry"],"yoast_head":"<!-- This site is optimized with the Yoast SEO plugin v27.4 - https:\/\/yoast.com\/product\/yoast-seo-wordpress\/ -->\n<title>Technique de joints &#8211; RSAG Suisse<\/title>\n<meta name=\"description\" content=\"Les joints sont essentiels pour la durabilit\u00e9 et la s\u00e9curit\u00e9 des surfaces de circulation, des ouvrages d\u2019art et des installations industrielles.\" \/>\n<meta name=\"robots\" content=\"index, follow, max-snippet:-1, max-image-preview:large, max-video-preview:-1\" \/>\n<link rel=\"canonical\" href=\"https:\/\/www.rsag-schweiz.ch\/fr\/services\/technique-de-joints\/\" \/>\n<meta property=\"og:locale\" content=\"fr_FR\" \/>\n<meta property=\"og:type\" content=\"article\" \/>\n<meta property=\"og:title\" content=\"Technique de joints &#8211; RSAG Suisse\" \/>\n<meta property=\"og:description\" content=\"Les joints sont essentiels pour la durabilit\u00e9 et la s\u00e9curit\u00e9 des surfaces de circulation, des ouvrages d\u2019art et des installations industrielles.\" \/>\n<meta property=\"og:url\" content=\"https:\/\/www.rsag-schweiz.ch\/fr\/services\/technique-de-joints\/\" \/>\n<meta property=\"og:site_name\" content=\"RSAG Suisse\" \/>\n<meta property=\"article:modified_time\" content=\"2025-10-07T14:24:31+00:00\" \/>\n<meta property=\"og:image\" content=\"https:\/\/www.rsag-schweiz.ch\/wp-content\/uploads\/2024\/10\/beitragsbild_fugentechnik.jpg\" \/>\n\t<meta property=\"og:image:width\" content=\"2121\" \/>\n\t<meta property=\"og:image:height\" content=\"1414\" \/>\n\t<meta property=\"og:image:type\" content=\"image\/jpeg\" \/>\n<meta name=\"twitter:card\" content=\"summary_large_image\" \/>\n<meta name=\"twitter:label1\" content=\"Dur\u00e9e de lecture estim\u00e9e\" \/>\n\t<meta name=\"twitter:data1\" content=\"3 minutes\" \/>\n<script type=\"application\/ld+json\" class=\"yoast-schema-graph\">{\"@context\":\"https:\\\/\\\/schema.org\",\"@graph\":[{\"@type\":\"WebPage\",\"@id\":\"https:\\\/\\\/www.rsag-schweiz.ch\\\/fr\\\/services\\\/technique-de-joints\\\/\",\"url\":\"https:\\\/\\\/www.rsag-schweiz.ch\\\/fr\\\/services\\\/technique-de-joints\\\/\",\"name\":\"Technique de joints &#8211; RSAG Suisse\",\"isPartOf\":{\"@id\":\"https:\\\/\\\/www.rsag-schweiz.ch\\\/fr\\\/#website\"},\"primaryImageOfPage\":{\"@id\":\"https:\\\/\\\/www.rsag-schweiz.ch\\\/fr\\\/services\\\/technique-de-joints\\\/#primaryimage\"},\"image\":{\"@id\":\"https:\\\/\\\/www.rsag-schweiz.ch\\\/fr\\\/services\\\/technique-de-joints\\\/#primaryimage\"},\"thumbnailUrl\":\"https:\\\/\\\/www.rsag-schweiz.ch\\\/wp-content\\\/uploads\\\/2024\\\/10\\\/beitragsbild_fugentechnik.jpg\",\"datePublished\":\"2024-11-27T12:59:38+00:00\",\"dateModified\":\"2025-10-07T14:24:31+00:00\",\"description\":\"Les joints sont essentiels pour la durabilit\u00e9 et la s\u00e9curit\u00e9 des surfaces de circulation, des ouvrages d\u2019art et des installations industrielles.\",\"breadcrumb\":{\"@id\":\"https:\\\/\\\/www.rsag-schweiz.ch\\\/fr\\\/services\\\/technique-de-joints\\\/#breadcrumb\"},\"inLanguage\":\"fr-FR\",\"potentialAction\":[{\"@type\":\"ReadAction\",\"target\":[\"https:\\\/\\\/www.rsag-schweiz.ch\\\/fr\\\/services\\\/technique-de-joints\\\/\"]}]},{\"@type\":\"ImageObject\",\"inLanguage\":\"fr-FR\",\"@id\":\"https:\\\/\\\/www.rsag-schweiz.ch\\\/fr\\\/services\\\/technique-de-joints\\\/#primaryimage\",\"url\":\"https:\\\/\\\/www.rsag-schweiz.ch\\\/wp-content\\\/uploads\\\/2024\\\/10\\\/beitragsbild_fugentechnik.jpg\",\"contentUrl\":\"https:\\\/\\\/www.rsag-schweiz.ch\\\/wp-content\\\/uploads\\\/2024\\\/10\\\/beitragsbild_fugentechnik.jpg\",\"width\":2121,\"height\":1414},{\"@type\":\"BreadcrumbList\",\"@id\":\"https:\\\/\\\/www.rsag-schweiz.ch\\\/fr\\\/services\\\/technique-de-joints\\\/#breadcrumb\",\"itemListElement\":[{\"@type\":\"ListItem\",\"position\":1,\"name\":\"Startseite\",\"item\":\"https:\\\/\\\/www.rsag-schweiz.ch\\\/fr\\\/rsag-fr\\\/\"},{\"@type\":\"ListItem\",\"position\":2,\"name\":\"Services\",\"item\":\"https:\\\/\\\/www.rsag-schweiz.ch\\\/fr\\\/services\\\/\"},{\"@type\":\"ListItem\",\"position\":3,\"name\":\"Technique de joints\"}]},{\"@type\":\"WebSite\",\"@id\":\"https:\\\/\\\/www.rsag-schweiz.ch\\\/fr\\\/#website\",\"url\":\"https:\\\/\\\/www.rsag-schweiz.ch\\\/fr\\\/\",\"name\":\"RSAG Schweiz\",\"description\":\"Reparatur- und Sanierungstechnik\",\"publisher\":{\"@id\":\"https:\\\/\\\/www.rsag-schweiz.ch\\\/fr\\\/#organization\"},\"alternateName\":\"RSAG\",\"potentialAction\":[{\"@type\":\"SearchAction\",\"target\":{\"@type\":\"EntryPoint\",\"urlTemplate\":\"https:\\\/\\\/www.rsag-schweiz.ch\\\/fr\\\/?s={search_term_string}\"},\"query-input\":{\"@type\":\"PropertyValueSpecification\",\"valueRequired\":true,\"valueName\":\"search_term_string\"}}],\"inLanguage\":\"fr-FR\"},{\"@type\":\"Organization\",\"@id\":\"https:\\\/\\\/www.rsag-schweiz.ch\\\/fr\\\/#organization\",\"name\":\"RSAG Nord AG\",\"url\":\"https:\\\/\\\/www.rsag-schweiz.ch\\\/fr\\\/\",\"logo\":{\"@type\":\"ImageObject\",\"inLanguage\":\"fr-FR\",\"@id\":\"https:\\\/\\\/www.rsag-schweiz.ch\\\/fr\\\/#\\\/schema\\\/logo\\\/image\\\/\",\"url\":\"https:\\\/\\\/www.rsag-schweiz.ch\\\/wp-content\\\/uploads\\\/2024\\\/10\\\/logo_rsag_favicon.png\",\"contentUrl\":\"https:\\\/\\\/www.rsag-schweiz.ch\\\/wp-content\\\/uploads\\\/2024\\\/10\\\/logo_rsag_favicon.png\",\"width\":512,\"height\":513,\"caption\":\"RSAG Nord AG\"},\"image\":{\"@id\":\"https:\\\/\\\/www.rsag-schweiz.ch\\\/fr\\\/#\\\/schema\\\/logo\\\/image\\\/\"}}]}<\/script>\n<!-- \/ Yoast SEO plugin. -->","yoast_head_json":{"title":"Technique de joints &#8211; RSAG Suisse","description":"Les joints sont essentiels pour la durabilit\u00e9 et la s\u00e9curit\u00e9 des surfaces de circulation, des ouvrages d\u2019art et des installations industrielles.","robots":{"index":"index","follow":"follow","max-snippet":"max-snippet:-1","max-image-preview":"max-image-preview:large","max-video-preview":"max-video-preview:-1"},"canonical":"https:\/\/www.rsag-schweiz.ch\/fr\/services\/technique-de-joints\/","og_locale":"fr_FR","og_type":"article","og_title":"Technique de joints &#8211; RSAG Suisse","og_description":"Les joints sont essentiels pour la durabilit\u00e9 et la s\u00e9curit\u00e9 des surfaces de circulation, des ouvrages d\u2019art et des installations industrielles.","og_url":"https:\/\/www.rsag-schweiz.ch\/fr\/services\/technique-de-joints\/","og_site_name":"RSAG Suisse","article_modified_time":"2025-10-07T14:24:31+00:00","og_image":[{"width":2121,"height":1414,"url":"https:\/\/www.rsag-schweiz.ch\/wp-content\/uploads\/2024\/10\/beitragsbild_fugentechnik.jpg","type":"image\/jpeg"}],"twitter_card":"summary_large_image","twitter_misc":{"Dur\u00e9e de lecture estim\u00e9e":"3 minutes"},"schema":{"@context":"https:\/\/schema.org","@graph":[{"@type":"WebPage","@id":"https:\/\/www.rsag-schweiz.ch\/fr\/services\/technique-de-joints\/","url":"https:\/\/www.rsag-schweiz.ch\/fr\/services\/technique-de-joints\/","name":"Technique de joints &#8211; RSAG Suisse","isPartOf":{"@id":"https:\/\/www.rsag-schweiz.ch\/fr\/#website"},"primaryImageOfPage":{"@id":"https:\/\/www.rsag-schweiz.ch\/fr\/services\/technique-de-joints\/#primaryimage"},"image":{"@id":"https:\/\/www.rsag-schweiz.ch\/fr\/services\/technique-de-joints\/#primaryimage"},"thumbnailUrl":"https:\/\/www.rsag-schweiz.ch\/wp-content\/uploads\/2024\/10\/beitragsbild_fugentechnik.jpg","datePublished":"2024-11-27T12:59:38+00:00","dateModified":"2025-10-07T14:24:31+00:00","description":"Les joints sont essentiels pour la durabilit\u00e9 et la s\u00e9curit\u00e9 des surfaces de circulation, des ouvrages d\u2019art et des installations industrielles.","breadcrumb":{"@id":"https:\/\/www.rsag-schweiz.ch\/fr\/services\/technique-de-joints\/#breadcrumb"},"inLanguage":"fr-FR","potentialAction":[{"@type":"ReadAction","target":["https:\/\/www.rsag-schweiz.ch\/fr\/services\/technique-de-joints\/"]}]},{"@type":"ImageObject","inLanguage":"fr-FR","@id":"https:\/\/www.rsag-schweiz.ch\/fr\/services\/technique-de-joints\/#primaryimage","url":"https:\/\/www.rsag-schweiz.ch\/wp-content\/uploads\/2024\/10\/beitragsbild_fugentechnik.jpg","contentUrl":"https:\/\/www.rsag-schweiz.ch\/wp-content\/uploads\/2024\/10\/beitragsbild_fugentechnik.jpg","width":2121,"height":1414},{"@type":"BreadcrumbList","@id":"https:\/\/www.rsag-schweiz.ch\/fr\/services\/technique-de-joints\/#breadcrumb","itemListElement":[{"@type":"ListItem","position":1,"name":"Startseite","item":"https:\/\/www.rsag-schweiz.ch\/fr\/rsag-fr\/"},{"@type":"ListItem","position":2,"name":"Services","item":"https:\/\/www.rsag-schweiz.ch\/fr\/services\/"},{"@type":"ListItem","position":3,"name":"Technique de joints"}]},{"@type":"WebSite","@id":"https:\/\/www.rsag-schweiz.ch\/fr\/#website","url":"https:\/\/www.rsag-schweiz.ch\/fr\/","name":"RSAG Schweiz","description":"Reparatur- und Sanierungstechnik","publisher":{"@id":"https:\/\/www.rsag-schweiz.ch\/fr\/#organization"},"alternateName":"RSAG","potentialAction":[{"@type":"SearchAction","target":{"@type":"EntryPoint","urlTemplate":"https:\/\/www.rsag-schweiz.ch\/fr\/?s={search_term_string}"},"query-input":{"@type":"PropertyValueSpecification","valueRequired":true,"valueName":"search_term_string"}}],"inLanguage":"fr-FR"},{"@type":"Organization","@id":"https:\/\/www.rsag-schweiz.ch\/fr\/#organization","name":"RSAG Nord AG","url":"https:\/\/www.rsag-schweiz.ch\/fr\/","logo":{"@type":"ImageObject","inLanguage":"fr-FR","@id":"https:\/\/www.rsag-schweiz.ch\/fr\/#\/schema\/logo\/image\/","url":"https:\/\/www.rsag-schweiz.ch\/wp-content\/uploads\/2024\/10\/logo_rsag_favicon.png","contentUrl":"https:\/\/www.rsag-schweiz.ch\/wp-content\/uploads\/2024\/10\/logo_rsag_favicon.png","width":512,"height":513,"caption":"RSAG Nord AG"},"image":{"@id":"https:\/\/www.rsag-schweiz.ch\/fr\/#\/schema\/logo\/image\/"}}]}},"_links":{"self":[{"href":"https:\/\/www.rsag-schweiz.ch\/fr\/wp-json\/wp\/v2\/pages\/5205","targetHints":{"allow":["GET"]}}],"collection":[{"href":"https:\/\/www.rsag-schweiz.ch\/fr\/wp-json\/wp\/v2\/pages"}],"about":[{"href":"https:\/\/www.rsag-schweiz.ch\/fr\/wp-json\/wp\/v2\/types\/page"}],"author":[{"embeddable":true,"href":"https:\/\/www.rsag-schweiz.ch\/fr\/wp-json\/wp\/v2\/users\/1"}],"replies":[{"embeddable":true,"href":"https:\/\/www.rsag-schweiz.ch\/fr\/wp-json\/wp\/v2\/comments?post=5205"}],"version-history":[{"count":22,"href":"https:\/\/www.rsag-schweiz.ch\/fr\/wp-json\/wp\/v2\/pages\/5205\/revisions"}],"predecessor-version":[{"id":6676,"href":"https:\/\/www.rsag-schweiz.ch\/fr\/wp-json\/wp\/v2\/pages\/5205\/revisions\/6676"}],"up":[{"embeddable":true,"href":"https:\/\/www.rsag-schweiz.ch\/fr\/wp-json\/wp\/v2\/pages\/5114"}],"wp:featuredmedia":[{"embeddable":true,"href":"https:\/\/www.rsag-schweiz.ch\/fr\/wp-json\/wp\/v2\/media\/2123"}],"wp:attachment":[{"href":"https:\/\/www.rsag-schweiz.ch\/fr\/wp-json\/wp\/v2\/media?parent=5205"}],"curies":[{"name":"wp","href":"https:\/\/api.w.org\/{rel}","templated":true}]}}