{"id":5243,"date":"2024-10-10T12:46:37","date_gmt":"2024-10-10T10:46:37","guid":{"rendered":"https:\/\/www.rsag-schweiz.ch\/services\/surfaces-de-circulation\/reparations-de-chaussee\/"},"modified":"2025-08-07T14:56:39","modified_gmt":"2025-08-07T12:56:39","slug":"reparations-de-chaussee","status":"publish","type":"page","link":"https:\/\/www.rsag-schweiz.ch\/fr\/services\/surfaces-de-circulation\/reparations-de-chaussee\/","title":{"rendered":"R\u00e9paration de <span class=\"titelzeile2\">chauss\u00e9es<\/span>"},"content":{"rendered":"<div class=\"wpb-content-wrapper\"><p>[vc_row row_height_percent=\u00a0\u00bb0&Prime; override_padding=\u00a0\u00bbyes\u00a0\u00bb h_padding=\u00a0\u00bb2&Prime; top_padding=\u00a0\u00bb0&Prime; bottom_padding=\u00a0\u00bb3&Prime; overlay_alpha=\u00a0\u00bb50&Prime; gutter_size=\u00a0\u00bb3&Prime; column_width_percent=\u00a0\u00bb100&Prime; shift_y=\u00a0\u00bb0&Prime; z_index=\u00a0\u00bb0&Prime; content_parallax=\u00a0\u00bb0&Prime; uncode_shortcode_id=\u00a0\u00bb182208&Prime;][vc_column column_width_percent=\u00a0\u00bb100&Prime; position_horizontal=\u00a0\u00bbleft\u00a0\u00bb gutter_size=\u00a0\u00bb3&Prime; overlay_alpha=\u00a0\u00bb50&Prime; shift_x=\u00a0\u00bb0&Prime; shift_y=\u00a0\u00bb0&Prime; shift_y_down=\u00a0\u00bb0&Prime; z_index=\u00a0\u00bb0&Prime; medium_visibility=\u00a0\u00bbyes\u00a0\u00bb medium_width=\u00a0\u00bb0&Prime; mobile_visibility=\u00a0\u00bbyes\u00a0\u00bb mobile_width=\u00a0\u00bb0&Prime; css_animation=\u00a0\u00bbbottom-t-top\u00a0\u00bb width=\u00a0\u00bb4\/12&Prime; uncode_shortcode_id=\u00a0\u00bb113745&Prime;][vc_column_text uncode_shortcode_id=\u00a0\u00bb447996&Prime;]<\/p>\n<h3>Contacts RSAG r\u00e9paration de chauss\u00e9es<\/h3>\n<p>[\/vc_column_text][vc_empty_space empty_h=\u00a0\u00bb2&Prime; desktop_visibility=\u00a0\u00bbyes\u00a0\u00bb el_class=\u00a0\u00bbspacer_8px\u00a0\u00bb][uncode_index el_id=\u00a0\u00bbindex-153841&Prime; index_type=\u00a0\u00bbcss_grid\u00a0\u00bb loop=\u00a0\u00bbsize:All|order_by:menu_order|order:ASC|post_type:page|tax_query:5|by_id:-1863|taxonomy_count:10&Prime; grid_items=\u00a0\u00bb2&Prime; screen_lg_items=\u00a0\u00bb2&Prime; screen_lg_breakpoint=\u00a0\u00bb1000&Prime; screen_md_items=\u00a0\u00bb1&Prime; screen_md_breakpoint=\u00a0\u00bb600&Prime; screen_sm_items=\u00a0\u00bb1&Prime; screen_sm_breakpoint=\u00a0\u00bb480&Prime; gutter_size=\u00a0\u00bb3&Prime; css_grid_v_align=\u00a0\u00bbmiddle\u00a0\u00bb css_grid_equal_height=\u00a0\u00bbyes\u00a0\u00bb css_grid_equal_height_bottom=\u00a0\u00bbyes\u00a0\u00bb page_items=\u00a0\u00bbmedia|featured|onpost|original,title,detail-163652,link|default|default_size|not_scale_mobile|default_width|default_outline\u00a0\u00bb single_overlay_opacity=\u00a0\u00bb50&Prime; single_text_visible=\u00a0\u00bbyes\u00a0\u00bb single_text_anim=\u00a0\u00bbno\u00a0\u00bb single_image_anim=\u00a0\u00bbno\u00a0\u00bb single_padding=\u00a0\u00bb2&Prime; single_title_semantic=\u00a0\u00bbp\u00a0\u00bb single_title_family=\u00a0\u00bbfont-490779&Prime; single_border=\u00a0\u00bbyes\u00a0\u00bb uncode_shortcode_id=\u00a0\u00bb312566&Prime; el_class=\u00a0\u00bbfilialen-link schmal\u00a0\u00bb][\/vc_column][vc_column column_width_percent=\u00a0\u00bb100&Prime; gutter_size=\u00a0\u00bb3&Prime; overlay_alpha=\u00a0\u00bb50&Prime; shift_x=\u00a0\u00bb0&Prime; shift_y=\u00a0\u00bb0&Prime; shift_y_down=\u00a0\u00bb0&Prime; z_index=\u00a0\u00bb0&Prime; medium_width=\u00a0\u00bb0&Prime; mobile_width=\u00a0\u00bb0&Prime; css_animation=\u00a0\u00bbbottom-t-top\u00a0\u00bb animation_delay=\u00a0\u00bb200&Prime; width=\u00a0\u00bb8\/12&Prime; uncode_shortcode_id=\u00a0\u00bb164651&Prime; el_class=\u00a0\u00bbmobilezeilenkorrektur\u00a0\u00bb][vc_column_text uncode_shortcode_id=\u00a0\u00bb162166&Prime;]<\/p>\n<p data-start=\"144\" data-end=\"403\">Les dommages caus\u00e9s aux surfaces en asphalte et en b\u00e9ton sont dus \u00e0 des charges \u00e9lev\u00e9es, \u00e0 des variations de temp\u00e9rature et \u00e0 des infiltrations d&rsquo;eau. Les fissures, les nids de poule et les \u00e9clatements du rev\u00eatement ne nuisent pas seulement \u00e0 la s\u00e9curit\u00e9 routi\u00e8re, ils entra\u00eenent \u00e9galement des dommages cons\u00e9cutifs co\u00fbteux.<\/p>\n<p data-start=\"405\" data-end=\"784\">Avec RESAphalt, notre mat\u00e9riau sans solvant et respectueux de l&rsquo;environnement d\u00e9velopp\u00e9 par nos soins \u00e0 partir de mati\u00e8res premi\u00e8res v\u00e9g\u00e9tales renouvelables, nous proposons une solution durable et p\u00e9renne pour la r\u00e9novation et le remplacement des rev\u00eatements en asphalte coul\u00e9 et roul\u00e9.<\/p>\n<p data-start=\"405\" data-end=\"784\">L&rsquo;utilisation cibl\u00e9e de mortier de r\u00e9sine acrylique ou de polym\u00e9thacrylate de m\u00e9thyle (PMMA) permet une ouverture \u00e0 la circulation apr\u00e8s seulement 1 \u00e0 2 heures &#8211; id\u00e9al pour les routes tr\u00e8s fr\u00e9quent\u00e9es.<\/p>\n<p data-start=\"786\" data-end=\"1031\">Pour les surfaces en b\u00e9ton endommag\u00e9es, nous utilisons des mortiers \u00e0 base de r\u00e9sine \u00e9poxy et de r\u00e9sine acrylique.<\/p>\n<p data-start=\"1033\" data-end=\"1259\" data-is-last-node=\"\" data-is-only-node=\"\">Une r\u00e9novation pr\u00e9coce avec les bons mat\u00e9riaux permet de gagner du temps, de r\u00e9duire les co\u00fbts et de garantir des surfaces de circulation s\u00fbres et r\u00e9sistantes.<\/p>\n<p>[\/vc_column_text][vc_gallery el_id=\u00a0\u00bbgallery-224864&Prime; type=\u00a0\u00bbjustified\u00a0\u00bb medias=\u00a0\u00bb3852,2159,2147,2144,3856,2135,3872,2156,3864&Prime; justify_row_height=\u00a0\u00bb250&Prime; gutter_size=\u00a0\u00bb2&Prime; single_overlay_opacity=\u00a0\u00bb50&Prime; single_padding=\u00a0\u00bb2&Prime; no_double_tap=\u00a0\u00bbyes\u00a0\u00bb uncode_shortcode_id=\u00a0\u00bb141510&Prime;][\/vc_column][\/vc_row][vc_row row_height_percent=\u00a0\u00bb0&Prime; override_padding=\u00a0\u00bbyes\u00a0\u00bb h_padding=\u00a0\u00bb2&Prime; top_padding=\u00a0\u00bb0&Prime; bottom_padding=\u00a0\u00bb6&Prime; overlay_alpha=\u00a0\u00bb50&Prime; equal_height=\u00a0\u00bbjustify\u00a0\u00bb gutter_size=\u00a0\u00bb3&Prime; column_width_percent=\u00a0\u00bb100&Prime; shift_y=\u00a0\u00bb0&Prime; z_index=\u00a0\u00bb5&Prime; content_parallax=\u00a0\u00bb0&Prime; uncode_shortcode_id=\u00a0\u00bb213481&Prime; el_class=\u00a0\u00bbfilialen-zeile hide\u00a0\u00bb][vc_column column_width_percent=\u00a0\u00bb100&Prime; position_horizontal=\u00a0\u00bbleft\u00a0\u00bb gutter_size=\u00a0\u00bb3&Prime; overlay_alpha=\u00a0\u00bb50&Prime; shift_x=\u00a0\u00bb0&Prime; shift_y=\u00a0\u00bb0&Prime; shift_y_down=\u00a0\u00bb0&Prime; z_index=\u00a0\u00bb0&Prime; medium_width=\u00a0\u00bb0&Prime; mobile_width=\u00a0\u00bb0&Prime; css_animation=\u00a0\u00bbbottom-t-top\u00a0\u00bb width=\u00a0\u00bb1\/3&Prime; uncode_shortcode_id=\u00a0\u00bb471487&Prime;][vc_column_text uncode_shortcode_id=\u00a0\u00bb383435&Prime;]<\/p>\n<h3>T\u00e9l\u00e9chargements<\/h3>\n<p>[\/vc_column_text][vc_empty_space empty_h=\u00a0\u00bb2&Prime; desktop_visibility=\u00a0\u00bbyes\u00a0\u00bb el_class=\u00a0\u00bbspacer_8px\u00a0\u00bb][\/vc_column][vc_column width=\u00a0\u00bb2\/3&Prime;][vc_row_inner row_inner_height_percent=\u00a0\u00bb0&Prime; overlay_alpha=\u00a0\u00bb50&Prime; equal_height=\u00a0\u00bbyes\u00a0\u00bb gutter_size=\u00a0\u00bb0&Prime; border_color=\u00a0\u00bbcolor-357110&Prime; border_style=\u00a0\u00bbsolid\u00a0\u00bb shift_y=\u00a0\u00bb0&Prime; z_index=\u00a0\u00bb0&Prime; uncode_shortcode_id=\u00a0\u00bb147020&Prime; css=\u00a0\u00bb.vc_custom_1739201009351{margin-top: 0px !important;border-top-width: 1px !important;border-bottom-width: 1px !important;}\u00a0\u00bb border_color_type=\u00a0\u00bbuncode-palette\u00a0\u00bb el_class=\u00a0\u00bbdownloadzeile\u00a0\u00bb][vc_column_inner column_width_percent=\u00a0\u00bb100&Prime; position_vertical=\u00a0\u00bbmiddle\u00a0\u00bb gutter_size=\u00a0\u00bb3&Prime; overlay_alpha=\u00a0\u00bb50&Prime; shift_x=\u00a0\u00bb0&Prime; shift_y=\u00a0\u00bb0&Prime; shift_y_down=\u00a0\u00bb0&Prime; z_index=\u00a0\u00bb0&Prime; medium_width=\u00a0\u00bb4&Prime; mobile_width=\u00a0\u00bb4&Prime; width=\u00a0\u00bb3\/6&Prime; uncode_shortcode_id=\u00a0\u00bb197332&Prime; el_class=\u00a0\u00bbspalte_1&Prime;][vc_empty_space empty_h=\u00a0\u00bb0&Prime; desktop_visibility=\u00a0\u00bbyes\u00a0\u00bb medium_visibility=\u00a0\u00bbyes\u00a0\u00bb el_class=\u00a0\u00bbdownloadspacer\u00a0\u00bb][vc_column_text text_lead=\u00a0\u00bbyes\u00a0\u00bb uncode_shortcode_id=\u00a0\u00bb129173&Prime;]Brochure surfaces de circulation[\/vc_column_text][\/vc_column_inner][vc_column_inner column_width_percent=\u00a0\u00bb100&Prime; position_vertical=\u00a0\u00bbmiddle\u00a0\u00bb align_horizontal=\u00a0\u00bbalign_right\u00a0\u00bb gutter_size=\u00a0\u00bb3&Prime; overlay_alpha=\u00a0\u00bb50&Prime; shift_x=\u00a0\u00bb0&Prime; shift_y=\u00a0\u00bb0&Prime; shift_y_down=\u00a0\u00bb0&Prime; z_index=\u00a0\u00bb0&Prime; medium_width=\u00a0\u00bb1&Prime; mobile_width=\u00a0\u00bb1&Prime; width=\u00a0\u00bb1\/6&Prime; uncode_shortcode_id=\u00a0\u00bb142140&Prime; el_class=\u00a0\u00bbspalte_2&Prime;][vc_column_text uncode_shortcode_id=\u00a0\u00bb677189&Prime;]PDF (2 MO)[\/vc_column_text][\/vc_column_inner][vc_column_inner column_width_percent=\u00a0\u00bb100&Prime; position_vertical=\u00a0\u00bbmiddle\u00a0\u00bb align_horizontal=\u00a0\u00bbalign_right\u00a0\u00bb gutter_size=\u00a0\u00bb3&Prime; overlay_alpha=\u00a0\u00bb50&Prime; shift_x=\u00a0\u00bb0&Prime; shift_y=\u00a0\u00bb0&Prime; shift_y_down=\u00a0\u00bb0&Prime; z_index=\u00a0\u00bb0&Prime; medium_width=\u00a0\u00bb1&Prime; mobile_width=\u00a0\u00bb1&Prime; width=\u00a0\u00bb2\/6&Prime; uncode_shortcode_id=\u00a0\u00bb176534&Prime; el_class=\u00a0\u00bbspalte_3&Prime;][vc_column_text uncode_shortcode_id=\u00a0\u00bb194374&Prime; el_class=\u00a0\u00bbdownloadbutton\u00a0\u00bb]<a href=\"https:\/\/www.rsag-schweiz.ch\/wp-content\/uploads\/2025\/04\/RSAG_04_Verkehrsflaechen.pdf\" target=\"_blank\" rel=\"noopener\">T\u00e9l\u00e9charger<\/a>[\/vc_column_text][\/vc_column_inner][\/vc_row_inner][vc_row_inner row_inner_height_percent=\u00a0\u00bb0&Prime; overlay_alpha=\u00a0\u00bb50&Prime; equal_height=\u00a0\u00bbyes\u00a0\u00bb gutter_size=\u00a0\u00bb0&Prime; border_color=\u00a0\u00bbcolor-357110&Prime; border_style=\u00a0\u00bbsolid\u00a0\u00bb shift_y=\u00a0\u00bb0&Prime; z_index=\u00a0\u00bb0&Prime; uncode_shortcode_id=\u00a0\u00bb167287&Prime; css=\u00a0\u00bb.vc_custom_1739203125672{margin-top: 0px !important;border-bottom-width: 1px !important;}\u00a0\u00bb border_color_type=\u00a0\u00bbuncode-palette\u00a0\u00bb el_class=\u00a0\u00bbdownloadzeile\u00a0\u00bb][vc_column_inner column_width_percent=\u00a0\u00bb100&Prime; position_vertical=\u00a0\u00bbmiddle\u00a0\u00bb gutter_size=\u00a0\u00bb3&Prime; overlay_alpha=\u00a0\u00bb50&Prime; shift_x=\u00a0\u00bb0&Prime; shift_y=\u00a0\u00bb0&Prime; shift_y_down=\u00a0\u00bb0&Prime; z_index=\u00a0\u00bb0&Prime; medium_width=\u00a0\u00bb4&Prime; mobile_width=\u00a0\u00bb4&Prime; width=\u00a0\u00bb3\/6&Prime; uncode_shortcode_id=\u00a0\u00bb197332&Prime; el_class=\u00a0\u00bbspalte_1&Prime;][vc_column_text text_lead=\u00a0\u00bbyes\u00a0\u00bb uncode_shortcode_id=\u00a0\u00bb328711&Prime;]Brochure <sup>RESAphaltRESA<\/sup>[\/vc_column_text][\/vc_column_inner][vc_column_inner column_width_percent=\u00a0\u00bb100&Prime; position_vertical=\u00a0\u00bbmiddle\u00a0\u00bb align_horizontal=\u00a0\u00bbalign_right\u00a0\u00bb gutter_size=\u00a0\u00bb3&Prime; overlay_alpha=\u00a0\u00bb50&Prime; shift_x=\u00a0\u00bb0&Prime; shift_y=\u00a0\u00bb0&Prime; shift_y_down=\u00a0\u00bb0&Prime; z_index=\u00a0\u00bb0&Prime; medium_width=\u00a0\u00bb1&Prime; mobile_width=\u00a0\u00bb1&Prime; width=\u00a0\u00bb1\/6&Prime; uncode_shortcode_id=\u00a0\u00bb142140&Prime; el_class=\u00a0\u00bbspalte_2&Prime;][vc_column_text uncode_shortcode_id=\u00a0\u00bb210995&Prime;]PDF (4 MO)[\/vc_column_text][\/vc_column_inner][vc_column_inner column_width_percent=\u00a0\u00bb100&Prime; position_vertical=\u00a0\u00bbmiddle\u00a0\u00bb align_horizontal=\u00a0\u00bbalign_right\u00a0\u00bb gutter_size=\u00a0\u00bb3&Prime; overlay_alpha=\u00a0\u00bb50&Prime; shift_x=\u00a0\u00bb0&Prime; shift_y=\u00a0\u00bb0&Prime; shift_y_down=\u00a0\u00bb0&Prime; z_index=\u00a0\u00bb0&Prime; medium_width=\u00a0\u00bb1&Prime; mobile_width=\u00a0\u00bb1&Prime; width=\u00a0\u00bb2\/6&Prime; uncode_shortcode_id=\u00a0\u00bb176534&Prime; el_class=\u00a0\u00bbspalte_3&Prime;][vc_column_text uncode_shortcode_id=\u00a0\u00bb916637&Prime; el_class=\u00a0\u00bbdownloadbutton\u00a0\u00bb]<a href=\"https:\/\/www.rsag-schweiz.ch\/wp-content\/uploads\/2025\/01\/Prospekt-RESA-RESAPHALT-Kaltasphalt-DE.pdf\" target=\"_blank\" rel=\"noopener\">T\u00e9l\u00e9charger<\/a>[\/vc_column_text][\/vc_column_inner][\/vc_row_inner][\/vc_column][\/vc_row]<\/p>\n<\/div>","protected":false},"excerpt":{"rendered":"<p>[vc_row row_height_percent=\u00a0\u00bb0&Prime; override_padding=\u00a0\u00bbyes\u00a0\u00bb h_padding=\u00a0\u00bb2&Prime; top_padding=\u00a0\u00bb0&Prime; bottom_padding=\u00a0\u00bb3&Prime; overlay_alpha=\u00a0\u00bb50&Prime; gutter_size=\u00a0\u00bb3&Prime; column_width_percent=\u00a0\u00bb100&Prime; shift_y=\u00a0\u00bb0&Prime; z_index=\u00a0\u00bb0&Prime; content_parallax=\u00a0\u00bb0&Prime; uncode_shortcode_id=\u00a0\u00bb182208&Prime;][vc_column column_width_percent=\u00a0\u00bb100&Prime; position_horizontal=\u00a0\u00bbleft\u00a0\u00bb gutter_size=\u00a0\u00bb3&Prime; overlay_alpha=\u00a0\u00bb50&Prime; shift_x=\u00a0\u00bb0&Prime; shift_y=\u00a0\u00bb0&Prime; shift_y_down=\u00a0\u00bb0&Prime; [&hellip;]<\/p>\n","protected":false},"author":1,"featured_media":0,"parent":5221,"menu_order":36,"comment_status":"closed","ping_status":"closed","template":"","meta":{"footnotes":""},"class_list":["post-5243","page","type-page","status-publish","hentry"],"yoast_head":"<!-- This site is optimized with the Yoast SEO plugin v27.4 - https:\/\/yoast.com\/product\/yoast-seo-wordpress\/ -->\n<title>R\u00e9paration de chauss\u00e9es &#8211; RSAG Suisse<\/title>\n<meta name=\"description\" content=\"Les dommages caus\u00e9s aux surfaces en asphalte et en b\u00e9ton sont dus \u00e0 des charges \u00e9lev\u00e9es, \u00e0 des variations de temp\u00e9rature et \u00e0 des infiltrations d\u2019eau.\" \/>\n<meta name=\"robots\" content=\"index, follow, max-snippet:-1, max-image-preview:large, max-video-preview:-1\" \/>\n<link rel=\"canonical\" href=\"https:\/\/www.rsag-schweiz.ch\/fr\/services\/surfaces-de-circulation\/reparations-de-chaussee\/\" \/>\n<meta property=\"og:locale\" content=\"fr_FR\" \/>\n<meta property=\"og:type\" content=\"article\" \/>\n<meta property=\"og:title\" content=\"R\u00e9paration de chauss\u00e9es &#8211; RSAG Suisse\" \/>\n<meta property=\"og:description\" content=\"Les dommages caus\u00e9s aux surfaces en asphalte et en b\u00e9ton sont dus \u00e0 des charges \u00e9lev\u00e9es, \u00e0 des variations de temp\u00e9rature et \u00e0 des infiltrations d\u2019eau.\" \/>\n<meta property=\"og:url\" content=\"https:\/\/www.rsag-schweiz.ch\/fr\/services\/surfaces-de-circulation\/reparations-de-chaussee\/\" \/>\n<meta property=\"og:site_name\" content=\"RSAG Suisse\" \/>\n<meta property=\"article:modified_time\" content=\"2025-08-07T12:56:39+00:00\" \/>\n<meta name=\"twitter:card\" content=\"summary_large_image\" \/>\n<meta name=\"twitter:label1\" content=\"Dur\u00e9e de lecture estim\u00e9e\" \/>\n\t<meta name=\"twitter:data1\" content=\"3 minutes\" \/>\n<script type=\"application\/ld+json\" class=\"yoast-schema-graph\">{\"@context\":\"https:\\\/\\\/schema.org\",\"@graph\":[{\"@type\":\"WebPage\",\"@id\":\"https:\\\/\\\/www.rsag-schweiz.ch\\\/fr\\\/services\\\/surfaces-de-circulation\\\/reparations-de-chaussee\\\/\",\"url\":\"https:\\\/\\\/www.rsag-schweiz.ch\\\/fr\\\/services\\\/surfaces-de-circulation\\\/reparations-de-chaussee\\\/\",\"name\":\"R\u00e9paration de chauss\u00e9es &#8211; RSAG Suisse\",\"isPartOf\":{\"@id\":\"https:\\\/\\\/www.rsag-schweiz.ch\\\/fr\\\/#website\"},\"datePublished\":\"2024-10-10T10:46:37+00:00\",\"dateModified\":\"2025-08-07T12:56:39+00:00\",\"description\":\"Les dommages caus\u00e9s aux surfaces en asphalte et en b\u00e9ton sont dus \u00e0 des charges \u00e9lev\u00e9es, \u00e0 des variations de temp\u00e9rature et \u00e0 des infiltrations d\u2019eau.\",\"breadcrumb\":{\"@id\":\"https:\\\/\\\/www.rsag-schweiz.ch\\\/fr\\\/services\\\/surfaces-de-circulation\\\/reparations-de-chaussee\\\/#breadcrumb\"},\"inLanguage\":\"fr-FR\",\"potentialAction\":[{\"@type\":\"ReadAction\",\"target\":[\"https:\\\/\\\/www.rsag-schweiz.ch\\\/fr\\\/services\\\/surfaces-de-circulation\\\/reparations-de-chaussee\\\/\"]}]},{\"@type\":\"BreadcrumbList\",\"@id\":\"https:\\\/\\\/www.rsag-schweiz.ch\\\/fr\\\/services\\\/surfaces-de-circulation\\\/reparations-de-chaussee\\\/#breadcrumb\",\"itemListElement\":[{\"@type\":\"ListItem\",\"position\":1,\"name\":\"Startseite\",\"item\":\"https:\\\/\\\/www.rsag-schweiz.ch\\\/fr\\\/rsag-fr\\\/\"},{\"@type\":\"ListItem\",\"position\":2,\"name\":\"Services\",\"item\":\"https:\\\/\\\/www.rsag-schweiz.ch\\\/fr\\\/services\\\/\"},{\"@type\":\"ListItem\",\"position\":3,\"name\":\"Surfaces de circulation\",\"item\":\"https:\\\/\\\/www.rsag-schweiz.ch\\\/fr\\\/services\\\/surfaces-de-circulation\\\/\"},{\"@type\":\"ListItem\",\"position\":4,\"name\":\"R\u00e9paration de chauss\u00e9es\"}]},{\"@type\":\"WebSite\",\"@id\":\"https:\\\/\\\/www.rsag-schweiz.ch\\\/fr\\\/#website\",\"url\":\"https:\\\/\\\/www.rsag-schweiz.ch\\\/fr\\\/\",\"name\":\"RSAG Schweiz\",\"description\":\"Reparatur- und Sanierungstechnik\",\"publisher\":{\"@id\":\"https:\\\/\\\/www.rsag-schweiz.ch\\\/fr\\\/#organization\"},\"alternateName\":\"RSAG\",\"potentialAction\":[{\"@type\":\"SearchAction\",\"target\":{\"@type\":\"EntryPoint\",\"urlTemplate\":\"https:\\\/\\\/www.rsag-schweiz.ch\\\/fr\\\/?s={search_term_string}\"},\"query-input\":{\"@type\":\"PropertyValueSpecification\",\"valueRequired\":true,\"valueName\":\"search_term_string\"}}],\"inLanguage\":\"fr-FR\"},{\"@type\":\"Organization\",\"@id\":\"https:\\\/\\\/www.rsag-schweiz.ch\\\/fr\\\/#organization\",\"name\":\"RSAG Nord AG\",\"url\":\"https:\\\/\\\/www.rsag-schweiz.ch\\\/fr\\\/\",\"logo\":{\"@type\":\"ImageObject\",\"inLanguage\":\"fr-FR\",\"@id\":\"https:\\\/\\\/www.rsag-schweiz.ch\\\/fr\\\/#\\\/schema\\\/logo\\\/image\\\/\",\"url\":\"https:\\\/\\\/www.rsag-schweiz.ch\\\/wp-content\\\/uploads\\\/2024\\\/10\\\/logo_rsag_favicon.png\",\"contentUrl\":\"https:\\\/\\\/www.rsag-schweiz.ch\\\/wp-content\\\/uploads\\\/2024\\\/10\\\/logo_rsag_favicon.png\",\"width\":512,\"height\":513,\"caption\":\"RSAG Nord AG\"},\"image\":{\"@id\":\"https:\\\/\\\/www.rsag-schweiz.ch\\\/fr\\\/#\\\/schema\\\/logo\\\/image\\\/\"}}]}<\/script>\n<!-- \/ Yoast SEO plugin. -->","yoast_head_json":{"title":"R\u00e9paration de chauss\u00e9es &#8211; RSAG Suisse","description":"Les dommages caus\u00e9s aux surfaces en asphalte et en b\u00e9ton sont dus \u00e0 des charges \u00e9lev\u00e9es, \u00e0 des variations de temp\u00e9rature et \u00e0 des infiltrations d\u2019eau.","robots":{"index":"index","follow":"follow","max-snippet":"max-snippet:-1","max-image-preview":"max-image-preview:large","max-video-preview":"max-video-preview:-1"},"canonical":"https:\/\/www.rsag-schweiz.ch\/fr\/services\/surfaces-de-circulation\/reparations-de-chaussee\/","og_locale":"fr_FR","og_type":"article","og_title":"R\u00e9paration de chauss\u00e9es &#8211; RSAG Suisse","og_description":"Les dommages caus\u00e9s aux surfaces en asphalte et en b\u00e9ton sont dus \u00e0 des charges \u00e9lev\u00e9es, \u00e0 des variations de temp\u00e9rature et \u00e0 des infiltrations d\u2019eau.","og_url":"https:\/\/www.rsag-schweiz.ch\/fr\/services\/surfaces-de-circulation\/reparations-de-chaussee\/","og_site_name":"RSAG Suisse","article_modified_time":"2025-08-07T12:56:39+00:00","twitter_card":"summary_large_image","twitter_misc":{"Dur\u00e9e de lecture estim\u00e9e":"3 minutes"},"schema":{"@context":"https:\/\/schema.org","@graph":[{"@type":"WebPage","@id":"https:\/\/www.rsag-schweiz.ch\/fr\/services\/surfaces-de-circulation\/reparations-de-chaussee\/","url":"https:\/\/www.rsag-schweiz.ch\/fr\/services\/surfaces-de-circulation\/reparations-de-chaussee\/","name":"R\u00e9paration de chauss\u00e9es &#8211; RSAG Suisse","isPartOf":{"@id":"https:\/\/www.rsag-schweiz.ch\/fr\/#website"},"datePublished":"2024-10-10T10:46:37+00:00","dateModified":"2025-08-07T12:56:39+00:00","description":"Les dommages caus\u00e9s aux surfaces en asphalte et en b\u00e9ton sont dus \u00e0 des charges \u00e9lev\u00e9es, \u00e0 des variations de temp\u00e9rature et \u00e0 des infiltrations d\u2019eau.","breadcrumb":{"@id":"https:\/\/www.rsag-schweiz.ch\/fr\/services\/surfaces-de-circulation\/reparations-de-chaussee\/#breadcrumb"},"inLanguage":"fr-FR","potentialAction":[{"@type":"ReadAction","target":["https:\/\/www.rsag-schweiz.ch\/fr\/services\/surfaces-de-circulation\/reparations-de-chaussee\/"]}]},{"@type":"BreadcrumbList","@id":"https:\/\/www.rsag-schweiz.ch\/fr\/services\/surfaces-de-circulation\/reparations-de-chaussee\/#breadcrumb","itemListElement":[{"@type":"ListItem","position":1,"name":"Startseite","item":"https:\/\/www.rsag-schweiz.ch\/fr\/rsag-fr\/"},{"@type":"ListItem","position":2,"name":"Services","item":"https:\/\/www.rsag-schweiz.ch\/fr\/services\/"},{"@type":"ListItem","position":3,"name":"Surfaces de circulation","item":"https:\/\/www.rsag-schweiz.ch\/fr\/services\/surfaces-de-circulation\/"},{"@type":"ListItem","position":4,"name":"R\u00e9paration de chauss\u00e9es"}]},{"@type":"WebSite","@id":"https:\/\/www.rsag-schweiz.ch\/fr\/#website","url":"https:\/\/www.rsag-schweiz.ch\/fr\/","name":"RSAG Schweiz","description":"Reparatur- und Sanierungstechnik","publisher":{"@id":"https:\/\/www.rsag-schweiz.ch\/fr\/#organization"},"alternateName":"RSAG","potentialAction":[{"@type":"SearchAction","target":{"@type":"EntryPoint","urlTemplate":"https:\/\/www.rsag-schweiz.ch\/fr\/?s={search_term_string}"},"query-input":{"@type":"PropertyValueSpecification","valueRequired":true,"valueName":"search_term_string"}}],"inLanguage":"fr-FR"},{"@type":"Organization","@id":"https:\/\/www.rsag-schweiz.ch\/fr\/#organization","name":"RSAG Nord AG","url":"https:\/\/www.rsag-schweiz.ch\/fr\/","logo":{"@type":"ImageObject","inLanguage":"fr-FR","@id":"https:\/\/www.rsag-schweiz.ch\/fr\/#\/schema\/logo\/image\/","url":"https:\/\/www.rsag-schweiz.ch\/wp-content\/uploads\/2024\/10\/logo_rsag_favicon.png","contentUrl":"https:\/\/www.rsag-schweiz.ch\/wp-content\/uploads\/2024\/10\/logo_rsag_favicon.png","width":512,"height":513,"caption":"RSAG Nord AG"},"image":{"@id":"https:\/\/www.rsag-schweiz.ch\/fr\/#\/schema\/logo\/image\/"}}]}},"_links":{"self":[{"href":"https:\/\/www.rsag-schweiz.ch\/fr\/wp-json\/wp\/v2\/pages\/5243","targetHints":{"allow":["GET"]}}],"collection":[{"href":"https:\/\/www.rsag-schweiz.ch\/fr\/wp-json\/wp\/v2\/pages"}],"about":[{"href":"https:\/\/www.rsag-schweiz.ch\/fr\/wp-json\/wp\/v2\/types\/page"}],"author":[{"embeddable":true,"href":"https:\/\/www.rsag-schweiz.ch\/fr\/wp-json\/wp\/v2\/users\/1"}],"replies":[{"embeddable":true,"href":"https:\/\/www.rsag-schweiz.ch\/fr\/wp-json\/wp\/v2\/comments?post=5243"}],"version-history":[{"count":18,"href":"https:\/\/www.rsag-schweiz.ch\/fr\/wp-json\/wp\/v2\/pages\/5243\/revisions"}],"predecessor-version":[{"id":6684,"href":"https:\/\/www.rsag-schweiz.ch\/fr\/wp-json\/wp\/v2\/pages\/5243\/revisions\/6684"}],"up":[{"embeddable":true,"href":"https:\/\/www.rsag-schweiz.ch\/fr\/wp-json\/wp\/v2\/pages\/5221"}],"wp:attachment":[{"href":"https:\/\/www.rsag-schweiz.ch\/fr\/wp-json\/wp\/v2\/media?parent=5243"}],"curies":[{"name":"wp","href":"https:\/\/api.w.org\/{rel}","templated":true}]}}