{"id":5252,"date":"2024-11-28T09:32:39","date_gmt":"2024-11-28T08:32:39","guid":{"rendered":"https:\/\/www.rsag-schweiz.ch\/espaces-clients\/entreprises-de-construction\/"},"modified":"2025-08-07T15:58:51","modified_gmt":"2025-08-07T13:58:51","slug":"entreprises-de-construction","status":"publish","type":"page","link":"https:\/\/www.rsag-schweiz.ch\/fr\/espaces-clients\/entreprises-de-construction\/","title":{"rendered":"Entreprises de construction"},"content":{"rendered":"<div class=\"wpb-content-wrapper\"><p>[vc_row row_height_percent=\u00a0\u00bb0&Prime; override_padding=\u00a0\u00bbyes\u00a0\u00bb h_padding=\u00a0\u00bb2&Prime; top_padding=\u00a0\u00bb0&Prime; bottom_padding=\u00a0\u00bb3&Prime; overlay_alpha=\u00a0\u00bb50&Prime; gutter_size=\u00a0\u00bb3&Prime; column_width_percent=\u00a0\u00bb100&Prime; shift_y=\u00a0\u00bb0&Prime; z_index=\u00a0\u00bb0&Prime; content_parallax=\u00a0\u00bb0&Prime; uncode_shortcode_id=\u00a0\u00bb289521&Prime;][vc_column width=\u00a0\u00bb1\/3&Prime;][vc_custom_heading heading_semantic=\u00a0\u00bbh1&Prime; text_size=\u00a0\u00bb\u00a0\u00bb uncode_shortcode_id=\u00a0\u00bb197211&Prime;]Entreprises de construction<\/p>\n<p>[\/vc_custom_heading][\/vc_column][vc_column width=\u00a0\u00bb2\/3&Prime;][vc_column_text uncode_shortcode_id=\u00a0\u00bb197685&Prime;]<\/p>\n<p data-start=\"50\" data-end=\"363\">Pour les entreprises de construction dans le domaine des routes et du g\u00e9nie civil, nous sommes le partenaire fiable lorsqu&rsquo;il s&rsquo;agit de travaux exigeants tels que les joints de bordure et les joints en b\u00e9ton, le pontage de fissures ou les joints de chauss\u00e9e. Pour que vous puissiez vous concentrer sur vos t\u00e2ches principales, nous nous chargeons de ces travaux sp\u00e9ciaux de mani\u00e8re efficace et professionnelle.<\/p>\n<p data-start=\"365\" data-end=\"604\">Notre m\u00e9thode de travail flexible et sur m\u00e9sure nous permet de r\u00e9aliser des projets avec pr\u00e9cision et dans les d\u00e9lais impartis. Gr\u00e2ce \u00e0 notre expertise et \u00e0 une \u00e9quipe solide, nous vous aidons \u00e0 r\u00e9pondre aux normes de qualit\u00e9 les plus \u00e9lev\u00e9es.<\/p>\n<p data-start=\"606\" data-end=\"829\" data-is-last-node=\"\" data-is-only-node=\"\">Depuis de nombreuses ann\u00e9es, des entreprises de construction renomm\u00e9es de toutes tailles dans toute la Suisse font confiance \u00e0 notre expertise. Une collaboration \u00e9troite et une communication ouverte sont essentielles pour nous &#8211; car votre succ\u00e8s est notre moteur.<\/p>\n<p data-start=\"606\" data-end=\"829\" data-is-last-node=\"\" data-is-only-node=\"\">Jetez un coup d&rsquo;\u0153il \u00e0 nos projets de r\u00e9f\u00e9rence et constatez par vous-m\u00eame notre travail.<\/p>\n<p>[\/vc_column_text][\/vc_column][\/vc_row][vc_row row_height_percent=\u00a0\u00bb0&Prime; override_padding=\u00a0\u00bbyes\u00a0\u00bb h_padding=\u00a0\u00bb2&Prime; top_padding=\u00a0\u00bb0&Prime; bottom_padding=\u00a0\u00bb3&Prime; overlay_alpha=\u00a0\u00bb50&Prime; gutter_size=\u00a0\u00bb3&Prime; column_width_percent=\u00a0\u00bb100&Prime; shift_y=\u00a0\u00bb0&Prime; z_index=\u00a0\u00bb0&Prime; content_parallax=\u00a0\u00bb0&Prime; uncode_shortcode_id=\u00a0\u00bb180050&Prime;][vc_column width=\u00a0\u00bb1\/3&Prime;][vc_custom_heading uncode_shortcode_id=\u00a0\u00bb409182&Prime;]Nos services[\/vc_custom_heading][\/vc_column][vc_column width=\u00a0\u00bb2\/3&Prime;][vc_column_text uncode_shortcode_id=\u00a0\u00bb415767&Prime;]<\/p>\n<ul>\n<li><span data-contrast=\"auto\">r\u00e9novation\/reconstruction des joints de chauss\u00e9e<\/span><\/li>\n<li><span data-contrast=\"auto\">r\u00e9novation\/reconstruction des joints<\/span><\/li>\n<li><span data-contrast=\"auto\">r\u00e9fections des bordures<\/span><\/li>\n<li><span data-contrast=\"auto\">pontage de fissures<\/span><\/li>\n<li><span data-contrast=\"auto\">r\u00e9fections des regards<\/span><\/li>\n<li><span data-contrast=\"auto\">r\u00e9paration de la chauss\u00e9e<\/span><\/li>\n<li><span data-contrast=\"auto\">pavage de surface<\/span><\/li>\n<li>r\u00e9fections de beton<\/li>\n<li>rev\u00eatements<\/li>\n<li>rev\u00eatements de sol sans joints<\/li>\n<li>rev\u00eatements sp\u00e9ciaux<\/li>\n<\/ul>\n<p>[\/vc_column_text][\/vc_column][\/vc_row][vc_row row_height_percent=\u00a0\u00bb0&Prime; override_padding=\u00a0\u00bbyes\u00a0\u00bb h_padding=\u00a0\u00bb2&Prime; top_padding=\u00a0\u00bb0&Prime; bottom_padding=\u00a0\u00bb0&Prime; overlay_alpha=\u00a0\u00bb50&Prime; gutter_size=\u00a0\u00bb3&Prime; column_width_percent=\u00a0\u00bb100&Prime; shift_y=\u00a0\u00bb0&Prime; z_index=\u00a0\u00bb5&Prime; inverted_device_order=\u00a0\u00bbyes\u00a0\u00bb content_parallax=\u00a0\u00bb0&Prime; uncode_shortcode_id=\u00a0\u00bb647034&Prime; el_class=\u00a0\u00bbfilialen-zeile\u00a0\u00bb css=\u00a0\u00bb.vc_custom_1737111595070{margin-bottom: 0px !important;}\u00a0\u00bb][vc_column column_width_percent=\u00a0\u00bb100&Prime; position_horizontal=\u00a0\u00bbleft\u00a0\u00bb gutter_size=\u00a0\u00bb3&Prime; override_padding=\u00a0\u00bbyes\u00a0\u00bb column_padding=\u00a0\u00bb0&Prime; back_color=\u00a0\u00bbcolor-xsdn\u00a0\u00bb overlay_alpha=\u00a0\u00bb50&Prime; shift_x=\u00a0\u00bb0&Prime; shift_y=\u00a0\u00bb0&Prime; shift_y_down=\u00a0\u00bb0&Prime; z_index=\u00a0\u00bb0&Prime; medium_width=\u00a0\u00bb0&Prime; mobile_width=\u00a0\u00bb0&Prime; css_animation=\u00a0\u00bbbottom-t-top\u00a0\u00bb sticky=\u00a0\u00bbyes\u00a0\u00bb width=\u00a0\u00bb1\/3&Prime; uncode_shortcode_id=\u00a0\u00bb204294&Prime; el_class=\u00a0\u00bbfilialen-spalte\u00a0\u00bb back_color_type=\u00a0\u00bbuncode-palette\u00a0\u00bb][vc_column_text uncode_shortcode_id=\u00a0\u00bb941640&Prime;]<\/p>\n<h3>Contacts RSAG entreprises de construction<\/h3>\n<p>[\/vc_column_text][vc_empty_space empty_h=\u00a0\u00bb2&Prime; desktop_visibility=\u00a0\u00bbyes\u00a0\u00bb el_class=\u00a0\u00bbspacer_8px\u00a0\u00bb][uncode_index el_id=\u00a0\u00bbindex-153841&Prime; index_type=\u00a0\u00bbcss_grid\u00a0\u00bb loop=\u00a0\u00bbsize:10|order_by:menu_order|order:ASC|post_type:page|tax_query:5|taxonomy_count:10&Prime; grid_items=\u00a0\u00bb2&Prime; screen_lg_items=\u00a0\u00bb2&Prime; screen_lg_breakpoint=\u00a0\u00bb1000&Prime; screen_md_items=\u00a0\u00bb1&Prime; screen_md_breakpoint=\u00a0\u00bb600&Prime; screen_sm_items=\u00a0\u00bb1&Prime; screen_sm_breakpoint=\u00a0\u00bb480&Prime; gutter_size=\u00a0\u00bb3&Prime; css_grid_v_align=\u00a0\u00bbmiddle\u00a0\u00bb css_grid_equal_height=\u00a0\u00bbyes\u00a0\u00bb css_grid_equal_height_bottom=\u00a0\u00bbyes\u00a0\u00bb page_items=\u00a0\u00bbmedia|featured|onpost|original,title,detail-163652,link|default|default_size|not_scale_mobile|default_width|default_outline\u00a0\u00bb single_overlay_opacity=\u00a0\u00bb50&Prime; single_text_visible=\u00a0\u00bbyes\u00a0\u00bb single_text_anim=\u00a0\u00bbno\u00a0\u00bb single_image_anim=\u00a0\u00bbno\u00a0\u00bb single_padding=\u00a0\u00bb2&Prime; single_title_semantic=\u00a0\u00bbp\u00a0\u00bb single_title_family=\u00a0\u00bbfont-490779&Prime; single_border=\u00a0\u00bbyes\u00a0\u00bb uncode_shortcode_id=\u00a0\u00bb114090&Prime; el_class=\u00a0\u00bbfilialen-link schmal\u00a0\u00bb][\/vc_column][vc_column width=\u00a0\u00bb2\/3&Prime;][uncode_index el_id=\u00a0\u00bbindex-222211111&Prime; index_type=\u00a0\u00bbcss_grid\u00a0\u00bb loop=\u00a0\u00bbsize:All|order_by:date|order:DESC|post_type:portfolio|tax_query:36|taxonomy_count:10&Prime; grid_items=\u00a0\u00bb2&Prime; screen_lg_items=\u00a0\u00bb2&Prime; screen_lg_breakpoint=\u00a0\u00bb959&Prime; screen_md_items=\u00a0\u00bb1&Prime; screen_md_breakpoint=\u00a0\u00bb600&Prime; screen_sm_items=\u00a0\u00bb1&Prime; screen_sm_breakpoint=\u00a0\u00bb480&Prime; gutter_size=\u00a0\u00bb3&Prime; post_items=\u00a0\u00bbmedia|featured|onpost|original,title,link|default|default_size|not_scale_mobile|default_width|default_outline\u00a0\u00bb page_items=\u00a0\u00bbmedia|featured|onpost|original,title,link|default|default_size|not_scale_mobile|default_width|default_outline\u00a0\u00bb portfolio_items=\u00a0\u00bbmedia|featured|onpost|original,date,title,link|default|default_size|not_scale_mobile|default_width|default_outline\u00a0\u00bb css_grid_images_size=\u00a0\u00bbone-one\u00a0\u00bb single_style=\u00a0\u00bbdark\u00a0\u00bb single_back_color=\u00a0\u00bbcolor-183705&Prime; single_overlay_opacity=\u00a0\u00bb50&Prime; single_overlay_anim=\u00a0\u00bbno\u00a0\u00bb single_text_visible=\u00a0\u00bbyes\u00a0\u00bb single_text_anim=\u00a0\u00bbno\u00a0\u00bb single_padding=\u00a0\u00bb2&Prime; single_title_semantic=\u00a0\u00bbh4&Prime; single_title_dimension=\u00a0\u00bbh4&Prime; single_border=\u00a0\u00bbyes\u00a0\u00bb no_double_tap=\u00a0\u00bbyes\u00a0\u00bb uncode_shortcode_id=\u00a0\u00bb660828&Prime; el_class=\u00a0\u00bbganzer-link-query newsabfrage referenzenabfrage kundenbereichabfrage\u00a0\u00bb][\/vc_column][\/vc_row][vc_row row_height_percent=\u00a0\u00bb0&Prime; override_padding=\u00a0\u00bbyes\u00a0\u00bb h_padding=\u00a0\u00bb2&Prime; top_padding=\u00a0\u00bb2&Prime; bottom_padding=\u00a0\u00bb0&Prime; overlay_alpha=\u00a0\u00bb50&Prime; gutter_size=\u00a0\u00bb3&Prime; column_width_percent=\u00a0\u00bb100&Prime; shift_y=\u00a0\u00bb0&Prime; z_index=\u00a0\u00bb0&Prime; content_parallax=\u00a0\u00bb0&Prime; uncode_shortcode_id=\u00a0\u00bb162206&Prime; el_class=\u00a0\u00bbillu-bildhalter_strasse2&Prime;][vc_column column_width_percent=\u00a0\u00bb100&Prime; gutter_size=\u00a0\u00bb3&Prime; overlay_alpha=\u00a0\u00bb50&Prime; shift_x=\u00a0\u00bb0&Prime; shift_y=\u00a0\u00bb0&Prime; shift_y_down=\u00a0\u00bb0&Prime; z_index=\u00a0\u00bb0&Prime; medium_width=\u00a0\u00bb0&Prime; mobile_width=\u00a0\u00bb0&Prime; width=\u00a0\u00bb1\/1&Prime; uncode_shortcode_id=\u00a0\u00bb565897&Prime;][vc_single_image media=\u00a0\u00bb2321&Prime; media_width_percent=\u00a0\u00bb100&Prime; uncode_shortcode_id=\u00a0\u00bb845736&Prime;][\/vc_column][\/vc_row]<\/p>\n<\/div>","protected":false},"excerpt":{"rendered":"<p>[vc_row row_height_percent=\u00a0\u00bb0&Prime; override_padding=\u00a0\u00bbyes\u00a0\u00bb h_padding=\u00a0\u00bb2&Prime; top_padding=\u00a0\u00bb0&Prime; bottom_padding=\u00a0\u00bb3&Prime; overlay_alpha=\u00a0\u00bb50&Prime; gutter_size=\u00a0\u00bb3&Prime; column_width_percent=\u00a0\u00bb100&Prime; shift_y=\u00a0\u00bb0&Prime; z_index=\u00a0\u00bb0&Prime; content_parallax=\u00a0\u00bb0&Prime; uncode_shortcode_id=\u00a0\u00bb289521&Prime;][vc_column width=\u00a0\u00bb1\/3&Prime;][vc_custom_heading heading_semantic=\u00a0\u00bbh1&Prime; text_size=\u00a0\u00bb\u00a0\u00bb uncode_shortcode_id=\u00a0\u00bb197211&Prime;]Entreprises de construction [\/vc_custom_heading][\/vc_column][vc_column [&hellip;]<\/p>\n","protected":false},"author":1,"featured_media":2198,"parent":5249,"menu_order":49,"comment_status":"closed","ping_status":"closed","template":"","meta":{"footnotes":""},"class_list":["post-5252","page","type-page","status-publish","has-post-thumbnail","hentry"],"yoast_head":"<!-- This site is optimized with the Yoast SEO plugin v27.4 - https:\/\/yoast.com\/product\/yoast-seo-wordpress\/ -->\n<title>Entreprises de construction &#8211; RSAG Suisse<\/title>\n<meta name=\"description\" content=\"Pour les entreprises de construction dans le domaine des routes et du g\u00e9nie civil, nous sommes le partenaire fiable lorsqu\u2019il s\u2019agit de travaux exigeants tels que les joints de bordure et les joints en b\u00e9ton, le pontage de fissures ou les joints de chauss\u00e9e.\" \/>\n<meta name=\"robots\" content=\"index, follow, max-snippet:-1, max-image-preview:large, max-video-preview:-1\" \/>\n<link rel=\"canonical\" href=\"https:\/\/www.rsag-schweiz.ch\/fr\/espaces-clients\/entreprises-de-construction\/\" \/>\n<meta property=\"og:locale\" content=\"fr_FR\" \/>\n<meta property=\"og:type\" content=\"article\" \/>\n<meta property=\"og:title\" content=\"Entreprises de construction &#8211; RSAG Suisse\" \/>\n<meta property=\"og:description\" content=\"Pour les entreprises de construction dans le domaine des routes et du g\u00e9nie civil, nous sommes le partenaire fiable lorsqu\u2019il s\u2019agit de travaux exigeants tels que les joints de bordure et les joints en b\u00e9ton, le pontage de fissures ou les joints de chauss\u00e9e.\" \/>\n<meta property=\"og:url\" content=\"https:\/\/www.rsag-schweiz.ch\/fr\/espaces-clients\/entreprises-de-construction\/\" \/>\n<meta property=\"og:site_name\" content=\"RSAG Suisse\" \/>\n<meta property=\"article:modified_time\" content=\"2025-08-07T13:58:51+00:00\" \/>\n<meta property=\"og:image\" content=\"https:\/\/www.rsag-schweiz.ch\/wp-content\/uploads\/2024\/11\/2_20230622_134920252_iOS-scaled.jpg\" \/>\n\t<meta property=\"og:image:width\" content=\"2880\" \/>\n\t<meta property=\"og:image:height\" content=\"2034\" \/>\n\t<meta property=\"og:image:type\" content=\"image\/jpeg\" \/>\n<meta name=\"twitter:card\" content=\"summary_large_image\" \/>\n<meta name=\"twitter:label1\" content=\"Dur\u00e9e de lecture estim\u00e9e\" \/>\n\t<meta name=\"twitter:data1\" content=\"3 minutes\" \/>\n<script type=\"application\/ld+json\" class=\"yoast-schema-graph\">{\"@context\":\"https:\\\/\\\/schema.org\",\"@graph\":[{\"@type\":\"WebPage\",\"@id\":\"https:\\\/\\\/www.rsag-schweiz.ch\\\/fr\\\/espaces-clients\\\/entreprises-de-construction\\\/\",\"url\":\"https:\\\/\\\/www.rsag-schweiz.ch\\\/fr\\\/espaces-clients\\\/entreprises-de-construction\\\/\",\"name\":\"Entreprises de construction &#8211; RSAG Suisse\",\"isPartOf\":{\"@id\":\"https:\\\/\\\/www.rsag-schweiz.ch\\\/fr\\\/#website\"},\"primaryImageOfPage\":{\"@id\":\"https:\\\/\\\/www.rsag-schweiz.ch\\\/fr\\\/espaces-clients\\\/entreprises-de-construction\\\/#primaryimage\"},\"image\":{\"@id\":\"https:\\\/\\\/www.rsag-schweiz.ch\\\/fr\\\/espaces-clients\\\/entreprises-de-construction\\\/#primaryimage\"},\"thumbnailUrl\":\"https:\\\/\\\/www.rsag-schweiz.ch\\\/wp-content\\\/uploads\\\/2024\\\/11\\\/2_20230622_134920252_iOS-scaled.jpg\",\"datePublished\":\"2024-11-28T08:32:39+00:00\",\"dateModified\":\"2025-08-07T13:58:51+00:00\",\"description\":\"Pour les entreprises de construction dans le domaine des routes et du g\u00e9nie civil, nous sommes le partenaire fiable lorsqu\u2019il s\u2019agit de travaux exigeants tels que les joints de bordure et les joints en b\u00e9ton, le pontage de fissures ou les joints de chauss\u00e9e.\",\"breadcrumb\":{\"@id\":\"https:\\\/\\\/www.rsag-schweiz.ch\\\/fr\\\/espaces-clients\\\/entreprises-de-construction\\\/#breadcrumb\"},\"inLanguage\":\"fr-FR\",\"potentialAction\":[{\"@type\":\"ReadAction\",\"target\":[\"https:\\\/\\\/www.rsag-schweiz.ch\\\/fr\\\/espaces-clients\\\/entreprises-de-construction\\\/\"]}]},{\"@type\":\"ImageObject\",\"inLanguage\":\"fr-FR\",\"@id\":\"https:\\\/\\\/www.rsag-schweiz.ch\\\/fr\\\/espaces-clients\\\/entreprises-de-construction\\\/#primaryimage\",\"url\":\"https:\\\/\\\/www.rsag-schweiz.ch\\\/wp-content\\\/uploads\\\/2024\\\/11\\\/2_20230622_134920252_iOS-scaled.jpg\",\"contentUrl\":\"https:\\\/\\\/www.rsag-schweiz.ch\\\/wp-content\\\/uploads\\\/2024\\\/11\\\/2_20230622_134920252_iOS-scaled.jpg\",\"width\":2880,\"height\":2034},{\"@type\":\"BreadcrumbList\",\"@id\":\"https:\\\/\\\/www.rsag-schweiz.ch\\\/fr\\\/espaces-clients\\\/entreprises-de-construction\\\/#breadcrumb\",\"itemListElement\":[{\"@type\":\"ListItem\",\"position\":1,\"name\":\"Startseite\",\"item\":\"https:\\\/\\\/www.rsag-schweiz.ch\\\/fr\\\/rsag-fr\\\/\"},{\"@type\":\"ListItem\",\"position\":2,\"name\":\"Espaces clients\",\"item\":\"https:\\\/\\\/www.rsag-schweiz.ch\\\/fr\\\/espaces-clients\\\/\"},{\"@type\":\"ListItem\",\"position\":3,\"name\":\"Entreprises de construction\"}]},{\"@type\":\"WebSite\",\"@id\":\"https:\\\/\\\/www.rsag-schweiz.ch\\\/fr\\\/#website\",\"url\":\"https:\\\/\\\/www.rsag-schweiz.ch\\\/fr\\\/\",\"name\":\"RSAG Schweiz\",\"description\":\"Reparatur- und Sanierungstechnik\",\"publisher\":{\"@id\":\"https:\\\/\\\/www.rsag-schweiz.ch\\\/fr\\\/#organization\"},\"alternateName\":\"RSAG\",\"potentialAction\":[{\"@type\":\"SearchAction\",\"target\":{\"@type\":\"EntryPoint\",\"urlTemplate\":\"https:\\\/\\\/www.rsag-schweiz.ch\\\/fr\\\/?s={search_term_string}\"},\"query-input\":{\"@type\":\"PropertyValueSpecification\",\"valueRequired\":true,\"valueName\":\"search_term_string\"}}],\"inLanguage\":\"fr-FR\"},{\"@type\":\"Organization\",\"@id\":\"https:\\\/\\\/www.rsag-schweiz.ch\\\/fr\\\/#organization\",\"name\":\"RSAG Nord AG\",\"url\":\"https:\\\/\\\/www.rsag-schweiz.ch\\\/fr\\\/\",\"logo\":{\"@type\":\"ImageObject\",\"inLanguage\":\"fr-FR\",\"@id\":\"https:\\\/\\\/www.rsag-schweiz.ch\\\/fr\\\/#\\\/schema\\\/logo\\\/image\\\/\",\"url\":\"https:\\\/\\\/www.rsag-schweiz.ch\\\/wp-content\\\/uploads\\\/2024\\\/10\\\/logo_rsag_favicon.png\",\"contentUrl\":\"https:\\\/\\\/www.rsag-schweiz.ch\\\/wp-content\\\/uploads\\\/2024\\\/10\\\/logo_rsag_favicon.png\",\"width\":512,\"height\":513,\"caption\":\"RSAG Nord AG\"},\"image\":{\"@id\":\"https:\\\/\\\/www.rsag-schweiz.ch\\\/fr\\\/#\\\/schema\\\/logo\\\/image\\\/\"}}]}<\/script>\n<!-- \/ Yoast SEO plugin. -->","yoast_head_json":{"title":"Entreprises de construction &#8211; RSAG Suisse","description":"Pour les entreprises de construction dans le domaine des routes et du g\u00e9nie civil, nous sommes le partenaire fiable lorsqu\u2019il s\u2019agit de travaux exigeants tels que les joints de bordure et les joints en b\u00e9ton, le pontage de fissures ou les joints de chauss\u00e9e.","robots":{"index":"index","follow":"follow","max-snippet":"max-snippet:-1","max-image-preview":"max-image-preview:large","max-video-preview":"max-video-preview:-1"},"canonical":"https:\/\/www.rsag-schweiz.ch\/fr\/espaces-clients\/entreprises-de-construction\/","og_locale":"fr_FR","og_type":"article","og_title":"Entreprises de construction &#8211; RSAG Suisse","og_description":"Pour les entreprises de construction dans le domaine des routes et du g\u00e9nie civil, nous sommes le partenaire fiable lorsqu\u2019il s\u2019agit de travaux exigeants tels que les joints de bordure et les joints en b\u00e9ton, le pontage de fissures ou les joints de chauss\u00e9e.","og_url":"https:\/\/www.rsag-schweiz.ch\/fr\/espaces-clients\/entreprises-de-construction\/","og_site_name":"RSAG Suisse","article_modified_time":"2025-08-07T13:58:51+00:00","og_image":[{"width":2880,"height":2034,"url":"https:\/\/www.rsag-schweiz.ch\/wp-content\/uploads\/2024\/11\/2_20230622_134920252_iOS-scaled.jpg","type":"image\/jpeg"}],"twitter_card":"summary_large_image","twitter_misc":{"Dur\u00e9e de lecture estim\u00e9e":"3 minutes"},"schema":{"@context":"https:\/\/schema.org","@graph":[{"@type":"WebPage","@id":"https:\/\/www.rsag-schweiz.ch\/fr\/espaces-clients\/entreprises-de-construction\/","url":"https:\/\/www.rsag-schweiz.ch\/fr\/espaces-clients\/entreprises-de-construction\/","name":"Entreprises de construction &#8211; RSAG Suisse","isPartOf":{"@id":"https:\/\/www.rsag-schweiz.ch\/fr\/#website"},"primaryImageOfPage":{"@id":"https:\/\/www.rsag-schweiz.ch\/fr\/espaces-clients\/entreprises-de-construction\/#primaryimage"},"image":{"@id":"https:\/\/www.rsag-schweiz.ch\/fr\/espaces-clients\/entreprises-de-construction\/#primaryimage"},"thumbnailUrl":"https:\/\/www.rsag-schweiz.ch\/wp-content\/uploads\/2024\/11\/2_20230622_134920252_iOS-scaled.jpg","datePublished":"2024-11-28T08:32:39+00:00","dateModified":"2025-08-07T13:58:51+00:00","description":"Pour les entreprises de construction dans le domaine des routes et du g\u00e9nie civil, nous sommes le partenaire fiable lorsqu\u2019il s\u2019agit de travaux exigeants tels que les joints de bordure et les joints en b\u00e9ton, le pontage de fissures ou les joints de chauss\u00e9e.","breadcrumb":{"@id":"https:\/\/www.rsag-schweiz.ch\/fr\/espaces-clients\/entreprises-de-construction\/#breadcrumb"},"inLanguage":"fr-FR","potentialAction":[{"@type":"ReadAction","target":["https:\/\/www.rsag-schweiz.ch\/fr\/espaces-clients\/entreprises-de-construction\/"]}]},{"@type":"ImageObject","inLanguage":"fr-FR","@id":"https:\/\/www.rsag-schweiz.ch\/fr\/espaces-clients\/entreprises-de-construction\/#primaryimage","url":"https:\/\/www.rsag-schweiz.ch\/wp-content\/uploads\/2024\/11\/2_20230622_134920252_iOS-scaled.jpg","contentUrl":"https:\/\/www.rsag-schweiz.ch\/wp-content\/uploads\/2024\/11\/2_20230622_134920252_iOS-scaled.jpg","width":2880,"height":2034},{"@type":"BreadcrumbList","@id":"https:\/\/www.rsag-schweiz.ch\/fr\/espaces-clients\/entreprises-de-construction\/#breadcrumb","itemListElement":[{"@type":"ListItem","position":1,"name":"Startseite","item":"https:\/\/www.rsag-schweiz.ch\/fr\/rsag-fr\/"},{"@type":"ListItem","position":2,"name":"Espaces clients","item":"https:\/\/www.rsag-schweiz.ch\/fr\/espaces-clients\/"},{"@type":"ListItem","position":3,"name":"Entreprises de construction"}]},{"@type":"WebSite","@id":"https:\/\/www.rsag-schweiz.ch\/fr\/#website","url":"https:\/\/www.rsag-schweiz.ch\/fr\/","name":"RSAG Schweiz","description":"Reparatur- und Sanierungstechnik","publisher":{"@id":"https:\/\/www.rsag-schweiz.ch\/fr\/#organization"},"alternateName":"RSAG","potentialAction":[{"@type":"SearchAction","target":{"@type":"EntryPoint","urlTemplate":"https:\/\/www.rsag-schweiz.ch\/fr\/?s={search_term_string}"},"query-input":{"@type":"PropertyValueSpecification","valueRequired":true,"valueName":"search_term_string"}}],"inLanguage":"fr-FR"},{"@type":"Organization","@id":"https:\/\/www.rsag-schweiz.ch\/fr\/#organization","name":"RSAG Nord AG","url":"https:\/\/www.rsag-schweiz.ch\/fr\/","logo":{"@type":"ImageObject","inLanguage":"fr-FR","@id":"https:\/\/www.rsag-schweiz.ch\/fr\/#\/schema\/logo\/image\/","url":"https:\/\/www.rsag-schweiz.ch\/wp-content\/uploads\/2024\/10\/logo_rsag_favicon.png","contentUrl":"https:\/\/www.rsag-schweiz.ch\/wp-content\/uploads\/2024\/10\/logo_rsag_favicon.png","width":512,"height":513,"caption":"RSAG Nord AG"},"image":{"@id":"https:\/\/www.rsag-schweiz.ch\/fr\/#\/schema\/logo\/image\/"}}]}},"_links":{"self":[{"href":"https:\/\/www.rsag-schweiz.ch\/fr\/wp-json\/wp\/v2\/pages\/5252","targetHints":{"allow":["GET"]}}],"collection":[{"href":"https:\/\/www.rsag-schweiz.ch\/fr\/wp-json\/wp\/v2\/pages"}],"about":[{"href":"https:\/\/www.rsag-schweiz.ch\/fr\/wp-json\/wp\/v2\/types\/page"}],"author":[{"embeddable":true,"href":"https:\/\/www.rsag-schweiz.ch\/fr\/wp-json\/wp\/v2\/users\/1"}],"replies":[{"embeddable":true,"href":"https:\/\/www.rsag-schweiz.ch\/fr\/wp-json\/wp\/v2\/comments?post=5252"}],"version-history":[{"count":22,"href":"https:\/\/www.rsag-schweiz.ch\/fr\/wp-json\/wp\/v2\/pages\/5252\/revisions"}],"predecessor-version":[{"id":6701,"href":"https:\/\/www.rsag-schweiz.ch\/fr\/wp-json\/wp\/v2\/pages\/5252\/revisions\/6701"}],"up":[{"embeddable":true,"href":"https:\/\/www.rsag-schweiz.ch\/fr\/wp-json\/wp\/v2\/pages\/5249"}],"wp:featuredmedia":[{"embeddable":true,"href":"https:\/\/www.rsag-schweiz.ch\/fr\/wp-json\/wp\/v2\/media\/2198"}],"wp:attachment":[{"href":"https:\/\/www.rsag-schweiz.ch\/fr\/wp-json\/wp\/v2\/media?parent=5252"}],"curies":[{"name":"wp","href":"https:\/\/api.w.org\/{rel}","templated":true}]}}