{"id":5255,"date":"2024-11-28T10:08:58","date_gmt":"2024-11-28T09:08:58","guid":{"rendered":"https:\/\/www.rsag-schweiz.ch\/espaces-clients\/architectes-et-ingenieurs\/"},"modified":"2025-08-07T16:15:29","modified_gmt":"2025-08-07T14:15:29","slug":"architectes-et-ingenieurs","status":"publish","type":"page","link":"https:\/\/www.rsag-schweiz.ch\/fr\/espaces-clients\/architectes-et-ingenieurs\/","title":{"rendered":"Architectes et ing\u00e9nieurs"},"content":{"rendered":"<div class=\"wpb-content-wrapper\"><p>[vc_row row_height_percent=\u00a0\u00bb0&Prime; override_padding=\u00a0\u00bbyes\u00a0\u00bb h_padding=\u00a0\u00bb2&Prime; top_padding=\u00a0\u00bb0&Prime; bottom_padding=\u00a0\u00bb3&Prime; overlay_alpha=\u00a0\u00bb50&Prime; gutter_size=\u00a0\u00bb3&Prime; column_width_percent=\u00a0\u00bb100&Prime; shift_y=\u00a0\u00bb0&Prime; z_index=\u00a0\u00bb0&Prime; content_parallax=\u00a0\u00bb0&Prime; uncode_shortcode_id=\u00a0\u00bb188976&Prime;][vc_column width=\u00a0\u00bb1\/3&Prime;][vc_custom_heading heading_semantic=\u00a0\u00bbh1&Prime; text_size=\u00a0\u00bb\u00a0\u00bb uncode_shortcode_id=\u00a0\u00bb139055&Prime;]Architectes et ing\u00e9nieurs[\/vc_custom_heading][\/vc_column][vc_column width=\u00a0\u00bb2\/3&Prime;][vc_column_text uncode_shortcode_id=\u00a0\u00bb207327&Prime;]<\/p>\n<p data-start=\"69\" data-end=\"457\">Pour les architectes et les ing\u00e9nieurs civils, nos syst\u00e8mes &#8211; en particulier les joints de chauss\u00e9e RESA-JOINT<sup>\u00ae<\/sup> et SILENT-JOINT<sup>RESA\u00ae<\/sup> &#8211; offrent des solutions sur mesure pour les projets de r\u00e9novation et de construction d&rsquo;ouvrage d&rsquo;art. Dans le domaine de la technique de joints et de l&rsquo;\u00e9tanch\u00e9it\u00e9, nous misons \u00e9galement sur des syst\u00e8mes innovants et durables qui augmentent la dur\u00e9e de vie des ouvrages et r\u00e9duisent consid\u00e9rablement les besoins de maintenance.<\/p>\n<p data-start=\"459\" data-end=\"789\" data-is-last-node=\"\" data-is-only-node=\"\">Gr\u00e2ce \u00e0 nos connaissances approfondies, nous vous accompagnons de la planification \u00e0 la r\u00e9alisation. Notre exigence: une communication transparente, des conseils pratiques et des solutions sur mesure qui r\u00e9pondent aux normes de qualit\u00e9 les plus \u00e9lev\u00e9es. Nous sommes \u00e0 vos c\u00f4t\u00e9s en tant que partenaire comp\u00e9tent &#8211; pour une mise en \u0153uvre efficace et durable de vos projets.<\/p>\n<p>[\/vc_column_text][\/vc_column][\/vc_row][vc_row row_height_percent=\u00a0\u00bb0&Prime; override_padding=\u00a0\u00bbyes\u00a0\u00bb h_padding=\u00a0\u00bb2&Prime; top_padding=\u00a0\u00bb0&Prime; bottom_padding=\u00a0\u00bb3&Prime; overlay_alpha=\u00a0\u00bb50&Prime; gutter_size=\u00a0\u00bb3&Prime; column_width_percent=\u00a0\u00bb100&Prime; shift_y=\u00a0\u00bb0&Prime; z_index=\u00a0\u00bb0&Prime; content_parallax=\u00a0\u00bb0&Prime; uncode_shortcode_id=\u00a0\u00bb205466&Prime;][vc_column width=\u00a0\u00bb1\/3&Prime;][vc_custom_heading uncode_shortcode_id=\u00a0\u00bb159923&Prime;]Nos services[\/vc_custom_heading][\/vc_column][vc_column width=\u00a0\u00bb2\/3&Prime;][vc_column_text uncode_shortcode_id=\u00a0\u00bb212792&Prime;]<\/p>\n<ul>\n<li><span data-contrast=\"auto\">r\u00e9novation et cr\u00e9ation des joints de chauss\u00e9e<\/span><\/li>\n<li><span data-contrast=\"auto\">r\u00e9novation et cr\u00e9ation des joints<\/span><\/li>\n<\/ul>\n<p>[\/vc_column_text][\/vc_column][\/vc_row][vc_row row_height_percent=\u00a0\u00bb0&Prime; override_padding=\u00a0\u00bbyes\u00a0\u00bb h_padding=\u00a0\u00bb2&Prime; top_padding=\u00a0\u00bb0&Prime; bottom_padding=\u00a0\u00bb0&Prime; overlay_alpha=\u00a0\u00bb50&Prime; gutter_size=\u00a0\u00bb3&Prime; column_width_percent=\u00a0\u00bb100&Prime; shift_y=\u00a0\u00bb0&Prime; z_index=\u00a0\u00bb5&Prime; inverted_device_order=\u00a0\u00bbyes\u00a0\u00bb content_parallax=\u00a0\u00bb0&Prime; uncode_shortcode_id=\u00a0\u00bb647034&Prime; el_class=\u00a0\u00bbfilialen-zeile\u00a0\u00bb css=\u00a0\u00bb.vc_custom_1737111595070{margin-bottom: 0px !important;}\u00a0\u00bb][vc_column column_width_percent=\u00a0\u00bb100&Prime; position_horizontal=\u00a0\u00bbleft\u00a0\u00bb gutter_size=\u00a0\u00bb3&Prime; override_padding=\u00a0\u00bbyes\u00a0\u00bb column_padding=\u00a0\u00bb0&Prime; back_color=\u00a0\u00bbcolor-xsdn\u00a0\u00bb overlay_alpha=\u00a0\u00bb50&Prime; shift_x=\u00a0\u00bb0&Prime; shift_y=\u00a0\u00bb0&Prime; shift_y_down=\u00a0\u00bb0&Prime; z_index=\u00a0\u00bb0&Prime; medium_width=\u00a0\u00bb0&Prime; mobile_width=\u00a0\u00bb0&Prime; css_animation=\u00a0\u00bbbottom-t-top\u00a0\u00bb sticky=\u00a0\u00bbyes\u00a0\u00bb width=\u00a0\u00bb1\/3&Prime; uncode_shortcode_id=\u00a0\u00bb204294&Prime; el_class=\u00a0\u00bbfilialen-spalte\u00a0\u00bb back_color_type=\u00a0\u00bbuncode-palette\u00a0\u00bb][vc_column_text uncode_shortcode_id=\u00a0\u00bb158195&Prime;]<\/p>\n<h3>Contacts RSAG architectes et ing\u00e9nieurs<\/h3>\n<p>[\/vc_column_text][vc_empty_space empty_h=\u00a0\u00bb2&Prime; desktop_visibility=\u00a0\u00bbyes\u00a0\u00bb el_class=\u00a0\u00bbspacer_8px\u00a0\u00bb][uncode_index el_id=\u00a0\u00bbindex-153841&Prime; index_type=\u00a0\u00bbcss_grid\u00a0\u00bb loop=\u00a0\u00bbsize:10|order_by:menu_order|order:ASC|post_type:page|tax_query:5|taxonomy_count:10&Prime; grid_items=\u00a0\u00bb2&Prime; screen_lg_items=\u00a0\u00bb2&Prime; screen_lg_breakpoint=\u00a0\u00bb1000&Prime; screen_md_items=\u00a0\u00bb1&Prime; screen_md_breakpoint=\u00a0\u00bb600&Prime; screen_sm_items=\u00a0\u00bb1&Prime; screen_sm_breakpoint=\u00a0\u00bb480&Prime; gutter_size=\u00a0\u00bb3&Prime; css_grid_v_align=\u00a0\u00bbmiddle\u00a0\u00bb css_grid_equal_height=\u00a0\u00bbyes\u00a0\u00bb css_grid_equal_height_bottom=\u00a0\u00bbyes\u00a0\u00bb page_items=\u00a0\u00bbmedia|featured|onpost|original,title,detail-163652,link|default|default_size|not_scale_mobile|default_width|default_outline\u00a0\u00bb single_overlay_opacity=\u00a0\u00bb50&Prime; single_text_visible=\u00a0\u00bbyes\u00a0\u00bb single_text_anim=\u00a0\u00bbno\u00a0\u00bb single_image_anim=\u00a0\u00bbno\u00a0\u00bb single_padding=\u00a0\u00bb2&Prime; single_title_semantic=\u00a0\u00bbp\u00a0\u00bb single_title_family=\u00a0\u00bbfont-490779&Prime; single_border=\u00a0\u00bbyes\u00a0\u00bb uncode_shortcode_id=\u00a0\u00bb114090&Prime; el_class=\u00a0\u00bbfilialen-link schmal\u00a0\u00bb][\/vc_column][vc_column width=\u00a0\u00bb2\/3&Prime;][uncode_index el_id=\u00a0\u00bbindex-222211111&Prime; index_type=\u00a0\u00bbcss_grid\u00a0\u00bb loop=\u00a0\u00bbsize:All|order_by:date|order:DESC|post_type:portfolio|tax_query:37|taxonomy_count:10&Prime; grid_items=\u00a0\u00bb2&Prime; screen_lg_items=\u00a0\u00bb2&Prime; screen_lg_breakpoint=\u00a0\u00bb959&Prime; screen_md_items=\u00a0\u00bb1&Prime; screen_md_breakpoint=\u00a0\u00bb600&Prime; screen_sm_items=\u00a0\u00bb1&Prime; screen_sm_breakpoint=\u00a0\u00bb480&Prime; gutter_size=\u00a0\u00bb3&Prime; post_items=\u00a0\u00bbmedia|featured|onpost|original,title,link|default|default_size|not_scale_mobile|default_width|default_outline\u00a0\u00bb page_items=\u00a0\u00bbmedia|featured|onpost|original,title,link|default|default_size|not_scale_mobile|default_width|default_outline\u00a0\u00bb portfolio_items=\u00a0\u00bbmedia|featured|onpost|original,date,title,link|default|default_size|not_scale_mobile|default_width|default_outline\u00a0\u00bb css_grid_images_size=\u00a0\u00bbone-one\u00a0\u00bb single_style=\u00a0\u00bbdark\u00a0\u00bb single_back_color=\u00a0\u00bbcolor-183705&Prime; single_overlay_opacity=\u00a0\u00bb50&Prime; single_overlay_anim=\u00a0\u00bbno\u00a0\u00bb single_text_visible=\u00a0\u00bbyes\u00a0\u00bb single_text_anim=\u00a0\u00bbno\u00a0\u00bb single_padding=\u00a0\u00bb2&Prime; single_title_semantic=\u00a0\u00bbh4&Prime; single_title_dimension=\u00a0\u00bbh4&Prime; single_border=\u00a0\u00bbyes\u00a0\u00bb no_double_tap=\u00a0\u00bbyes\u00a0\u00bb uncode_shortcode_id=\u00a0\u00bb157149&Prime; el_class=\u00a0\u00bbganzer-link-query newsabfrage referenzenabfrage\u00a0\u00bb][\/vc_column][\/vc_row][vc_row row_height_percent=\u00a0\u00bb0&Prime; override_padding=\u00a0\u00bbyes\u00a0\u00bb h_padding=\u00a0\u00bb2&Prime; top_padding=\u00a0\u00bb2&Prime; bottom_padding=\u00a0\u00bb0&Prime; overlay_alpha=\u00a0\u00bb50&Prime; gutter_size=\u00a0\u00bb3&Prime; column_width_percent=\u00a0\u00bb100&Prime; shift_y=\u00a0\u00bb0&Prime; z_index=\u00a0\u00bb0&Prime; content_parallax=\u00a0\u00bb0&Prime; uncode_shortcode_id=\u00a0\u00bb162206&Prime; el_class=\u00a0\u00bbillu-bildhalter_strasse2&Prime;][vc_column column_width_percent=\u00a0\u00bb100&Prime; gutter_size=\u00a0\u00bb3&Prime; overlay_alpha=\u00a0\u00bb50&Prime; shift_x=\u00a0\u00bb0&Prime; shift_y=\u00a0\u00bb0&Prime; shift_y_down=\u00a0\u00bb0&Prime; z_index=\u00a0\u00bb0&Prime; medium_width=\u00a0\u00bb0&Prime; mobile_width=\u00a0\u00bb0&Prime; width=\u00a0\u00bb1\/1&Prime; uncode_shortcode_id=\u00a0\u00bb565897&Prime;][vc_single_image media=\u00a0\u00bb2321&Prime; media_width_percent=\u00a0\u00bb100&Prime; uncode_shortcode_id=\u00a0\u00bb845736&Prime;][\/vc_column][\/vc_row]<\/p>\n<\/div>","protected":false},"excerpt":{"rendered":"<p>[vc_row row_height_percent=\u00a0\u00bb0&Prime; override_padding=\u00a0\u00bbyes\u00a0\u00bb h_padding=\u00a0\u00bb2&Prime; top_padding=\u00a0\u00bb0&Prime; bottom_padding=\u00a0\u00bb3&Prime; overlay_alpha=\u00a0\u00bb50&Prime; gutter_size=\u00a0\u00bb3&Prime; column_width_percent=\u00a0\u00bb100&Prime; shift_y=\u00a0\u00bb0&Prime; z_index=\u00a0\u00bb0&Prime; content_parallax=\u00a0\u00bb0&Prime; uncode_shortcode_id=\u00a0\u00bb188976&Prime;][vc_column width=\u00a0\u00bb1\/3&Prime;][vc_custom_heading heading_semantic=\u00a0\u00bbh1&Prime; text_size=\u00a0\u00bb\u00a0\u00bb uncode_shortcode_id=\u00a0\u00bb139055&Prime;]Architectes et ing\u00e9nieurs[\/vc_custom_heading][\/vc_column][vc_column width=\u00a0\u00bb2\/3&Prime;][vc_column_text [&hellip;]<\/p>\n","protected":false},"author":1,"featured_media":2201,"parent":5249,"menu_order":51,"comment_status":"closed","ping_status":"closed","template":"","meta":{"footnotes":""},"class_list":["post-5255","page","type-page","status-publish","has-post-thumbnail","hentry"],"yoast_head":"<!-- This site is optimized with the Yoast SEO plugin v27.4 - https:\/\/yoast.com\/product\/yoast-seo-wordpress\/ -->\n<title>Architectes et ing\u00e9nieurs &#8211; RSAG Suisse<\/title>\n<meta name=\"description\" content=\"Pour les architectes et les ing\u00e9nieurs civils, nos syst\u00e8mes \u2013 en particulier les joints de chauss\u00e9e RESA-JOINT\u00ae et SILENT-JOINTRESA\u00ae \u2013 offrent des solutions sur mesure pour les projets de r\u00e9novation et de construction d\u2019ouvrage d\u2019art.\" \/>\n<meta name=\"robots\" content=\"index, follow, max-snippet:-1, max-image-preview:large, max-video-preview:-1\" \/>\n<link rel=\"canonical\" href=\"https:\/\/www.rsag-schweiz.ch\/fr\/espaces-clients\/architectes-et-ingenieurs\/\" \/>\n<meta property=\"og:locale\" content=\"fr_FR\" \/>\n<meta property=\"og:type\" content=\"article\" \/>\n<meta property=\"og:title\" content=\"Architectes et ing\u00e9nieurs &#8211; RSAG Suisse\" \/>\n<meta property=\"og:description\" content=\"Pour les architectes et les ing\u00e9nieurs civils, nos syst\u00e8mes \u2013 en particulier les joints de chauss\u00e9e RESA-JOINT\u00ae et SILENT-JOINTRESA\u00ae \u2013 offrent des solutions sur mesure pour les projets de r\u00e9novation et de construction d\u2019ouvrage d\u2019art.\" \/>\n<meta property=\"og:url\" content=\"https:\/\/www.rsag-schweiz.ch\/fr\/espaces-clients\/architectes-et-ingenieurs\/\" \/>\n<meta property=\"og:site_name\" content=\"RSAG Suisse\" \/>\n<meta property=\"article:modified_time\" content=\"2025-08-07T14:15:29+00:00\" \/>\n<meta property=\"og:image\" content=\"https:\/\/www.rsag-schweiz.ch\/wp-content\/uploads\/2024\/11\/GettyImages-1138152905-1024x683.jpg\" \/>\n\t<meta property=\"og:image:width\" content=\"1024\" \/>\n\t<meta property=\"og:image:height\" content=\"683\" \/>\n\t<meta property=\"og:image:type\" content=\"image\/jpeg\" \/>\n<meta name=\"twitter:card\" content=\"summary_large_image\" \/>\n<meta name=\"twitter:label1\" content=\"Dur\u00e9e de lecture estim\u00e9e\" \/>\n\t<meta name=\"twitter:data1\" content=\"2 minutes\" \/>\n<script type=\"application\/ld+json\" class=\"yoast-schema-graph\">{\"@context\":\"https:\\\/\\\/schema.org\",\"@graph\":[{\"@type\":\"WebPage\",\"@id\":\"https:\\\/\\\/www.rsag-schweiz.ch\\\/fr\\\/espaces-clients\\\/architectes-et-ingenieurs\\\/\",\"url\":\"https:\\\/\\\/www.rsag-schweiz.ch\\\/fr\\\/espaces-clients\\\/architectes-et-ingenieurs\\\/\",\"name\":\"Architectes et ing\u00e9nieurs &#8211; RSAG Suisse\",\"isPartOf\":{\"@id\":\"https:\\\/\\\/www.rsag-schweiz.ch\\\/fr\\\/#website\"},\"primaryImageOfPage\":{\"@id\":\"https:\\\/\\\/www.rsag-schweiz.ch\\\/fr\\\/espaces-clients\\\/architectes-et-ingenieurs\\\/#primaryimage\"},\"image\":{\"@id\":\"https:\\\/\\\/www.rsag-schweiz.ch\\\/fr\\\/espaces-clients\\\/architectes-et-ingenieurs\\\/#primaryimage\"},\"thumbnailUrl\":\"https:\\\/\\\/www.rsag-schweiz.ch\\\/wp-content\\\/uploads\\\/2024\\\/11\\\/GettyImages-1138152905.jpg\",\"datePublished\":\"2024-11-28T09:08:58+00:00\",\"dateModified\":\"2025-08-07T14:15:29+00:00\",\"description\":\"Pour les architectes et les ing\u00e9nieurs civils, nos syst\u00e8mes \u2013 en particulier les joints de chauss\u00e9e RESA-JOINT\u00ae et SILENT-JOINTRESA\u00ae \u2013 offrent des solutions sur mesure pour les projets de r\u00e9novation et de construction d\u2019ouvrage d\u2019art.\",\"breadcrumb\":{\"@id\":\"https:\\\/\\\/www.rsag-schweiz.ch\\\/fr\\\/espaces-clients\\\/architectes-et-ingenieurs\\\/#breadcrumb\"},\"inLanguage\":\"fr-FR\",\"potentialAction\":[{\"@type\":\"ReadAction\",\"target\":[\"https:\\\/\\\/www.rsag-schweiz.ch\\\/fr\\\/espaces-clients\\\/architectes-et-ingenieurs\\\/\"]}]},{\"@type\":\"ImageObject\",\"inLanguage\":\"fr-FR\",\"@id\":\"https:\\\/\\\/www.rsag-schweiz.ch\\\/fr\\\/espaces-clients\\\/architectes-et-ingenieurs\\\/#primaryimage\",\"url\":\"https:\\\/\\\/www.rsag-schweiz.ch\\\/wp-content\\\/uploads\\\/2024\\\/11\\\/GettyImages-1138152905.jpg\",\"contentUrl\":\"https:\\\/\\\/www.rsag-schweiz.ch\\\/wp-content\\\/uploads\\\/2024\\\/11\\\/GettyImages-1138152905.jpg\",\"width\":2121,\"height\":1414,\"caption\":\"Wood Facade - Modern Architecture\"},{\"@type\":\"BreadcrumbList\",\"@id\":\"https:\\\/\\\/www.rsag-schweiz.ch\\\/fr\\\/espaces-clients\\\/architectes-et-ingenieurs\\\/#breadcrumb\",\"itemListElement\":[{\"@type\":\"ListItem\",\"position\":1,\"name\":\"Startseite\",\"item\":\"https:\\\/\\\/www.rsag-schweiz.ch\\\/fr\\\/rsag-fr\\\/\"},{\"@type\":\"ListItem\",\"position\":2,\"name\":\"Espaces clients\",\"item\":\"https:\\\/\\\/www.rsag-schweiz.ch\\\/fr\\\/espaces-clients\\\/\"},{\"@type\":\"ListItem\",\"position\":3,\"name\":\"Architectes et ing\u00e9nieurs\"}]},{\"@type\":\"WebSite\",\"@id\":\"https:\\\/\\\/www.rsag-schweiz.ch\\\/fr\\\/#website\",\"url\":\"https:\\\/\\\/www.rsag-schweiz.ch\\\/fr\\\/\",\"name\":\"RSAG Schweiz\",\"description\":\"Reparatur- und Sanierungstechnik\",\"publisher\":{\"@id\":\"https:\\\/\\\/www.rsag-schweiz.ch\\\/fr\\\/#organization\"},\"alternateName\":\"RSAG\",\"potentialAction\":[{\"@type\":\"SearchAction\",\"target\":{\"@type\":\"EntryPoint\",\"urlTemplate\":\"https:\\\/\\\/www.rsag-schweiz.ch\\\/fr\\\/?s={search_term_string}\"},\"query-input\":{\"@type\":\"PropertyValueSpecification\",\"valueRequired\":true,\"valueName\":\"search_term_string\"}}],\"inLanguage\":\"fr-FR\"},{\"@type\":\"Organization\",\"@id\":\"https:\\\/\\\/www.rsag-schweiz.ch\\\/fr\\\/#organization\",\"name\":\"RSAG Nord AG\",\"url\":\"https:\\\/\\\/www.rsag-schweiz.ch\\\/fr\\\/\",\"logo\":{\"@type\":\"ImageObject\",\"inLanguage\":\"fr-FR\",\"@id\":\"https:\\\/\\\/www.rsag-schweiz.ch\\\/fr\\\/#\\\/schema\\\/logo\\\/image\\\/\",\"url\":\"https:\\\/\\\/www.rsag-schweiz.ch\\\/wp-content\\\/uploads\\\/2024\\\/10\\\/logo_rsag_favicon.png\",\"contentUrl\":\"https:\\\/\\\/www.rsag-schweiz.ch\\\/wp-content\\\/uploads\\\/2024\\\/10\\\/logo_rsag_favicon.png\",\"width\":512,\"height\":513,\"caption\":\"RSAG Nord AG\"},\"image\":{\"@id\":\"https:\\\/\\\/www.rsag-schweiz.ch\\\/fr\\\/#\\\/schema\\\/logo\\\/image\\\/\"}}]}<\/script>\n<!-- \/ Yoast SEO plugin. -->","yoast_head_json":{"title":"Architectes et ing\u00e9nieurs &#8211; RSAG Suisse","description":"Pour les architectes et les ing\u00e9nieurs civils, nos syst\u00e8mes \u2013 en particulier les joints de chauss\u00e9e RESA-JOINT\u00ae et SILENT-JOINTRESA\u00ae \u2013 offrent des solutions sur mesure pour les projets de r\u00e9novation et de construction d\u2019ouvrage d\u2019art.","robots":{"index":"index","follow":"follow","max-snippet":"max-snippet:-1","max-image-preview":"max-image-preview:large","max-video-preview":"max-video-preview:-1"},"canonical":"https:\/\/www.rsag-schweiz.ch\/fr\/espaces-clients\/architectes-et-ingenieurs\/","og_locale":"fr_FR","og_type":"article","og_title":"Architectes et ing\u00e9nieurs &#8211; RSAG Suisse","og_description":"Pour les architectes et les ing\u00e9nieurs civils, nos syst\u00e8mes \u2013 en particulier les joints de chauss\u00e9e RESA-JOINT\u00ae et SILENT-JOINTRESA\u00ae \u2013 offrent des solutions sur mesure pour les projets de r\u00e9novation et de construction d\u2019ouvrage d\u2019art.","og_url":"https:\/\/www.rsag-schweiz.ch\/fr\/espaces-clients\/architectes-et-ingenieurs\/","og_site_name":"RSAG Suisse","article_modified_time":"2025-08-07T14:15:29+00:00","og_image":[{"width":1024,"height":683,"url":"https:\/\/www.rsag-schweiz.ch\/wp-content\/uploads\/2024\/11\/GettyImages-1138152905-1024x683.jpg","type":"image\/jpeg"}],"twitter_card":"summary_large_image","twitter_misc":{"Dur\u00e9e de lecture estim\u00e9e":"2 minutes"},"schema":{"@context":"https:\/\/schema.org","@graph":[{"@type":"WebPage","@id":"https:\/\/www.rsag-schweiz.ch\/fr\/espaces-clients\/architectes-et-ingenieurs\/","url":"https:\/\/www.rsag-schweiz.ch\/fr\/espaces-clients\/architectes-et-ingenieurs\/","name":"Architectes et ing\u00e9nieurs &#8211; RSAG Suisse","isPartOf":{"@id":"https:\/\/www.rsag-schweiz.ch\/fr\/#website"},"primaryImageOfPage":{"@id":"https:\/\/www.rsag-schweiz.ch\/fr\/espaces-clients\/architectes-et-ingenieurs\/#primaryimage"},"image":{"@id":"https:\/\/www.rsag-schweiz.ch\/fr\/espaces-clients\/architectes-et-ingenieurs\/#primaryimage"},"thumbnailUrl":"https:\/\/www.rsag-schweiz.ch\/wp-content\/uploads\/2024\/11\/GettyImages-1138152905.jpg","datePublished":"2024-11-28T09:08:58+00:00","dateModified":"2025-08-07T14:15:29+00:00","description":"Pour les architectes et les ing\u00e9nieurs civils, nos syst\u00e8mes \u2013 en particulier les joints de chauss\u00e9e RESA-JOINT\u00ae et SILENT-JOINTRESA\u00ae \u2013 offrent des solutions sur mesure pour les projets de r\u00e9novation et de construction d\u2019ouvrage d\u2019art.","breadcrumb":{"@id":"https:\/\/www.rsag-schweiz.ch\/fr\/espaces-clients\/architectes-et-ingenieurs\/#breadcrumb"},"inLanguage":"fr-FR","potentialAction":[{"@type":"ReadAction","target":["https:\/\/www.rsag-schweiz.ch\/fr\/espaces-clients\/architectes-et-ingenieurs\/"]}]},{"@type":"ImageObject","inLanguage":"fr-FR","@id":"https:\/\/www.rsag-schweiz.ch\/fr\/espaces-clients\/architectes-et-ingenieurs\/#primaryimage","url":"https:\/\/www.rsag-schweiz.ch\/wp-content\/uploads\/2024\/11\/GettyImages-1138152905.jpg","contentUrl":"https:\/\/www.rsag-schweiz.ch\/wp-content\/uploads\/2024\/11\/GettyImages-1138152905.jpg","width":2121,"height":1414,"caption":"Wood Facade - Modern Architecture"},{"@type":"BreadcrumbList","@id":"https:\/\/www.rsag-schweiz.ch\/fr\/espaces-clients\/architectes-et-ingenieurs\/#breadcrumb","itemListElement":[{"@type":"ListItem","position":1,"name":"Startseite","item":"https:\/\/www.rsag-schweiz.ch\/fr\/rsag-fr\/"},{"@type":"ListItem","position":2,"name":"Espaces clients","item":"https:\/\/www.rsag-schweiz.ch\/fr\/espaces-clients\/"},{"@type":"ListItem","position":3,"name":"Architectes et ing\u00e9nieurs"}]},{"@type":"WebSite","@id":"https:\/\/www.rsag-schweiz.ch\/fr\/#website","url":"https:\/\/www.rsag-schweiz.ch\/fr\/","name":"RSAG Schweiz","description":"Reparatur- und Sanierungstechnik","publisher":{"@id":"https:\/\/www.rsag-schweiz.ch\/fr\/#organization"},"alternateName":"RSAG","potentialAction":[{"@type":"SearchAction","target":{"@type":"EntryPoint","urlTemplate":"https:\/\/www.rsag-schweiz.ch\/fr\/?s={search_term_string}"},"query-input":{"@type":"PropertyValueSpecification","valueRequired":true,"valueName":"search_term_string"}}],"inLanguage":"fr-FR"},{"@type":"Organization","@id":"https:\/\/www.rsag-schweiz.ch\/fr\/#organization","name":"RSAG Nord AG","url":"https:\/\/www.rsag-schweiz.ch\/fr\/","logo":{"@type":"ImageObject","inLanguage":"fr-FR","@id":"https:\/\/www.rsag-schweiz.ch\/fr\/#\/schema\/logo\/image\/","url":"https:\/\/www.rsag-schweiz.ch\/wp-content\/uploads\/2024\/10\/logo_rsag_favicon.png","contentUrl":"https:\/\/www.rsag-schweiz.ch\/wp-content\/uploads\/2024\/10\/logo_rsag_favicon.png","width":512,"height":513,"caption":"RSAG Nord AG"},"image":{"@id":"https:\/\/www.rsag-schweiz.ch\/fr\/#\/schema\/logo\/image\/"}}]}},"_links":{"self":[{"href":"https:\/\/www.rsag-schweiz.ch\/fr\/wp-json\/wp\/v2\/pages\/5255","targetHints":{"allow":["GET"]}}],"collection":[{"href":"https:\/\/www.rsag-schweiz.ch\/fr\/wp-json\/wp\/v2\/pages"}],"about":[{"href":"https:\/\/www.rsag-schweiz.ch\/fr\/wp-json\/wp\/v2\/types\/page"}],"author":[{"embeddable":true,"href":"https:\/\/www.rsag-schweiz.ch\/fr\/wp-json\/wp\/v2\/users\/1"}],"replies":[{"embeddable":true,"href":"https:\/\/www.rsag-schweiz.ch\/fr\/wp-json\/wp\/v2\/comments?post=5255"}],"version-history":[{"count":20,"href":"https:\/\/www.rsag-schweiz.ch\/fr\/wp-json\/wp\/v2\/pages\/5255\/revisions"}],"predecessor-version":[{"id":6706,"href":"https:\/\/www.rsag-schweiz.ch\/fr\/wp-json\/wp\/v2\/pages\/5255\/revisions\/6706"}],"up":[{"embeddable":true,"href":"https:\/\/www.rsag-schweiz.ch\/fr\/wp-json\/wp\/v2\/pages\/5249"}],"wp:featuredmedia":[{"embeddable":true,"href":"https:\/\/www.rsag-schweiz.ch\/fr\/wp-json\/wp\/v2\/media\/2201"}],"wp:attachment":[{"href":"https:\/\/www.rsag-schweiz.ch\/fr\/wp-json\/wp\/v2\/media?parent=5255"}],"curies":[{"name":"wp","href":"https:\/\/api.w.org\/{rel}","templated":true}]}}