{"id":5279,"date":"2024-11-28T13:49:36","date_gmt":"2024-11-28T12:49:36","guid":{"rendered":"https:\/\/www.rsag-schweiz.ch\/systemes\/fissures-resa\/"},"modified":"2025-08-07T17:39:53","modified_gmt":"2025-08-07T15:39:53","slug":"resa-fissure","status":"publish","type":"page","link":"https:\/\/www.rsag-schweiz.ch\/fr\/systemes\/resa-fissure\/","title":{"rendered":"RESA-<span class=\"titelzeile2\">Fissure<\/span>"},"content":{"rendered":"<div class=\"wpb-content-wrapper\"><p>[vc_row row_height_percent=\u00a0\u00bb0&Prime; override_padding=\u00a0\u00bbyes\u00a0\u00bb h_padding=\u00a0\u00bb2&Prime; top_padding=\u00a0\u00bb0&Prime; bottom_padding=\u00a0\u00bb3&Prime; overlay_alpha=\u00a0\u00bb50&Prime; gutter_size=\u00a0\u00bb3&Prime; column_width_percent=\u00a0\u00bb100&Prime; shift_y=\u00a0\u00bb0&Prime; z_index=\u00a0\u00bb5&Prime; inverted_device_order=\u00a0\u00bbyes\u00a0\u00bb content_parallax=\u00a0\u00bb0&Prime; uncode_shortcode_id=\u00a0\u00bb155583&Prime; el_class=\u00a0\u00bbfilialen-zeile\u00a0\u00bb][vc_column column_width_percent=\u00a0\u00bb100&Prime; position_horizontal=\u00a0\u00bbleft\u00a0\u00bb gutter_size=\u00a0\u00bb3&Prime; overlay_alpha=\u00a0\u00bb50&Prime; shift_x=\u00a0\u00bb0&Prime; shift_y=\u00a0\u00bb0&Prime; shift_y_down=\u00a0\u00bb0&Prime; z_index=\u00a0\u00bb0&Prime; medium_width=\u00a0\u00bb0&Prime; mobile_width=\u00a0\u00bb0&Prime; css_animation=\u00a0\u00bbbottom-t-top\u00a0\u00bb sticky=\u00a0\u00bbyes\u00a0\u00bb width=\u00a0\u00bb1\/3&Prime; uncode_shortcode_id=\u00a0\u00bb173126&Prime; el_class=\u00a0\u00bbfilialen-spalte\u00a0\u00bb][vc_column_text uncode_shortcode_id=\u00a0\u00bb138480&Prime;]<\/p>\n<h3>Contacts RSAG<br \/>\nRESA-Fissure<\/h3>\n<p>[\/vc_column_text][vc_empty_space empty_h=\u00a0\u00bb2&Prime; desktop_visibility=\u00a0\u00bbyes\u00a0\u00bb el_class=\u00a0\u00bbspacer_8px\u00a0\u00bb][uncode_index el_id=\u00a0\u00bbindex-153841&Prime; index_type=\u00a0\u00bbcss_grid\u00a0\u00bb loop=\u00a0\u00bbsize:10|order_by:menu_order|order:ASC|post_type:page|tax_query:5|taxonomy_count:10&Prime; grid_items=\u00a0\u00bb2&Prime; screen_lg_items=\u00a0\u00bb2&Prime; screen_lg_breakpoint=\u00a0\u00bb1000&Prime; screen_md_items=\u00a0\u00bb1&Prime; screen_md_breakpoint=\u00a0\u00bb600&Prime; screen_sm_items=\u00a0\u00bb1&Prime; screen_sm_breakpoint=\u00a0\u00bb480&Prime; gutter_size=\u00a0\u00bb3&Prime; css_grid_v_align=\u00a0\u00bbmiddle\u00a0\u00bb css_grid_equal_height=\u00a0\u00bbyes\u00a0\u00bb css_grid_equal_height_bottom=\u00a0\u00bbyes\u00a0\u00bb page_items=\u00a0\u00bbmedia|featured|onpost|original,title,detail-163652,link|default|default_size|not_scale_mobile|default_width|default_outline\u00a0\u00bb single_overlay_opacity=\u00a0\u00bb50&Prime; single_text_visible=\u00a0\u00bbyes\u00a0\u00bb single_text_anim=\u00a0\u00bbno\u00a0\u00bb single_image_anim=\u00a0\u00bbno\u00a0\u00bb single_padding=\u00a0\u00bb2&Prime; single_title_semantic=\u00a0\u00bbp\u00a0\u00bb single_title_family=\u00a0\u00bbfont-490779&Prime; single_border=\u00a0\u00bbyes\u00a0\u00bb uncode_shortcode_id=\u00a0\u00bb213376&Prime; el_class=\u00a0\u00bbfilialen-link schmal\u00a0\u00bb][\/vc_column][vc_column width=\u00a0\u00bb2\/3&Prime;][vc_column_text uncode_shortcode_id=\u00a0\u00bb122013&Prime;]Pour la r\u00e9paration professionnelle des fissures, nous utilisons notre syst\u00e8me \u00e9prouv\u00e9 RESA-Fissure. \u00c0 l&rsquo;aide d&rsquo;appareils sp\u00e9cialement con\u00e7us, nous pr\u00e9parons les fissures avec pr\u00e9cision et les comblons en suivant des \u00e9tapes de travail bien d\u00e9finies. Nous accordons une importance particuli\u00e8re \u00e0 la pr\u00e9cision des travaux de fraisage et \u00e0 l&rsquo;utilisation de mat\u00e9riaux de haute qualit\u00e9 afin de garantir une r\u00e9novation durable et p\u00e9renne.<\/p>\n<p>Nos travaux ont lieu lorsque les conditions m\u00e9t\u00e9orologiques le permettent, y compris la nuit si n\u00e9cessaire, afin de ne pas perturber le flux de circulation.<\/p>\n<p>Domaines d&rsquo;application :<\/p>\n<ul>\n<li>r\u00e9paration des fissures dans les rev\u00eatements en asphalte coul\u00e9<\/li>\n<li>pontage des fissures dans les chauss\u00e9es en b\u00e9ton<br \/>\n(arr\u00eats de bus, ronds-points, autoroutes, a\u00e9rodromes, stations-service)<\/li>\n<li>d\u00e9collement des flancs d\u00fb \u00e0 un changement de mat\u00e9riau<\/li>\n<\/ul>\n<p>[\/vc_column_text][vc_row_inner row_inner_height_percent=\u00a0\u00bb0&Prime; force_width_grid=\u00a0\u00bbyes\u00a0\u00bb overlay_alpha=\u00a0\u00bb50&Prime; equal_height=\u00a0\u00bbyes\u00a0\u00bb gutter_size=\u00a0\u00bb2&Prime; shift_y=\u00a0\u00bb0&Prime; z_index=\u00a0\u00bb0&Prime; uncode_shortcode_id=\u00a0\u00bb133506&Prime; row_height_pixel=\u00a0\u00bb420&Prime;][vc_column_inner column_width_percent=\u00a0\u00bb100&Prime; gutter_size=\u00a0\u00bb3&Prime; overlay_alpha=\u00a0\u00bb50&Prime; shift_x=\u00a0\u00bb0&Prime; shift_y=\u00a0\u00bb0&Prime; shift_y_down=\u00a0\u00bb0&Prime; z_index=\u00a0\u00bb0&Prime; medium_width=\u00a0\u00bb0&Prime; mobile_width=\u00a0\u00bb0&Prime; width=\u00a0\u00bb1\/1&Prime; uncode_shortcode_id=\u00a0\u00bb370056&Prime;][vc_gallery el_id=\u00a0\u00bbgallery-647097&Prime; type=\u00a0\u00bbjustified\u00a0\u00bb medias=\u00a0\u00bb3147,3159,2273,2243,2270,3131,3244,3236,3240,3127&Prime; justify_row_height=\u00a0\u00bb250&Prime; gutter_size=\u00a0\u00bb2&Prime; single_overlay_opacity=\u00a0\u00bb50&Prime; single_padding=\u00a0\u00bb2&Prime; no_double_tap=\u00a0\u00bbyes\u00a0\u00bb uncode_shortcode_id=\u00a0\u00bb139158&Prime;][\/vc_column_inner][\/vc_row_inner][\/vc_column][\/vc_row][vc_row row_height_percent=\u00a0\u00bb0&Prime; override_padding=\u00a0\u00bbyes\u00a0\u00bb h_padding=\u00a0\u00bb2&Prime; top_padding=\u00a0\u00bb0&Prime; bottom_padding=\u00a0\u00bb6&Prime; overlay_alpha=\u00a0\u00bb50&Prime; gutter_size=\u00a0\u00bb3&Prime; column_width_percent=\u00a0\u00bb100&Prime; shift_y=\u00a0\u00bb0&Prime; z_index=\u00a0\u00bb0&Prime; content_parallax=\u00a0\u00bb0&Prime; uncode_shortcode_id=\u00a0\u00bb188692&Prime;][vc_column width=\u00a0\u00bb1\/3&Prime;][vc_custom_heading heading_semantic=\u00a0\u00bbh3&Prime; text_size=\u00a0\u00bb\u00a0\u00bb uncode_shortcode_id=\u00a0\u00bb178701&Prime;]<strong>Vos avantages<\/strong>[\/vc_custom_heading][\/vc_column][vc_column width=\u00a0\u00bb2\/3&Prime;][vc_column_text uncode_shortcode_id=\u00a0\u00bb499237&Prime;]<\/p>\n<ul>\n<li>r\u00e9paration durable des fissures dans le rev\u00eatement de toute longueur<\/li>\n<li>intervention minimale &#8211; travaux sans interruption du trafic<\/li>\n<li>r\u00e9paration rapide et durable, m\u00eame en cas de trafic intense<\/li>\n<li>pr\u00e9vention des dommages cons\u00e9cutifs tels que l&rsquo;\u00e9clatement du rev\u00eatement<\/li>\n<\/ul>\n<p>Avec notre syst\u00e8me RESA-Fissure, nous vous proposons une solution \u00e9conomique et fiable pour pr\u00e9server votre infrastructure routi\u00e8re.[\/vc_column_text][\/vc_column][\/vc_row]<\/p>\n<\/div>","protected":false},"excerpt":{"rendered":"<p>[vc_row row_height_percent=\u00a0\u00bb0&Prime; override_padding=\u00a0\u00bbyes\u00a0\u00bb h_padding=\u00a0\u00bb2&Prime; top_padding=\u00a0\u00bb0&Prime; bottom_padding=\u00a0\u00bb3&Prime; overlay_alpha=\u00a0\u00bb50&Prime; gutter_size=\u00a0\u00bb3&Prime; column_width_percent=\u00a0\u00bb100&Prime; shift_y=\u00a0\u00bb0&Prime; z_index=\u00a0\u00bb5&Prime; inverted_device_order=\u00a0\u00bbyes\u00a0\u00bb content_parallax=\u00a0\u00bb0&Prime; uncode_shortcode_id=\u00a0\u00bb155583&Prime; el_class=\u00a0\u00bbfilialen-zeile\u00a0\u00bb][vc_column column_width_percent=\u00a0\u00bb100&Prime; position_horizontal=\u00a0\u00bbleft\u00a0\u00bb gutter_size=\u00a0\u00bb3&Prime; overlay_alpha=\u00a0\u00bb50&Prime; shift_x=\u00a0\u00bb0&Prime; [&hellip;]<\/p>\n","protected":false},"author":1,"featured_media":0,"parent":5264,"menu_order":68,"comment_status":"closed","ping_status":"closed","template":"","meta":{"footnotes":""},"class_list":["post-5279","page","type-page","status-publish","hentry","page_category-systemes"],"yoast_head":"<!-- This site is optimized with the Yoast SEO plugin v27.4 - https:\/\/yoast.com\/product\/yoast-seo-wordpress\/ -->\n<title>RESA-Fissure &#8211; RSAG Suisse<\/title>\n<meta name=\"description\" content=\"Pour la r\u00e9paration professionnelle des fissures, nous utilisons notre syst\u00e8me \u00e9prouv\u00e9 RESA-Fissure. \u00c0 l&#039;aide d&#039;appareils sp\u00e9cialement con\u00e7us, nous pr\u00e9parons les fissures avec pr\u00e9cision et les comblons en suivant des \u00e9tapes de travail bien d\u00e9finies.\" \/>\n<meta name=\"robots\" content=\"index, follow, max-snippet:-1, max-image-preview:large, max-video-preview:-1\" \/>\n<link rel=\"canonical\" href=\"https:\/\/www.rsag-schweiz.ch\/fr\/systemes\/resa-fissure\/\" \/>\n<meta property=\"og:locale\" content=\"fr_FR\" \/>\n<meta property=\"og:type\" content=\"article\" \/>\n<meta property=\"og:title\" content=\"RESA-Fissure &#8211; RSAG Suisse\" \/>\n<meta property=\"og:description\" content=\"Pour la r\u00e9paration professionnelle des fissures, nous utilisons notre syst\u00e8me \u00e9prouv\u00e9 RESA-Fissure. \u00c0 l&#039;aide d&#039;appareils sp\u00e9cialement con\u00e7us, nous pr\u00e9parons les fissures avec pr\u00e9cision et les comblons en suivant des \u00e9tapes de travail bien d\u00e9finies.\" \/>\n<meta property=\"og:url\" content=\"https:\/\/www.rsag-schweiz.ch\/fr\/systemes\/resa-fissure\/\" \/>\n<meta property=\"og:site_name\" content=\"RSAG Suisse\" \/>\n<meta property=\"article:modified_time\" content=\"2025-08-07T15:39:53+00:00\" \/>\n<meta name=\"twitter:card\" content=\"summary_large_image\" \/>\n<meta name=\"twitter:label1\" content=\"Dur\u00e9e de lecture estim\u00e9e\" \/>\n\t<meta name=\"twitter:data1\" content=\"2 minutes\" \/>\n<script type=\"application\/ld+json\" class=\"yoast-schema-graph\">{\"@context\":\"https:\\\/\\\/schema.org\",\"@graph\":[{\"@type\":\"WebPage\",\"@id\":\"https:\\\/\\\/www.rsag-schweiz.ch\\\/fr\\\/systemes\\\/resa-fissure\\\/\",\"url\":\"https:\\\/\\\/www.rsag-schweiz.ch\\\/fr\\\/systemes\\\/resa-fissure\\\/\",\"name\":\"RESA-Fissure &#8211; RSAG Suisse\",\"isPartOf\":{\"@id\":\"https:\\\/\\\/www.rsag-schweiz.ch\\\/fr\\\/#website\"},\"datePublished\":\"2024-11-28T12:49:36+00:00\",\"dateModified\":\"2025-08-07T15:39:53+00:00\",\"description\":\"Pour la r\u00e9paration professionnelle des fissures, nous utilisons notre syst\u00e8me \u00e9prouv\u00e9 RESA-Fissure. \u00c0 l'aide d'appareils sp\u00e9cialement con\u00e7us, nous pr\u00e9parons les fissures avec pr\u00e9cision et les comblons en suivant des \u00e9tapes de travail bien d\u00e9finies.\",\"breadcrumb\":{\"@id\":\"https:\\\/\\\/www.rsag-schweiz.ch\\\/fr\\\/systemes\\\/resa-fissure\\\/#breadcrumb\"},\"inLanguage\":\"fr-FR\",\"potentialAction\":[{\"@type\":\"ReadAction\",\"target\":[\"https:\\\/\\\/www.rsag-schweiz.ch\\\/fr\\\/systemes\\\/resa-fissure\\\/\"]}]},{\"@type\":\"BreadcrumbList\",\"@id\":\"https:\\\/\\\/www.rsag-schweiz.ch\\\/fr\\\/systemes\\\/resa-fissure\\\/#breadcrumb\",\"itemListElement\":[{\"@type\":\"ListItem\",\"position\":1,\"name\":\"Startseite\",\"item\":\"https:\\\/\\\/www.rsag-schweiz.ch\\\/fr\\\/rsag-fr\\\/\"},{\"@type\":\"ListItem\",\"position\":2,\"name\":\"Syst\u00e8mes\",\"item\":\"https:\\\/\\\/www.rsag-schweiz.ch\\\/fr\\\/systemes\\\/\"},{\"@type\":\"ListItem\",\"position\":3,\"name\":\"RESA-Fissure\"}]},{\"@type\":\"WebSite\",\"@id\":\"https:\\\/\\\/www.rsag-schweiz.ch\\\/fr\\\/#website\",\"url\":\"https:\\\/\\\/www.rsag-schweiz.ch\\\/fr\\\/\",\"name\":\"RSAG Schweiz\",\"description\":\"Reparatur- und Sanierungstechnik\",\"publisher\":{\"@id\":\"https:\\\/\\\/www.rsag-schweiz.ch\\\/fr\\\/#organization\"},\"alternateName\":\"RSAG\",\"potentialAction\":[{\"@type\":\"SearchAction\",\"target\":{\"@type\":\"EntryPoint\",\"urlTemplate\":\"https:\\\/\\\/www.rsag-schweiz.ch\\\/fr\\\/?s={search_term_string}\"},\"query-input\":{\"@type\":\"PropertyValueSpecification\",\"valueRequired\":true,\"valueName\":\"search_term_string\"}}],\"inLanguage\":\"fr-FR\"},{\"@type\":\"Organization\",\"@id\":\"https:\\\/\\\/www.rsag-schweiz.ch\\\/fr\\\/#organization\",\"name\":\"RSAG Nord AG\",\"url\":\"https:\\\/\\\/www.rsag-schweiz.ch\\\/fr\\\/\",\"logo\":{\"@type\":\"ImageObject\",\"inLanguage\":\"fr-FR\",\"@id\":\"https:\\\/\\\/www.rsag-schweiz.ch\\\/fr\\\/#\\\/schema\\\/logo\\\/image\\\/\",\"url\":\"https:\\\/\\\/www.rsag-schweiz.ch\\\/wp-content\\\/uploads\\\/2024\\\/10\\\/logo_rsag_favicon.png\",\"contentUrl\":\"https:\\\/\\\/www.rsag-schweiz.ch\\\/wp-content\\\/uploads\\\/2024\\\/10\\\/logo_rsag_favicon.png\",\"width\":512,\"height\":513,\"caption\":\"RSAG Nord AG\"},\"image\":{\"@id\":\"https:\\\/\\\/www.rsag-schweiz.ch\\\/fr\\\/#\\\/schema\\\/logo\\\/image\\\/\"}}]}<\/script>\n<!-- \/ Yoast SEO plugin. -->","yoast_head_json":{"title":"RESA-Fissure &#8211; RSAG Suisse","description":"Pour la r\u00e9paration professionnelle des fissures, nous utilisons notre syst\u00e8me \u00e9prouv\u00e9 RESA-Fissure. \u00c0 l'aide d'appareils sp\u00e9cialement con\u00e7us, nous pr\u00e9parons les fissures avec pr\u00e9cision et les comblons en suivant des \u00e9tapes de travail bien d\u00e9finies.","robots":{"index":"index","follow":"follow","max-snippet":"max-snippet:-1","max-image-preview":"max-image-preview:large","max-video-preview":"max-video-preview:-1"},"canonical":"https:\/\/www.rsag-schweiz.ch\/fr\/systemes\/resa-fissure\/","og_locale":"fr_FR","og_type":"article","og_title":"RESA-Fissure &#8211; RSAG Suisse","og_description":"Pour la r\u00e9paration professionnelle des fissures, nous utilisons notre syst\u00e8me \u00e9prouv\u00e9 RESA-Fissure. \u00c0 l'aide d'appareils sp\u00e9cialement con\u00e7us, nous pr\u00e9parons les fissures avec pr\u00e9cision et les comblons en suivant des \u00e9tapes de travail bien d\u00e9finies.","og_url":"https:\/\/www.rsag-schweiz.ch\/fr\/systemes\/resa-fissure\/","og_site_name":"RSAG Suisse","article_modified_time":"2025-08-07T15:39:53+00:00","twitter_card":"summary_large_image","twitter_misc":{"Dur\u00e9e de lecture estim\u00e9e":"2 minutes"},"schema":{"@context":"https:\/\/schema.org","@graph":[{"@type":"WebPage","@id":"https:\/\/www.rsag-schweiz.ch\/fr\/systemes\/resa-fissure\/","url":"https:\/\/www.rsag-schweiz.ch\/fr\/systemes\/resa-fissure\/","name":"RESA-Fissure &#8211; RSAG Suisse","isPartOf":{"@id":"https:\/\/www.rsag-schweiz.ch\/fr\/#website"},"datePublished":"2024-11-28T12:49:36+00:00","dateModified":"2025-08-07T15:39:53+00:00","description":"Pour la r\u00e9paration professionnelle des fissures, nous utilisons notre syst\u00e8me \u00e9prouv\u00e9 RESA-Fissure. \u00c0 l'aide d'appareils sp\u00e9cialement con\u00e7us, nous pr\u00e9parons les fissures avec pr\u00e9cision et les comblons en suivant des \u00e9tapes de travail bien d\u00e9finies.","breadcrumb":{"@id":"https:\/\/www.rsag-schweiz.ch\/fr\/systemes\/resa-fissure\/#breadcrumb"},"inLanguage":"fr-FR","potentialAction":[{"@type":"ReadAction","target":["https:\/\/www.rsag-schweiz.ch\/fr\/systemes\/resa-fissure\/"]}]},{"@type":"BreadcrumbList","@id":"https:\/\/www.rsag-schweiz.ch\/fr\/systemes\/resa-fissure\/#breadcrumb","itemListElement":[{"@type":"ListItem","position":1,"name":"Startseite","item":"https:\/\/www.rsag-schweiz.ch\/fr\/rsag-fr\/"},{"@type":"ListItem","position":2,"name":"Syst\u00e8mes","item":"https:\/\/www.rsag-schweiz.ch\/fr\/systemes\/"},{"@type":"ListItem","position":3,"name":"RESA-Fissure"}]},{"@type":"WebSite","@id":"https:\/\/www.rsag-schweiz.ch\/fr\/#website","url":"https:\/\/www.rsag-schweiz.ch\/fr\/","name":"RSAG Schweiz","description":"Reparatur- und Sanierungstechnik","publisher":{"@id":"https:\/\/www.rsag-schweiz.ch\/fr\/#organization"},"alternateName":"RSAG","potentialAction":[{"@type":"SearchAction","target":{"@type":"EntryPoint","urlTemplate":"https:\/\/www.rsag-schweiz.ch\/fr\/?s={search_term_string}"},"query-input":{"@type":"PropertyValueSpecification","valueRequired":true,"valueName":"search_term_string"}}],"inLanguage":"fr-FR"},{"@type":"Organization","@id":"https:\/\/www.rsag-schweiz.ch\/fr\/#organization","name":"RSAG Nord AG","url":"https:\/\/www.rsag-schweiz.ch\/fr\/","logo":{"@type":"ImageObject","inLanguage":"fr-FR","@id":"https:\/\/www.rsag-schweiz.ch\/fr\/#\/schema\/logo\/image\/","url":"https:\/\/www.rsag-schweiz.ch\/wp-content\/uploads\/2024\/10\/logo_rsag_favicon.png","contentUrl":"https:\/\/www.rsag-schweiz.ch\/wp-content\/uploads\/2024\/10\/logo_rsag_favicon.png","width":512,"height":513,"caption":"RSAG Nord AG"},"image":{"@id":"https:\/\/www.rsag-schweiz.ch\/fr\/#\/schema\/logo\/image\/"}}]}},"_links":{"self":[{"href":"https:\/\/www.rsag-schweiz.ch\/fr\/wp-json\/wp\/v2\/pages\/5279","targetHints":{"allow":["GET"]}}],"collection":[{"href":"https:\/\/www.rsag-schweiz.ch\/fr\/wp-json\/wp\/v2\/pages"}],"about":[{"href":"https:\/\/www.rsag-schweiz.ch\/fr\/wp-json\/wp\/v2\/types\/page"}],"author":[{"embeddable":true,"href":"https:\/\/www.rsag-schweiz.ch\/fr\/wp-json\/wp\/v2\/users\/1"}],"replies":[{"embeddable":true,"href":"https:\/\/www.rsag-schweiz.ch\/fr\/wp-json\/wp\/v2\/comments?post=5279"}],"version-history":[{"count":13,"href":"https:\/\/www.rsag-schweiz.ch\/fr\/wp-json\/wp\/v2\/pages\/5279\/revisions"}],"predecessor-version":[{"id":6726,"href":"https:\/\/www.rsag-schweiz.ch\/fr\/wp-json\/wp\/v2\/pages\/5279\/revisions\/6726"}],"up":[{"embeddable":true,"href":"https:\/\/www.rsag-schweiz.ch\/fr\/wp-json\/wp\/v2\/pages\/5264"}],"wp:attachment":[{"href":"https:\/\/www.rsag-schweiz.ch\/fr\/wp-json\/wp\/v2\/media?parent=5279"}],"curies":[{"name":"wp","href":"https:\/\/api.w.org\/{rel}","templated":true}]}}