{"id":5285,"date":"2025-03-24T12:55:53","date_gmt":"2025-03-24T11:55:53","guid":{"rendered":"https:\/\/www.rsag-schweiz.ch\/systemes\/resa-phalt\/"},"modified":"2025-08-07T17:42:34","modified_gmt":"2025-08-07T15:42:34","slug":"resa-phalt-fr","status":"publish","type":"page","link":"https:\/\/www.rsag-schweiz.ch\/fr\/systemes\/resa-phalt-fr\/","title":{"rendered":"RESA-<span class=\"titelzeile2\">Phalt<\/span>"},"content":{"rendered":"<div class=\"wpb-content-wrapper\"><p>[vc_row row_height_percent=\u00a0\u00bb0&Prime; override_padding=\u00a0\u00bbyes\u00a0\u00bb h_padding=\u00a0\u00bb2&Prime; top_padding=\u00a0\u00bb0&Prime; bottom_padding=\u00a0\u00bb3&Prime; overlay_alpha=\u00a0\u00bb50&Prime; gutter_size=\u00a0\u00bb3&Prime; column_width_percent=\u00a0\u00bb100&Prime; shift_y=\u00a0\u00bb0&Prime; z_index=\u00a0\u00bb5&Prime; inverted_device_order=\u00a0\u00bbyes\u00a0\u00bb content_parallax=\u00a0\u00bb0&Prime; uncode_shortcode_id=\u00a0\u00bb193075&Prime; el_class=\u00a0\u00bbfilialen-zeile\u00a0\u00bb][vc_column column_width_percent=\u00a0\u00bb100&Prime; position_horizontal=\u00a0\u00bbleft\u00a0\u00bb gutter_size=\u00a0\u00bb3&Prime; overlay_alpha=\u00a0\u00bb50&Prime; shift_x=\u00a0\u00bb0&Prime; shift_y=\u00a0\u00bb0&Prime; shift_y_down=\u00a0\u00bb0&Prime; z_index=\u00a0\u00bb0&Prime; medium_width=\u00a0\u00bb0&Prime; mobile_width=\u00a0\u00bb0&Prime; css_animation=\u00a0\u00bbbottom-t-top\u00a0\u00bb sticky=\u00a0\u00bbyes\u00a0\u00bb width=\u00a0\u00bb1\/3&Prime; uncode_shortcode_id=\u00a0\u00bb173126&Prime; el_class=\u00a0\u00bbfilialen-spalte\u00a0\u00bb][vc_column_text uncode_shortcode_id=\u00a0\u00bb128963&Prime;]<\/p>\n<h3>Contacts RSAG<br \/>\nResa-Phalt<\/h3>\n<p>[\/vc_column_text][vc_empty_space empty_h=\u00a0\u00bb2&Prime; desktop_visibility=\u00a0\u00bbyes\u00a0\u00bb el_class=\u00a0\u00bbspacer_8px\u00a0\u00bb][uncode_index el_id=\u00a0\u00bbindex-153841&Prime; index_type=\u00a0\u00bbcss_grid\u00a0\u00bb loop=\u00a0\u00bbsize:10|order_by:menu_order|order:ASC|post_type:page|tax_query:5|taxonomy_count:10&Prime; grid_items=\u00a0\u00bb2&Prime; screen_lg_items=\u00a0\u00bb2&Prime; screen_lg_breakpoint=\u00a0\u00bb1000&Prime; screen_md_items=\u00a0\u00bb1&Prime; screen_md_breakpoint=\u00a0\u00bb600&Prime; screen_sm_items=\u00a0\u00bb1&Prime; screen_sm_breakpoint=\u00a0\u00bb480&Prime; gutter_size=\u00a0\u00bb3&Prime; css_grid_v_align=\u00a0\u00bbmiddle\u00a0\u00bb css_grid_equal_height=\u00a0\u00bbyes\u00a0\u00bb css_grid_equal_height_bottom=\u00a0\u00bbyes\u00a0\u00bb page_items=\u00a0\u00bbmedia|featured|onpost|original,title,detail-163652,link|default|default_size|not_scale_mobile|default_width|default_outline\u00a0\u00bb single_overlay_opacity=\u00a0\u00bb50&Prime; single_text_visible=\u00a0\u00bbyes\u00a0\u00bb single_text_anim=\u00a0\u00bbno\u00a0\u00bb single_image_anim=\u00a0\u00bbno\u00a0\u00bb single_padding=\u00a0\u00bb2&Prime; single_title_semantic=\u00a0\u00bbp\u00a0\u00bb single_title_family=\u00a0\u00bbfont-490779&Prime; single_border=\u00a0\u00bbyes\u00a0\u00bb uncode_shortcode_id=\u00a0\u00bb213376&Prime; el_class=\u00a0\u00bbfilialen-link schmal\u00a0\u00bb][\/vc_column][vc_column width=\u00a0\u00bb2\/3&Prime;][vc_column_text uncode_shortcode_id=\u00a0\u00bb613448&Prime;]<\/p>\n<p class=\"\" data-start=\"0\" data-end=\"306\">Notre RESA-Phalt est un produit moderne d&rsquo;asphalte \u00e0 haut rendement qui se distingue par sa composition sans solvant ni classe de toxicit\u00e9. Sp\u00e9cialement con\u00e7u pour les travaux de r\u00e9paration, il est id\u00e9al pour \u00e9liminer rapidement et de mani\u00e8re fiable les nids de poule et les dommages mineurs au rev\u00eatement.<\/p>\n<p class=\"\" data-start=\"308\" data-end=\"529\">Gr\u00e2ce \u00e0 sa formulation applicable \u00e0 froid, RESA-Phalt s&rsquo;applique facilement et efficacement sans pr\u00e9paration complexe. Il durcit rapidement, minimise les temps de blocage et permet une ouverture rapide \u00e0 la circulation.<\/p>\n<p>[\/vc_column_text][vc_row_inner row_inner_height_percent=\u00a0\u00bb0&Prime; force_width_grid=\u00a0\u00bbyes\u00a0\u00bb overlay_alpha=\u00a0\u00bb50&Prime; equal_height=\u00a0\u00bbyes\u00a0\u00bb gutter_size=\u00a0\u00bb2&Prime; shift_y=\u00a0\u00bb0&Prime; z_index=\u00a0\u00bb0&Prime; uncode_shortcode_id=\u00a0\u00bb133506&Prime; row_height_pixel=\u00a0\u00bb420&Prime;][vc_column_inner column_width_percent=\u00a0\u00bb100&Prime; gutter_size=\u00a0\u00bb3&Prime; overlay_alpha=\u00a0\u00bb50&Prime; shift_x=\u00a0\u00bb0&Prime; shift_y=\u00a0\u00bb0&Prime; shift_y_down=\u00a0\u00bb0&Prime; z_index=\u00a0\u00bb0&Prime; medium_width=\u00a0\u00bb0&Prime; mobile_width=\u00a0\u00bb0&Prime; width=\u00a0\u00bb1\/1&Prime; uncode_shortcode_id=\u00a0\u00bb370056&Prime;][vc_gallery el_id=\u00a0\u00bbgallery-503633&Prime; type=\u00a0\u00bbcss_grid\u00a0\u00bb medias=\u00a0\u00bb2144,2156&Prime; grid_items=\u00a0\u00bb2&Prime; screen_lg_items=\u00a0\u00bb2&Prime; screen_lg_breakpoint=\u00a0\u00bb1000&Prime; screen_md_items=\u00a0\u00bb2&Prime; screen_md_breakpoint=\u00a0\u00bb600&Prime; screen_sm_items=\u00a0\u00bb2&Prime; screen_sm_breakpoint=\u00a0\u00bb480&Prime; gutter_size=\u00a0\u00bb2&Prime; css_grid_images_size=\u00a0\u00bbone-one\u00a0\u00bb single_overlay_opacity=\u00a0\u00bb50&Prime; single_padding=\u00a0\u00bb2&Prime; no_double_tap=\u00a0\u00bbyes\u00a0\u00bb uncode_shortcode_id=\u00a0\u00bb205945&Prime;][\/vc_column_inner][\/vc_row_inner][\/vc_column][\/vc_row][vc_row row_height_percent=\u00a0\u00bb0&Prime; override_padding=\u00a0\u00bbyes\u00a0\u00bb h_padding=\u00a0\u00bb2&Prime; top_padding=\u00a0\u00bb0&Prime; bottom_padding=\u00a0\u00bb3&Prime; overlay_alpha=\u00a0\u00bb50&Prime; gutter_size=\u00a0\u00bb3&Prime; column_width_percent=\u00a0\u00bb100&Prime; shift_y=\u00a0\u00bb0&Prime; z_index=\u00a0\u00bb0&Prime; content_parallax=\u00a0\u00bb0&Prime; uncode_shortcode_id=\u00a0\u00bb124185&Prime;][vc_column width=\u00a0\u00bb1\/3&Prime;][vc_custom_heading heading_semantic=\u00a0\u00bbh3&Prime; text_size=\u00a0\u00bb\u00a0\u00bb uncode_shortcode_id=\u00a0\u00bb539944&Prime;]Vos avantages[\/vc_custom_heading][\/vc_column][vc_column width=\u00a0\u00bb2\/3&Prime;][vc_column_text uncode_shortcode_id=\u00a0\u00bb212367&Prime;]<\/p>\n<ul>\n<li>application simple et rapide<\/li>\n<li>pas de pr\u00e9paration fastidieuse<\/li>\n<li>durcissement rapide et temps de blocage courts<\/li>\n<li>respectueux de l&rsquo;environnement et sans solvant<\/li>\n<li>durable et \u00e9conomique<\/li>\n<li>disponible directement chez nous<\/li>\n<\/ul>\n<p>Qu&rsquo;il s&rsquo;agisse de conseil, de livraison ou d&rsquo;installation &#8211; chez nous, vous b\u00e9n\u00e9ficiez de tout d\u2019un seul fournisseur. Ou vous pouvez vous procurer le produit exclusivement aupr\u00e8s de nous et l&rsquo;utiliser de mani\u00e8re flexible en fonction de vos besoins.[\/vc_column_text][\/vc_column][\/vc_row][vc_row row_height_percent=\u00a0\u00bb0&Prime; override_padding=\u00a0\u00bbyes\u00a0\u00bb h_padding=\u00a0\u00bb2&Prime; top_padding=\u00a0\u00bb0&Prime; bottom_padding=\u00a0\u00bb6&Prime; overlay_alpha=\u00a0\u00bb50&Prime; equal_height=\u00a0\u00bbjustify\u00a0\u00bb gutter_size=\u00a0\u00bb3&Prime; column_width_percent=\u00a0\u00bb100&Prime; shift_y=\u00a0\u00bb0&Prime; z_index=\u00a0\u00bb5&Prime; content_parallax=\u00a0\u00bb0&Prime; uncode_shortcode_id=\u00a0\u00bb506311&Prime; el_class=\u00a0\u00bbfilialen-zeile hide\u00a0\u00bb][vc_column column_width_percent=\u00a0\u00bb100&Prime; position_horizontal=\u00a0\u00bbleft\u00a0\u00bb gutter_size=\u00a0\u00bb3&Prime; overlay_alpha=\u00a0\u00bb50&Prime; shift_x=\u00a0\u00bb0&Prime; shift_y=\u00a0\u00bb0&Prime; shift_y_down=\u00a0\u00bb0&Prime; z_index=\u00a0\u00bb0&Prime; medium_width=\u00a0\u00bb0&Prime; mobile_width=\u00a0\u00bb0&Prime; css_animation=\u00a0\u00bbbottom-t-top\u00a0\u00bb width=\u00a0\u00bb1\/3&Prime; uncode_shortcode_id=\u00a0\u00bb471487&Prime;][vc_column_text uncode_shortcode_id=\u00a0\u00bb383435&Prime;]<\/p>\n<h3>T\u00e9l\u00e9chargements<\/h3>\n<p>[\/vc_column_text][vc_empty_space empty_h=\u00a0\u00bb2&Prime; desktop_visibility=\u00a0\u00bbyes\u00a0\u00bb el_class=\u00a0\u00bbspacer_8px\u00a0\u00bb][\/vc_column][vc_column width=\u00a0\u00bb2\/3&Prime;][vc_row_inner row_inner_height_percent=\u00a0\u00bb0&Prime; overlay_alpha=\u00a0\u00bb50&Prime; equal_height=\u00a0\u00bbyes\u00a0\u00bb gutter_size=\u00a0\u00bb0&Prime; border_color=\u00a0\u00bbcolor-357110&Prime; border_style=\u00a0\u00bbsolid\u00a0\u00bb shift_y=\u00a0\u00bb0&Prime; z_index=\u00a0\u00bb0&Prime; uncode_shortcode_id=\u00a0\u00bb792525&Prime; css=\u00a0\u00bb.vc_custom_1742389864164{margin-top: 0px !important;border-top-width: 1px !important;border-bottom-width: 1px !important;}\u00a0\u00bb border_color_type=\u00a0\u00bbuncode-palette\u00a0\u00bb el_class=\u00a0\u00bbdownloadzeile\u00a0\u00bb][vc_column_inner column_width_percent=\u00a0\u00bb100&Prime; position_vertical=\u00a0\u00bbmiddle\u00a0\u00bb gutter_size=\u00a0\u00bb3&Prime; overlay_alpha=\u00a0\u00bb50&Prime; shift_x=\u00a0\u00bb0&Prime; shift_y=\u00a0\u00bb0&Prime; shift_y_down=\u00a0\u00bb0&Prime; z_index=\u00a0\u00bb0&Prime; medium_width=\u00a0\u00bb4&Prime; mobile_width=\u00a0\u00bb4&Prime; width=\u00a0\u00bb3\/6&Prime; uncode_shortcode_id=\u00a0\u00bb197332&Prime; el_class=\u00a0\u00bbspalte_1&Prime;][vc_empty_space empty_h=\u00a0\u00bb0&Prime; desktop_visibility=\u00a0\u00bbyes\u00a0\u00bb medium_visibility=\u00a0\u00bbyes\u00a0\u00bb el_class=\u00a0\u00bbdownloadspacer\u00a0\u00bb][vc_column_text text_lead=\u00a0\u00bbyes\u00a0\u00bb uncode_shortcode_id=\u00a0\u00bb179597&Prime;]Brochure RESA-Phalt[\/vc_column_text][\/vc_column_inner][vc_column_inner column_width_percent=\u00a0\u00bb100&Prime; position_vertical=\u00a0\u00bbmiddle\u00a0\u00bb align_horizontal=\u00a0\u00bbalign_right\u00a0\u00bb gutter_size=\u00a0\u00bb3&Prime; overlay_alpha=\u00a0\u00bb50&Prime; shift_x=\u00a0\u00bb0&Prime; shift_y=\u00a0\u00bb0&Prime; shift_y_down=\u00a0\u00bb0&Prime; z_index=\u00a0\u00bb0&Prime; medium_width=\u00a0\u00bb1&Prime; mobile_width=\u00a0\u00bb1&Prime; width=\u00a0\u00bb1\/6&Prime; uncode_shortcode_id=\u00a0\u00bb142140&Prime; el_class=\u00a0\u00bbspalte_2&Prime;][vc_column_text uncode_shortcode_id=\u00a0\u00bb726653&Prime;]PDF (4 MO)[\/vc_column_text][\/vc_column_inner][vc_column_inner column_width_percent=\u00a0\u00bb100&Prime; position_vertical=\u00a0\u00bbmiddle\u00a0\u00bb align_horizontal=\u00a0\u00bbalign_right\u00a0\u00bb gutter_size=\u00a0\u00bb3&Prime; overlay_alpha=\u00a0\u00bb50&Prime; shift_x=\u00a0\u00bb0&Prime; shift_y=\u00a0\u00bb0&Prime; shift_y_down=\u00a0\u00bb0&Prime; z_index=\u00a0\u00bb0&Prime; medium_width=\u00a0\u00bb1&Prime; mobile_width=\u00a0\u00bb1&Prime; width=\u00a0\u00bb2\/6&Prime; uncode_shortcode_id=\u00a0\u00bb176534&Prime; el_class=\u00a0\u00bbspalte_3&Prime;][vc_column_text uncode_shortcode_id=\u00a0\u00bb136557&Prime; el_class=\u00a0\u00bbdownloadbutton\u00a0\u00bb]<a href=\"https:\/\/www.rsag-schweiz.ch\/wp-content\/uploads\/2025\/01\/Prospekt-RESA-RESAPHALT-Kaltasphalt-DE.pdf\" target=\"_blank\" rel=\"noopener\">T\u00e9l\u00e9charger<\/a>[\/vc_column_text][\/vc_column_inner][\/vc_row_inner][\/vc_column][\/vc_row]<\/p>\n<\/div>","protected":false},"excerpt":{"rendered":"<p>[vc_row row_height_percent=\u00a0\u00bb0&Prime; override_padding=\u00a0\u00bbyes\u00a0\u00bb h_padding=\u00a0\u00bb2&Prime; top_padding=\u00a0\u00bb0&Prime; bottom_padding=\u00a0\u00bb3&Prime; overlay_alpha=\u00a0\u00bb50&Prime; gutter_size=\u00a0\u00bb3&Prime; column_width_percent=\u00a0\u00bb100&Prime; shift_y=\u00a0\u00bb0&Prime; z_index=\u00a0\u00bb5&Prime; inverted_device_order=\u00a0\u00bbyes\u00a0\u00bb content_parallax=\u00a0\u00bb0&Prime; uncode_shortcode_id=\u00a0\u00bb193075&Prime; el_class=\u00a0\u00bbfilialen-zeile\u00a0\u00bb][vc_column column_width_percent=\u00a0\u00bb100&Prime; position_horizontal=\u00a0\u00bbleft\u00a0\u00bb gutter_size=\u00a0\u00bb3&Prime; overlay_alpha=\u00a0\u00bb50&Prime; shift_x=\u00a0\u00bb0&Prime; [&hellip;]<\/p>\n","protected":false},"author":4,"featured_media":0,"parent":5264,"menu_order":71,"comment_status":"closed","ping_status":"closed","template":"","meta":{"footnotes":""},"class_list":["post-5285","page","type-page","status-publish","hentry","page_category-systemes"],"yoast_head":"<!-- This site is optimized with the Yoast SEO plugin v27.4 - https:\/\/yoast.com\/product\/yoast-seo-wordpress\/ -->\n<title>RESA-Phalt &#8211; RSAG Suisse<\/title>\n<meta name=\"description\" content=\"Notre RESA-Phalt est un produit moderne d\u2019asphalte \u00e0 haut rendement qui se distingue par sa composition sans solvant ni classe de toxicit\u00e9.\" \/>\n<meta name=\"robots\" content=\"index, follow, max-snippet:-1, max-image-preview:large, max-video-preview:-1\" \/>\n<link rel=\"canonical\" href=\"https:\/\/www.rsag-schweiz.ch\/fr\/systemes\/resa-phalt-fr\/\" \/>\n<meta property=\"og:locale\" content=\"fr_FR\" \/>\n<meta property=\"og:type\" content=\"article\" \/>\n<meta property=\"og:title\" content=\"RESA-Phalt &#8211; RSAG Suisse\" \/>\n<meta property=\"og:description\" content=\"Notre RESA-Phalt est un produit moderne d\u2019asphalte \u00e0 haut rendement qui se distingue par sa composition sans solvant ni classe de toxicit\u00e9.\" \/>\n<meta property=\"og:url\" content=\"https:\/\/www.rsag-schweiz.ch\/fr\/systemes\/resa-phalt-fr\/\" \/>\n<meta property=\"og:site_name\" content=\"RSAG Suisse\" \/>\n<meta property=\"article:modified_time\" content=\"2025-08-07T15:42:34+00:00\" \/>\n<meta name=\"twitter:card\" content=\"summary_large_image\" \/>\n<meta name=\"twitter:label1\" content=\"Dur\u00e9e de lecture estim\u00e9e\" \/>\n\t<meta name=\"twitter:data1\" content=\"2 minutes\" \/>\n<script type=\"application\/ld+json\" class=\"yoast-schema-graph\">{\"@context\":\"https:\\\/\\\/schema.org\",\"@graph\":[{\"@type\":\"WebPage\",\"@id\":\"https:\\\/\\\/www.rsag-schweiz.ch\\\/fr\\\/systemes\\\/resa-phalt-fr\\\/\",\"url\":\"https:\\\/\\\/www.rsag-schweiz.ch\\\/fr\\\/systemes\\\/resa-phalt-fr\\\/\",\"name\":\"RESA-Phalt &#8211; RSAG Suisse\",\"isPartOf\":{\"@id\":\"https:\\\/\\\/www.rsag-schweiz.ch\\\/fr\\\/#website\"},\"datePublished\":\"2025-03-24T11:55:53+00:00\",\"dateModified\":\"2025-08-07T15:42:34+00:00\",\"description\":\"Notre RESA-Phalt est un produit moderne d\u2019asphalte \u00e0 haut rendement qui se distingue par sa composition sans solvant ni classe de toxicit\u00e9.\",\"breadcrumb\":{\"@id\":\"https:\\\/\\\/www.rsag-schweiz.ch\\\/fr\\\/systemes\\\/resa-phalt-fr\\\/#breadcrumb\"},\"inLanguage\":\"fr-FR\",\"potentialAction\":[{\"@type\":\"ReadAction\",\"target\":[\"https:\\\/\\\/www.rsag-schweiz.ch\\\/fr\\\/systemes\\\/resa-phalt-fr\\\/\"]}]},{\"@type\":\"BreadcrumbList\",\"@id\":\"https:\\\/\\\/www.rsag-schweiz.ch\\\/fr\\\/systemes\\\/resa-phalt-fr\\\/#breadcrumb\",\"itemListElement\":[{\"@type\":\"ListItem\",\"position\":1,\"name\":\"Startseite\",\"item\":\"https:\\\/\\\/www.rsag-schweiz.ch\\\/fr\\\/rsag-fr\\\/\"},{\"@type\":\"ListItem\",\"position\":2,\"name\":\"Syst\u00e8mes\",\"item\":\"https:\\\/\\\/www.rsag-schweiz.ch\\\/fr\\\/systemes\\\/\"},{\"@type\":\"ListItem\",\"position\":3,\"name\":\"RESA-Phalt\"}]},{\"@type\":\"WebSite\",\"@id\":\"https:\\\/\\\/www.rsag-schweiz.ch\\\/fr\\\/#website\",\"url\":\"https:\\\/\\\/www.rsag-schweiz.ch\\\/fr\\\/\",\"name\":\"RSAG Schweiz\",\"description\":\"Reparatur- und Sanierungstechnik\",\"publisher\":{\"@id\":\"https:\\\/\\\/www.rsag-schweiz.ch\\\/fr\\\/#organization\"},\"alternateName\":\"RSAG\",\"potentialAction\":[{\"@type\":\"SearchAction\",\"target\":{\"@type\":\"EntryPoint\",\"urlTemplate\":\"https:\\\/\\\/www.rsag-schweiz.ch\\\/fr\\\/?s={search_term_string}\"},\"query-input\":{\"@type\":\"PropertyValueSpecification\",\"valueRequired\":true,\"valueName\":\"search_term_string\"}}],\"inLanguage\":\"fr-FR\"},{\"@type\":\"Organization\",\"@id\":\"https:\\\/\\\/www.rsag-schweiz.ch\\\/fr\\\/#organization\",\"name\":\"RSAG Nord AG\",\"url\":\"https:\\\/\\\/www.rsag-schweiz.ch\\\/fr\\\/\",\"logo\":{\"@type\":\"ImageObject\",\"inLanguage\":\"fr-FR\",\"@id\":\"https:\\\/\\\/www.rsag-schweiz.ch\\\/fr\\\/#\\\/schema\\\/logo\\\/image\\\/\",\"url\":\"https:\\\/\\\/www.rsag-schweiz.ch\\\/wp-content\\\/uploads\\\/2024\\\/10\\\/logo_rsag_favicon.png\",\"contentUrl\":\"https:\\\/\\\/www.rsag-schweiz.ch\\\/wp-content\\\/uploads\\\/2024\\\/10\\\/logo_rsag_favicon.png\",\"width\":512,\"height\":513,\"caption\":\"RSAG Nord AG\"},\"image\":{\"@id\":\"https:\\\/\\\/www.rsag-schweiz.ch\\\/fr\\\/#\\\/schema\\\/logo\\\/image\\\/\"}}]}<\/script>\n<!-- \/ Yoast SEO plugin. -->","yoast_head_json":{"title":"RESA-Phalt &#8211; RSAG Suisse","description":"Notre RESA-Phalt est un produit moderne d\u2019asphalte \u00e0 haut rendement qui se distingue par sa composition sans solvant ni classe de toxicit\u00e9.","robots":{"index":"index","follow":"follow","max-snippet":"max-snippet:-1","max-image-preview":"max-image-preview:large","max-video-preview":"max-video-preview:-1"},"canonical":"https:\/\/www.rsag-schweiz.ch\/fr\/systemes\/resa-phalt-fr\/","og_locale":"fr_FR","og_type":"article","og_title":"RESA-Phalt &#8211; RSAG Suisse","og_description":"Notre RESA-Phalt est un produit moderne d\u2019asphalte \u00e0 haut rendement qui se distingue par sa composition sans solvant ni classe de toxicit\u00e9.","og_url":"https:\/\/www.rsag-schweiz.ch\/fr\/systemes\/resa-phalt-fr\/","og_site_name":"RSAG Suisse","article_modified_time":"2025-08-07T15:42:34+00:00","twitter_card":"summary_large_image","twitter_misc":{"Dur\u00e9e de lecture estim\u00e9e":"2 minutes"},"schema":{"@context":"https:\/\/schema.org","@graph":[{"@type":"WebPage","@id":"https:\/\/www.rsag-schweiz.ch\/fr\/systemes\/resa-phalt-fr\/","url":"https:\/\/www.rsag-schweiz.ch\/fr\/systemes\/resa-phalt-fr\/","name":"RESA-Phalt &#8211; RSAG Suisse","isPartOf":{"@id":"https:\/\/www.rsag-schweiz.ch\/fr\/#website"},"datePublished":"2025-03-24T11:55:53+00:00","dateModified":"2025-08-07T15:42:34+00:00","description":"Notre RESA-Phalt est un produit moderne d\u2019asphalte \u00e0 haut rendement qui se distingue par sa composition sans solvant ni classe de toxicit\u00e9.","breadcrumb":{"@id":"https:\/\/www.rsag-schweiz.ch\/fr\/systemes\/resa-phalt-fr\/#breadcrumb"},"inLanguage":"fr-FR","potentialAction":[{"@type":"ReadAction","target":["https:\/\/www.rsag-schweiz.ch\/fr\/systemes\/resa-phalt-fr\/"]}]},{"@type":"BreadcrumbList","@id":"https:\/\/www.rsag-schweiz.ch\/fr\/systemes\/resa-phalt-fr\/#breadcrumb","itemListElement":[{"@type":"ListItem","position":1,"name":"Startseite","item":"https:\/\/www.rsag-schweiz.ch\/fr\/rsag-fr\/"},{"@type":"ListItem","position":2,"name":"Syst\u00e8mes","item":"https:\/\/www.rsag-schweiz.ch\/fr\/systemes\/"},{"@type":"ListItem","position":3,"name":"RESA-Phalt"}]},{"@type":"WebSite","@id":"https:\/\/www.rsag-schweiz.ch\/fr\/#website","url":"https:\/\/www.rsag-schweiz.ch\/fr\/","name":"RSAG Schweiz","description":"Reparatur- und Sanierungstechnik","publisher":{"@id":"https:\/\/www.rsag-schweiz.ch\/fr\/#organization"},"alternateName":"RSAG","potentialAction":[{"@type":"SearchAction","target":{"@type":"EntryPoint","urlTemplate":"https:\/\/www.rsag-schweiz.ch\/fr\/?s={search_term_string}"},"query-input":{"@type":"PropertyValueSpecification","valueRequired":true,"valueName":"search_term_string"}}],"inLanguage":"fr-FR"},{"@type":"Organization","@id":"https:\/\/www.rsag-schweiz.ch\/fr\/#organization","name":"RSAG Nord AG","url":"https:\/\/www.rsag-schweiz.ch\/fr\/","logo":{"@type":"ImageObject","inLanguage":"fr-FR","@id":"https:\/\/www.rsag-schweiz.ch\/fr\/#\/schema\/logo\/image\/","url":"https:\/\/www.rsag-schweiz.ch\/wp-content\/uploads\/2024\/10\/logo_rsag_favicon.png","contentUrl":"https:\/\/www.rsag-schweiz.ch\/wp-content\/uploads\/2024\/10\/logo_rsag_favicon.png","width":512,"height":513,"caption":"RSAG Nord AG"},"image":{"@id":"https:\/\/www.rsag-schweiz.ch\/fr\/#\/schema\/logo\/image\/"}}]}},"_links":{"self":[{"href":"https:\/\/www.rsag-schweiz.ch\/fr\/wp-json\/wp\/v2\/pages\/5285","targetHints":{"allow":["GET"]}}],"collection":[{"href":"https:\/\/www.rsag-schweiz.ch\/fr\/wp-json\/wp\/v2\/pages"}],"about":[{"href":"https:\/\/www.rsag-schweiz.ch\/fr\/wp-json\/wp\/v2\/types\/page"}],"author":[{"embeddable":true,"href":"https:\/\/www.rsag-schweiz.ch\/fr\/wp-json\/wp\/v2\/users\/4"}],"replies":[{"embeddable":true,"href":"https:\/\/www.rsag-schweiz.ch\/fr\/wp-json\/wp\/v2\/comments?post=5285"}],"version-history":[{"count":19,"href":"https:\/\/www.rsag-schweiz.ch\/fr\/wp-json\/wp\/v2\/pages\/5285\/revisions"}],"predecessor-version":[{"id":6729,"href":"https:\/\/www.rsag-schweiz.ch\/fr\/wp-json\/wp\/v2\/pages\/5285\/revisions\/6729"}],"up":[{"embeddable":true,"href":"https:\/\/www.rsag-schweiz.ch\/fr\/wp-json\/wp\/v2\/pages\/5264"}],"wp:attachment":[{"href":"https:\/\/www.rsag-schweiz.ch\/fr\/wp-json\/wp\/v2\/media?parent=5285"}],"curies":[{"name":"wp","href":"https:\/\/api.w.org\/{rel}","templated":true}]}}